{"id":1061,"date":"2015-02-04T11:55:31","date_gmt":"2015-02-04T10:55:31","guid":{"rendered":"http:\/\/emaa.de\/?page_id=1061"},"modified":"2015-12-18T16:38:10","modified_gmt":"2015-12-18T15:38:10","slug":"professional-information","status":"publish","type":"page","link":"http:\/\/emaa.de\/?page_id=1061","title":{"rendered":"Professional Information"},"content":{"rendered":"<div>\n<h2><a title=\"Links\" href=\"\/?page_id=1059\"><strong><a href=\"http:\/\/emaa.de\/wp-878ef-content\/uploads\/2015\/02\/Jobs.xlsx\">Jobs<\/a>Linklisten<\/strong><\/a><\/h2>\n<\/div>\n<ul>\n<li><a href=\"\/?page_id=1104\">Toplinks<\/a><\/li>\n<li><strong>Professional Information<\/strong><\/li>\n<li><a title=\"Service Websites\" href=\"http:\/\/emaa.de\/?page_id=1062\">Service Websites<\/a><\/li>\n<\/ul>\n<h2>Professional Information:\u00a0Links im Bereich Fachthemen und Service<\/h2>\n<div class=\"tx-sklinklist-pi1\">\n<table style=\"height: 2037px;\" border=\"0\" width=\"628\" cellpadding=\"2\" align=\"left\">\n<tbody>\n<tr>\n<th>URL<\/th>\n<th>Kurzbeschreibung<\/th>\n<th>Beschreibung<\/th>\n<\/tr>\n<tr>\n<td><a href=\"http:\/\/buchhaltungssoftware.de\/\" target=\"_BLANK\">buchhaltungssoftware.de<\/a><\/td>\n<td>Buchhaltungssoftware im Vergleich<\/td>\n<td>N\u00fctzliche Infos und Tipps zur Wahl der richtigen Buchhaltungssoftware.<\/td>\n<\/tr>\n<tr>\n<td><a href=\"http:\/\/www.mastersinaccounting.info\/\">http:\/\/www.mastersinaccounting.info\/<\/a><\/td>\n<td>Masters in Accounting<\/td>\n<td>Masters in Accounting:<br \/>\n1.) <a href=\"http:\/\/www.mastersinaccounting.info\/resources\/masters-degree-career-outlook\/\">Career Outlook<\/a><br \/>\n2.) <a href=\"http:\/\/www.mastersinaccounting.info\/resources\/accounting-scholarships\/\">Scholarships<\/a><br \/>\n3.) <a href=\"http:\/\/www.mastersinaccounting.info\/student-guide-for-earning-a-masters-in-accounting\/\">Student Guide<\/a><br \/>\n4.) <a href=\"http:\/\/www.mastersinaccounting.info\/masters-in-accounting-schools\/\">Schools and Programs<\/a>Your Guide to an Advanced Accounting Degree<\/td>\n<\/tr>\n<tr>\n<td><a href=\"http:\/\/www.bilanzbuchhalter-weiterbildung.de\/\" target=\"_BLANK\">bilanzbuchhalter-weiterbildung&#8230;<\/a><\/td>\n<td>Informationen zur Bilanzbuchhalter Weiterbildung<\/td>\n<td>www.bilanzbuchhalter-weiterbildung.de ist ein Informationsportal \u00fcber die Weiterbildung zum Bilanzbuchhalter.<\/td>\n<\/tr>\n<tr>\n<td><a href=\"http:\/\/www.buchhalter.de\/berufsbild\/buchhalter-bilanzbuchhalter-gehalt\/\" target=\"_BLANK\">buchhalter.de\/berufsbild\/buchh&#8230;<\/a><\/td>\n<td>Was verdient ein Buchhalter?<\/td>\n<td>Auf dieser Seite finden sie n\u00fctzliche Infos zum Gehalt eines Buchhalters \/ Bilanzbuchhalters<\/td>\n<\/tr>\n<tr>\n<td><a href=\"http:\/\/www.controller-akademie.ch\/html\/ifrsias.html\" target=\"_BLANK\">controller-akademie.ch\/html\/if&#8230;<\/a><\/td>\n<td>Diploma as IFRS\/IAS Accountant<\/td>\n<td>Zusammen mit Ernst &amp; Young bietet die Controller Akademie den<\/td>\n<\/tr>\n<tr>\n<td><a href=\"http:\/\/www.controllerspielwiese.de\/\" target=\"_BLANK\">controllerspielwiese.de<\/a><\/td>\n<td>Tummelplatz aller Controllingfans<\/td>\n<td>Ihr Internetportal rund ums Controlling: Kennzahlen, Investitionsrechnung, Leasing, Berichtsvorlagen, Pr\u00e4sentationen und Facharbeiten, Forum, US-GAAP, IAS\/IFRS und HGB, Stellenmarkt, W\u00f6rterbuch, Anbieter- und Beraterverzeichnis, Excel-Tipps und \u2013Trick<\/td>\n<\/tr>\n<tr>\n<td><a href=\"http:\/\/www.huenermund.com\/\" target=\"_BLANK\">huenermund.com<\/a><\/td>\n<td>Ein Wegweiser durch das portugiesische Steuerrecht<\/td>\n<td>Kurzer \u00dcberblick \u00fcber das portugiesische Steuerrecht geben zu k\u00f6nnen. Es erfolgte eine komplette Neubearbeitung nach dem Stand vom 31.12.2002 einschlie\u00dflich des Steuer\u00e4nderungsgesetzes f\u00fcr das Jahr 2003.<\/td>\n<\/tr>\n<tr>\n<td><a href=\"http:\/\/www.ifrsroundtable.com\/\" target=\"_BLANK\">ifrsroundtable.com<\/a><\/td>\n<td>Forum f\u00fcr fachlichen Austausch zu IFRS<\/td>\n<td>Netzwerk aktiver IFRS-Anwender. Fokus: Austausch von praktischen L\u00f6sungsans\u00e4tzen und technischem Wissen bei der IFRS-Anwendung. Networking.<\/td>\n<\/tr>\n<tr>\n<td><a href=\"http:\/\/www.ra-siebelds.de\/xist4c\/web\/italienisches-recht_id_136_.htm\" target=\"_BLANK\">ra-siebelds.de\/xist4c\/web\/ital&#8230;<\/a><\/td>\n<td>Italien &#8211; Recht,<\/td>\n<td>Wir sind seit vielen Jahren als Rechtsanw\u00e4lte mit B\u00fcros in Berlin, Verona und seit kurzem Ancona f\u00fcr unsere Mandanten in ganz Italien auf dem Gebiet des deutsch-italienischen Zivil- und Handelsrechts einschliesslich des Gesellschaftsrechts mit dem Schw<\/td>\n<\/tr>\n<tr>\n<td><a href=\"http:\/\/www.rechnungswesen-portal.de\/\" target=\"_BLANK\">rechnungswesen-portal.de<\/a><\/td>\n<td>Auf www.Rechnungswesenportal.de k\u00f6nnen Sie sich einen \u00dcberblick \u00fcber nahezu den gesamten Markt von Anbietern kaufm\u00e4nnischer Software verschaffen.<\/td>\n<td>Auf www.Rechnungswesen.de k\u00f6nnen Sie sich einen \u00dcberblick \u00fcber nahezu den gesamten Markt von Anbietern kaufm\u00e4nnischer Software (Finanzbuchhaltung, Anlagenbuchhaltung, Konsolidierung, ERP &#8211; Software) verschaffen. Alle Softwareprodukte werden mit umfan<\/td>\n<\/tr>\n<tr>\n<td><a href=\"http:\/\/www.usaforum.de\/\" target=\"_BLANK\">usaforum.de<\/a><\/td>\n<td>Gesch\u00e4ftserfolg in den USA<\/td>\n<td>Seminarangebote und Gesch\u00e4ftsunterst\u00fctzung<\/td>\n<\/tr>\n<tr>\n<td><a href=\"http:\/\/www.f-fb.dk\" target=\"_BLANK\">f-fb.dk<\/a><\/td>\n<td>Foreningen Freelance Bogholdere<\/td>\n<td>Vereinigung von Selbst\u00e4ndiche buchhalter in D\u00e4nemark<\/td>\n<\/tr>\n<\/tbody>\n<\/table>\n<\/div>\n<h2>HINWEIS<\/h2>\n<p>Mit Urteil vom 12. Mai 1998 hat das Landgericht Hamburg entschieden, dass man durch die Ausbringung eines Links die Inhalte der gelinkten Seite ggf. mit zu verantworten hat. Dies kann &#8211; so das LG &#8211; nur dadurch verhindert werden, dass man sich ausdr\u00fccklich von diesen Inhalten distanziert.<\/p>\n<p>Wir haben auf dieser Seite Links zu anderen Seiten im Internet gelegt. F\u00fcr all diese Links gilt: <strong>Wir betonen ausdr\u00fccklich, dass wir keinerlei Einfluss auf die Gestaltung und die Inhalte der gelinkten Seiten haben. Deshalb distanzieren wir uns hiermit ausdr\u00fccklich von allen Inhalten aller gelinkten Seiten auf dieser Homepage und machen uns deren Inhalt nicht zueigen.<\/strong><\/p>\n<p>Diese Erkl\u00e4rung gilt f\u00fcr alle auf unserer Homepage ausgebrachten Links<\/p>\n","protected":false},"excerpt":{"rendered":"<p>JobsLinklisten Toplinks Professional Information Service Websites Professional Information:\u00a0Links im Bereich Fachthemen und Service URL Kurzbeschreibung Beschreibung buchhaltungssoftware.de Buchhaltungssoftware im Vergleich N\u00fctzliche Infos und Tipps zur Wahl der richtigen Buchhaltungssoftware. http:\/\/www.mastersinaccounting.info\/ Masters in Accounting Masters in Accounting: 1.) Career Outlook 2.) Scholarships 3.) Student Guide 4.) Schools and ProgramsYour Guide to an Advanced Accounting Degree bilanzbuchhalter-weiterbildung&#8230; [&hellip;]<\/p>\n","protected":false},"author":1,"featured_media":0,"parent":1059,"menu_order":0,"comment_status":"closed","ping_status":"closed","template":"","meta":{"footnotes":""},"class_list":["post-1061","page","type-page","status-publish","hentry"],"_links":{"self":[{"href":"http:\/\/emaa.de\/index.php?rest_route=\/wp\/v2\/pages\/1061","targetHints":{"allow":["GET"]}}],"collection":[{"href":"http:\/\/emaa.de\/index.php?rest_route=\/wp\/v2\/pages"}],"about":[{"href":"http:\/\/emaa.de\/index.php?rest_route=\/wp\/v2\/types\/page"}],"author":[{"embeddable":true,"href":"http:\/\/emaa.de\/index.php?rest_route=\/wp\/v2\/users\/1"}],"replies":[{"embeddable":true,"href":"http:\/\/emaa.de\/index.php?rest_route=%2Fwp%2Fv2%2Fcomments&post=1061"}],"version-history":[{"count":13,"href":"http:\/\/emaa.de\/index.php?rest_route=\/wp\/v2\/pages\/1061\/revisions"}],"predecessor-version":[{"id":2356,"href":"http:\/\/emaa.de\/index.php?rest_route=\/wp\/v2\/pages\/1061\/revisions\/2356"}],"up":[{"embeddable":true,"href":"http:\/\/emaa.de\/index.php?rest_route=\/wp\/v2\/pages\/1059"}],"wp:attachment":[{"href":"http:\/\/emaa.de\/index.php?rest_route=%2Fwp%2Fv2%2Fmedia&parent=1061"}],"curies":[{"name":"wp","href":"https:\/\/api.w.org\/{rel}","templated":true}]}}