{"id":1062,"date":"2015-02-04T11:56:10","date_gmt":"2015-02-04T10:56:10","guid":{"rendered":"http:\/\/emaa.de\/?page_id=1062"},"modified":"2015-12-18T17:21:54","modified_gmt":"2015-12-18T16:21:54","slug":"service-websites","status":"publish","type":"page","link":"http:\/\/emaa.de\/?page_id=1062","title":{"rendered":"Service Websites"},"content":{"rendered":"<div>\n<h2><a title=\"Links\" href=\"\/?page_id=1059\"><strong>Linklisten<\/strong><\/a><\/h2>\n<\/div>\n<ul>\n<li><a href=\"\/?page_id=1104\">Toplinks<\/a><\/li>\n<li><a title=\"Professional Information\" href=\"http:\/\/emaa.de\/?page_id=1061\">Professional Information<\/a><\/li>\n<li><strong>Service Websites<\/strong><\/li>\n<\/ul>\n<h2>Service Websites:\u00a0Links im Bereich Fachthemen und Service<\/h2>\n<div class=\"tx-sklinklist-pi1\">\n<table border=\"0\" cellpadding=\"2\" align=\"left\">\n<tbody>\n<tr>\n<th>URL<\/th>\n<th>Kurzbeschreibung<\/th>\n<th>Beschreibung<\/th>\n<\/tr>\n<tr>\n<td><a href=\"http:\/\/de.bab.la\/woerterbuch\/deutsch-englisch\/\" target=\"_BLANK\">de.bab.la\/woerterbuch\/deutsch-&#8230;<\/a><\/td>\n<td>Online W\u00f6rterbuch Deutsch-Englisch<\/td>\n<td>bab.la ist ein W\u00f6rterbuch, welches unter anderem auch Lernspiele, Tests, Vokabeltrainer und eine Sammlung der g\u00e4ngigsten Phrasen von Reise bis Gesch\u00e4ftskorrespondenz anbietet.<\/td>\n<\/tr>\n<tr>\n<td><a href=\"http:\/\/www.controllingportal.de\/\" target=\"_BLANK\">Controllingportal.de<\/a><\/td>\n<td>Alles zum Thema Controlling: qualifizierter \u00dcberblick zum Controllingsoftwareangebot, Controllingseminare, Literatur, Fachinformationen, Jobs u.v.a.m.<\/td>\n<td>Das Fachportal f\u00fcr Controllinginteressierte im deutschsprachigen Raum. Nicht zuletzt die zahlreichen f\u00fcr den Nutzer kostenfrei zur Verf\u00fcgung stehenden, st\u00e4ndig aktualisiert und erweiterten Informationen machen die Attraktivit\u00e4t dieses Fachportals aus<\/td>\n<\/tr>\n<tr>\n<td><\/td>\n<td><\/td>\n<td><\/td>\n<\/tr>\n<tr>\n<td><a href=\"http:\/\/www.gcforum.de\/\" target=\"_BLANK\">gcforum.de<\/a><\/td>\n<td>Global Competence Forum ist die Holding des bekannten und seit Jahren im deutschsprachigen Raum etablierten Seminarveranstalters USAforum.<\/td>\n<td>Global Competence Forum organisiert Konferenzen und Trainings zu aktuellen Managementthemen sowie internationale Fachseminare<\/td>\n<\/tr>\n<tr>\n<td><a href=\"http:\/\/www.job-beruf-karriere.de\/\" target=\"_BLANK\">job-beruf-karriere.de<\/a><\/td>\n<td>Job-Beruf-Karriere &#8211; Das deutsche Stellenportal<\/td>\n<td>www.Job-Beruf-Karriere.de &#8211; Jeden Tag&#8230; weil es dein Leben ist !<\/td>\n<\/tr>\n<tr>\n<td><a href=\"http:\/\/www.jobworld.de\/\" target=\"_BLANK\">jobworld.de<\/a><\/td>\n<td>JOBworld.de &#8211; Jobs und Stellenanzeigen von Jobb\u00f6rsen, Zeitungen und Stellenm\u00e4rkten.<\/td>\n<td>JOBworld.de &#8211; Jobs und Stellenanzeigen von Jobb\u00f6rsen, Zeitungen und Stellenm\u00e4rkten.<\/td>\n<\/tr>\n<tr>\n<td><a title=\"Jobs\" href=\"http:\/\/neuvoo.de\/de\">http:\/\/neuvoo.de\/de<\/a><\/td>\n<td>Dienstleistungen Karrieren in Deutschland.<br \/>\nMit insgesamt 30,688 Arbeitsstellen ist die Rubrik dienstleistungen eine der beliebtesten auf neuvoo.de.<\/td>\n<td>\u00a0Jobs und Stellenanzeigen im In &#8211; und Ausland.<\/td>\n<\/tr>\n<tr>\n<td><a href=\"http:\/\/www.rechnungswesen-portal.de\/\" target=\"_BLANK\">rechnungswesen-portal.de<\/a><\/td>\n<td>Auf www.Rechnungswesenportal.de k\u00f6nnen Sie sich einen \u00dcberblick \u00fcber nahezu den gesamten Markt von Anbietern kaufm\u00e4nnischer Software verschaffen.<\/td>\n<td>Auf www.Rechnungswesen.de k\u00f6nnen Sie sich einen \u00dcberblick \u00fcber nahezu den gesamten Markt von Anbietern kaufm\u00e4nnischer Software (Finanzbuchhaltung, Anlagenbuchhaltung, Konsolidierung, ERP &#8211; Software) verschaffen. Alle Softwareprodukte werden mit umfan<\/td>\n<\/tr>\n<tr>\n<td><a href=\"http:\/\/www.startup-erfolg.de\/\" target=\"_BLANK\">startup-erfolg.de<\/a><\/td>\n<td>Info-Plattform f\u00fcr Selbst\u00e4ndige<\/td>\n<td>Know how, Aktuelles, Checklisten f\u00fcr Existenzgr\u00fcnder und Unternehmer<\/td>\n<\/tr>\n<\/tbody>\n<\/table>\n<\/div>\n<h2 class=\"tx-sklinklist-pi1\">HINWEIS<\/h2>\n<p>Mit Urteil vom 12. Mai 1998 hat das Landgericht Hamburg entschieden, dass man durch die Ausbringung eines Links die Inhalte der gelinkten Seite ggf. mit zu verantworten hat. Dies kann &#8211; so das LG &#8211; nur dadurch verhindert werden, dass man sich ausdr\u00fccklich von diesen Inhalten distanziert.<\/p>\n<p>Wir haben auf dieser Seite Links zu anderen Seiten im Internet gelegt. F\u00fcr all diese Links gilt: <strong>Wir betonen ausdr\u00fccklich, dass wir keinerlei Einfluss auf die Gestaltung und die Inhalte der gelinkten Seiten haben. Deshalb distanzieren wir uns hiermit ausdr\u00fccklich von allen Inhalten aller gelinkten Seiten auf dieser Homepage und machen uns deren Inhalt nicht zueigen.<\/strong><\/p>\n<p>Diese Erkl\u00e4rung gilt f\u00fcr alle auf unserer Homepage ausgebrachten Links<\/p>\n","protected":false},"excerpt":{"rendered":"<p>Linklisten Toplinks Professional Information Service Websites Service Websites:\u00a0Links im Bereich Fachthemen und Service URL Kurzbeschreibung Beschreibung de.bab.la\/woerterbuch\/deutsch-&#8230; Online W\u00f6rterbuch Deutsch-Englisch bab.la ist ein W\u00f6rterbuch, welches unter anderem auch Lernspiele, Tests, Vokabeltrainer und eine Sammlung der g\u00e4ngigsten Phrasen von Reise bis Gesch\u00e4ftskorrespondenz anbietet. Controllingportal.de Alles zum Thema Controlling: qualifizierter \u00dcberblick zum Controllingsoftwareangebot, Controllingseminare, Literatur, Fachinformationen, Jobs [&hellip;]<\/p>\n","protected":false},"author":1,"featured_media":0,"parent":1059,"menu_order":0,"comment_status":"closed","ping_status":"closed","template":"","meta":{"footnotes":""},"class_list":["post-1062","page","type-page","status-publish","hentry"],"_links":{"self":[{"href":"http:\/\/emaa.de\/index.php?rest_route=\/wp\/v2\/pages\/1062","targetHints":{"allow":["GET"]}}],"collection":[{"href":"http:\/\/emaa.de\/index.php?rest_route=\/wp\/v2\/pages"}],"about":[{"href":"http:\/\/emaa.de\/index.php?rest_route=\/wp\/v2\/types\/page"}],"author":[{"embeddable":true,"href":"http:\/\/emaa.de\/index.php?rest_route=\/wp\/v2\/users\/1"}],"replies":[{"embeddable":true,"href":"http:\/\/emaa.de\/index.php?rest_route=%2Fwp%2Fv2%2Fcomments&post=1062"}],"version-history":[{"count":19,"href":"http:\/\/emaa.de\/index.php?rest_route=\/wp\/v2\/pages\/1062\/revisions"}],"predecessor-version":[{"id":2361,"href":"http:\/\/emaa.de\/index.php?rest_route=\/wp\/v2\/pages\/1062\/revisions\/2361"}],"up":[{"embeddable":true,"href":"http:\/\/emaa.de\/index.php?rest_route=\/wp\/v2\/pages\/1059"}],"wp:attachment":[{"href":"http:\/\/emaa.de\/index.php?rest_route=%2Fwp%2Fv2%2Fmedia&parent=1062"}],"curies":[{"name":"wp","href":"https:\/\/api.w.org\/{rel}","templated":true}]}}