{"id":149,"date":"2015-01-14T09:06:23","date_gmt":"2015-01-14T08:06:23","guid":{"rendered":"http:\/\/www.emaa.de\/?page_id=149"},"modified":"2018-03-04T14:25:05","modified_gmt":"2018-03-04T13:25:05","slug":"faq","status":"publish","type":"page","link":"http:\/\/emaa.de\/?page_id=149","title":{"rendered":"FAQ"},"content":{"rendered":"<p>Sehr geehrte Damen und Herren,<\/p>\n<p>Seit kurzem bin ich European Management Accountant und m\u00f6chte die Zertifizierungsm\u00f6glichkeit meinen Kollegen\/innen im Rechnungswesen vorstellen.<\/p>\n<p>Zum Verband EMAA habe ich einige Fragen und w\u00e4re Ihnen sehr dankbar, wenn Sie mir diese beantworten w\u00fcrden.<\/p>\n<ol>\n<li>Auf der Internet-Seite der EMAA steht, dass die EMAA eine Dachorganisation der nationalen Bilanzbuchhalter- und Controller-Verb\u00e4nde ist. Zudem sind jedoch nur der deutsche und \u00f6sterreichische Verband als Mitlieder aufgef\u00fchrt. Welche L\u00e4nder deckt nun die EMAA als Dachorgansation ab? Es ist richtig, dass Stand heute Deutschland, Ungarn und \u00d6sterreich als Mitglieder der EMAA vertreten sind. Zur Schweiz und zur Tschechischen Republik besteht dar\u00fcber hinaus ein enger Kontakt. Die L\u00e4nderakquisition l\u00e4uft derzeit in Italien, Liechtenstein, Polen, Niederlande, England, Irland, Slowenien und Slowakei. Wir haben das Ziel, die EMAA in den n\u00e4chsten\u00a0 Jahren auf 8 &#8211; 10 Mitgliederl\u00e4nder zu erweitern. F\u00fcr jede Unterst\u00fctzung bei der Kontaktaufnahme sind wir nat\u00fcrlich sehr dankbar.<\/li>\n<li>In welchen L\u00e4ndern kann der Titel &#8222;European Management Accountant&#8220; momentan erworben werden? Derzeit kann der Titel EMA bei uns in Deutschland und ausschlie\u00dflich bei der EMAA erworben werden. Dieser Titel hat G\u00fcltigkeit in allen europ\u00e4ischen L\u00e4ndern, insbesondere nat\u00fcrlich in unseren Mitgliedsl\u00e4ndern. In unseren Gespr\u00e4chen mit den L\u00e4ndern bieten wir auch die M\u00f6glichkeit an, dass Recht an der Wortbildmarke EMA pauschal bei der EMAA zu erwerben und dann in dem jeweiligen Land selbst zu vermarkten.<\/li>\n<li>Wie viele Kollgen\/Kolleginen tragen den Titel &#8222;European Management Accountants&#8220; in Europa? Die Vermarktung des EMA begann mit der Eintragung beim Patentamt offiziell am 01.05.2010. In Seminaren und Kongressen gibt es erfolgreiche Werbema\u00dfnahmendie zu stetem Wachstum f\u00fchren. Siehe auch das EMA-Titelverzeichnis<\/li>\n<li>In welchen L\u00e4ndern wird es in naher Zukunft\u00a0 m\u00f6glich sein, den Titel EMA zu erwerben?<br \/>\nNeben Deutschland auf jeden Fall in Ungarn und \u00d6sterreich, was aber auch \u00fcber die EMAA e.V. mit Sitz in Deutschland geschieht.<\/li>\n<li>Werden auch VHS-Sprachkurse, wie Franz\u00f6sisch f\u00fcr Anf\u00e4nger, als Weiterbildungsma\u00dfnahme f\u00fcr die Best\u00e4tigung zum EMA anerkannt?<br \/>\nAllgemeine Sprachkurse werden nicht anerkannt. Der Kurs muss mindestens Business-Know-how vermitteln.<\/li>\n<\/ol>\n","protected":false},"excerpt":{"rendered":"<p>Sehr geehrte Damen und Herren, Seit kurzem bin ich European Management Accountant und m\u00f6chte die Zertifizierungsm\u00f6glichkeit meinen Kollegen\/innen im Rechnungswesen vorstellen. Zum Verband EMAA habe ich einige Fragen und w\u00e4re Ihnen sehr dankbar, wenn Sie mir diese beantworten w\u00fcrden. Auf der Internet-Seite der EMAA steht, dass die EMAA eine Dachorganisation der nationalen Bilanzbuchhalter- und Controller-Verb\u00e4nde [&hellip;]<\/p>\n","protected":false},"author":1,"featured_media":0,"parent":109,"menu_order":9,"comment_status":"closed","ping_status":"closed","template":"","meta":{"footnotes":""},"class_list":["post-149","page","type-page","status-publish","hentry"],"_links":{"self":[{"href":"http:\/\/emaa.de\/index.php?rest_route=\/wp\/v2\/pages\/149","targetHints":{"allow":["GET"]}}],"collection":[{"href":"http:\/\/emaa.de\/index.php?rest_route=\/wp\/v2\/pages"}],"about":[{"href":"http:\/\/emaa.de\/index.php?rest_route=\/wp\/v2\/types\/page"}],"author":[{"embeddable":true,"href":"http:\/\/emaa.de\/index.php?rest_route=\/wp\/v2\/users\/1"}],"replies":[{"embeddable":true,"href":"http:\/\/emaa.de\/index.php?rest_route=%2Fwp%2Fv2%2Fcomments&post=149"}],"version-history":[{"count":7,"href":"http:\/\/emaa.de\/index.php?rest_route=\/wp\/v2\/pages\/149\/revisions"}],"predecessor-version":[{"id":2867,"href":"http:\/\/emaa.de\/index.php?rest_route=\/wp\/v2\/pages\/149\/revisions\/2867"}],"up":[{"embeddable":true,"href":"http:\/\/emaa.de\/index.php?rest_route=\/wp\/v2\/pages\/109"}],"wp:attachment":[{"href":"http:\/\/emaa.de\/index.php?rest_route=%2Fwp%2Fv2%2Fmedia&parent=149"}],"curies":[{"name":"wp","href":"https:\/\/api.w.org\/{rel}","templated":true}]}}