{"id":236,"date":"2015-01-14T10:42:48","date_gmt":"2015-01-14T09:42:48","guid":{"rendered":"http:\/\/www.emaa.de\/?page_id=236"},"modified":"2015-03-07T11:08:17","modified_gmt":"2015-03-07T10:08:17","slug":"berufsgrundsaetze-fuer-selbstaendig-taetige-bilanzbuchhalter-im-bvbc-e-v","status":"publish","type":"page","link":"http:\/\/emaa.de\/?page_id=236","title":{"rendered":"Berufsgrunds\u00e4tze f\u00fcr selbst\u00e4ndig t\u00e4tige Bilanzbuchhalter im BVBC e.V."},"content":{"rendered":"<h2><strong>Berufsgrunds\u00e4tze <\/strong><\/h2>\n<h2><strong>f\u00fcr selbstst\u00e4ndig t\u00e4tige Mitglieder des BVBC e.V.<\/strong><\/h2>\n<p><strong>Pr\u00e4ambel<\/strong><\/p>\n<p>Diese Berufsgrunds\u00e4tze bestimmen das Verhalten der selbstst\u00e4ndig t\u00e4tigen Mitglieder des BVBC e.V., nachfolgend Berufsangeh\u00f6rige\/r genannt. In ihren Beziehungen zu Kunden, Interessenten, anderen Berufsangeh\u00f6rigen, dem BVBC und der \u00d6ffentlichtkeit. Die Berufsgrunds\u00e4tze erheben keinen Anspruch auf vollst\u00e4ndige Regelung, sondern sind als Rahmen zu verstehen, innerhalb dessen die Berufsangeh\u00f6rigen ihre T\u00e4tigkeit eigenverantwortlich aus\u00fcben.<\/p>\n<p>Der BVBC erwartet, dass sich alle selbstst\u00e4ndig t\u00e4tigen Mitglieder zur Einhaltung dieser Berufsgrunds\u00e4tze verpflichten.<\/p>\n<p>Die Berufsangeh\u00f6rigen sind berechtigt, das Logo des BVBC zu f\u00fchren.<\/p>\n<ol>\n<li><strong> ALLGEMEINE BERUFSPFLICHTEN<\/strong><\/li>\n<li><strong> Grundsatz<\/strong><\/li>\n<\/ol>\n<p>Der Berufsangeh\u00f6rige\/r hat seine T\u00e4tigkeit kompetent, gewissenhaft und verschwiegen auszu\u00fcben. Er hat die ihm anvertrauten Interessen seiner Auftraggeber sachlich zu vertreten. Inner- und au\u00dferhalb der T\u00e4tigkeit hat er sich der Achtung und des Vertrauens, welche die Stellung erfordert, w\u00fcrdig zu erweisen. Er darf sich keiner unlauteren Mittel bedienen. Der Berufsangeh\u00f6rige\/r hat seinen Mitarbeitern die Berufsgrunds\u00e4tze in geeigneter Form bekannt zu geben und dazu anzuhalten, alles zu unterlassen, was ihm selbst aufgrund dieser Berufsgrunds\u00e4tze untersagt ist.<\/p>\n<ol start=\"2\">\n<li><strong> Fachliche Kompetenz<\/strong><\/li>\n<\/ol>\n<p>Der Berufsangeh\u00f6rige\/r \u00fcbernimmt nur Auftr\u00e4ge, f\u00fcr deren Erf\u00fcllung die erforderlichen F\u00e4higkeiten, Fertigkeiten und personelle\/sachliche Mittel bereitgestellt werden k\u00f6nnen. Schriftstellerische T\u00e4tigkeiten, andere Ver\u00f6ffentlichungen und Vortragst\u00e4tigkeiten m\u00fcssen sachlich und dem Berufsstand angemessen sein.<\/p>\n<ol start=\"3\">\n<li><strong> Seriosit\u00e4t<\/strong><\/li>\n<\/ol>\n<p>Berufsangeh\u00f6rige bieten ihre Leistungen mit realistischen Leistungs- und Kostensch\u00e4tzungen an und halten vereinbarte Termine ein.<\/p>\n<p>Wenn Berufsangeh\u00f6rige ihren Kunden Lieferanten oder andere Unternehmen empfehlen, hat dies ausschlie\u00dflich nach den objektiven Anforderungen des Kunden im Einzelfall zu erfolgen. Vereinbarungen von Provisionen, Aufwandsentsch\u00e4digungen oder dergleichen sind in solchen F\u00e4llen zu unterlassen. Davon ausgenommen sind Materialien oder Dienstleistungen, f\u00fcr die der Berufsangeh\u00f6rige selbst als Vertriebspartner t\u00e4tig ist und dies seinen Kunden auch bekannt gemacht hat.<\/p>\n<ol start=\"4\">\n<li><strong> Vertraulichkeit\/Datenschutz<\/strong><\/li>\n<\/ol>\n<p>Die Berufsangeh\u00f6rigen behandeln alle Daten und Informationen ihrer Auftraggeber strikt vertraulich, insbesondere werden auftragbezogene Informationen und Daten nicht unbefugt an Dritte weitergegeben.<\/p>\n<p>Die Berufsangeh\u00f6rigen verpflichten sich, ihren Gesch\u00e4ftsbetrieb stets so zu organisieren, dass ein H\u00f6chstma\u00df an Datensicherheit und Datenschutz in Bezug auf unberechtigte Zugriffe, Verlust und Missbrauch gew\u00e4hrleistet ist.<\/p>\n<p>Berufsangeh\u00f6rige werden Angaben der Auftraggeber entsprechend den gesetzlichen Bestimmungen nur dann in Projekt- oder Referenzlisten auff\u00fchren, wenn der Auftraggeber dem zugestimmt hat.<\/p>\n<ol>\n<li><strong> VERH\u00c4LTNIS ZUM AUFTRAGGEBER<\/strong><\/li>\n<li><strong> Auftragsannahme<\/strong><\/li>\n<\/ol>\n<p>Die Berufsangeh\u00f6rigen entscheiden eigenverantwortlich \u00fcber die Annahme oder Ablehnung eines Auftrags und akzeptieren in Aus\u00fcbung ihrer T\u00e4tigkeit keine Einschr\u00e4nkung ihrer unternehmerischen Unabh\u00e4ngigkeit durch Dritte.<\/p>\n<p>Auftr\u00e4ge sind abzulehnen, wenn der Berufsangeh\u00f6rige f\u00fcr eine ungesetzliche oder sittenwidrige Handlung in Anspruch genommen werden soll. Dies gilt ebenso f\u00fcr Auftr\u00e4ge, bei denen die Einhaltung der Berufsgrunds\u00e4tze oder die Einhaltung qualitativer Mindeststandards gef\u00e4hrdet sind.<\/p>\n<ol start=\"2\">\n<li><strong> Angemessenes Verhalten<\/strong><\/li>\n<\/ol>\n<p>Berufsangeh\u00f6rige verhalten sich ihrem Berufsstand entsprechend stets seri\u00f6s. Den Wettbewerb mit unfairen oder ungesetzlichen Handlungen zu beeinflussen, wie z.B. Erbringung unentgeltlicher Vorleistungen \u00fcber die Erarbeitung\/Abgabe von Angeboten hinaus oder die ungekennzeichnete Nutzung von Urheberrechten, Konzepten oder Ver\u00f6ffentlichungen Anderer, ist zu unterlassen.<\/p>\n<p>Berufsangeh\u00f6rige empfehlen nur solche Kollegen, deren sachlich\/fachliche Eignung sie einsch\u00e4tzen k\u00f6nnen.<\/p>\n<ol start=\"3\">\n<li><strong> Verschiegenheitspflicht<\/strong><\/li>\n<\/ol>\n<p>Die Pflicht zur Verschwiegenheit ertreckt sich auf alle dem Berufsangeh\u00f6rigen im Rahmen seiner T\u00e4tigkeit f\u00fcr den Mandanten bekannt gewordenen Vorg\u00e4nge, Daten und Informationen. die Pflicht zur Verschwiegenheit besteht auch \u00fcber die Beendigung des Auftragsverh\u00e4ltnisses hinaus und auch dem gegen\u00fcber, dem die betreffenden Tatsachen von anderer Seite mitgeteilt wurden. Grunds\u00e4tzlich ist der Berufsangeh\u00f6rige an die Vorschriften des Bundesdatenschutzgesetzes gebunden. Die Mitarbeiter sind zur Verschwiegenheit zu verpflichten.<\/p>\n<ol start=\"4\">\n<li><strong> Akten und Unterlagen<\/strong><\/li>\n<\/ol>\n<p>Nach Beendigung des Auftrags sind die Unterlagen des Auftraggebers an diesen unverz\u00fcglich herauszugeben, sp\u00e4testens jedoch nach Aufforderung durch den Auftraggeber. Ein gesetzliches oder vertragliches Zur\u00fcckbehaltungsrecht bleibt hiervon unber\u00fchrt.<\/p>\n<ol start=\"5\">\n<li><strong> Beendigung des Auftrags<\/strong><\/li>\n<\/ol>\n<p>Bei K\u00fcndigung eines Auftrags sind in jeden Fall diejenigen Handlungen vorzunehmen, die f\u00fcr den Berufsangeh\u00f6rigen noch zumutbar sind und keinen Aufschub dulden.<\/p>\n<ol start=\"6\">\n<li><strong> Verm\u00f6gensschaden-Haftpflicht-Versicherung<\/strong><\/li>\n<\/ol>\n<p>F\u00fcr die Berufsangeh\u00f6rigen ist der Abschluss einer Verm\u00f6gensschaden-Haftplicht-Versicherung obligatorisch. Dabei ist unter pflichtgem\u00e4\u00dfer Abw\u00e4gung aller sich aus der T\u00e4tigkeit ergebender Risiken und Umst\u00e4nde in eigener Verantwortung zu entscheiden, welche Versicherungssumme angemessen ist. Der BVBC empfiehlt eine Versicherungssumme von mindestens 100.000 EUR f\u00fcr den einzelnen Schadenfall.<\/p>\n<ol start=\"7\">\n<li><strong> Fremdverm\u00f6gen<\/strong><\/li>\n<\/ol>\n<p>Der Berufsangeh\u00f6rige hat besondere Sorgfaltspflichten bei ihm anvertrauten fremden Verm\u00f6genswerten walten zu lassen. Die fremden Verm\u00f6genswerte sind stets von seinem Verm\u00f6gen getrennt zu halten. Befinden sich fremde Verm\u00f6gen in Gewahrsam des Berufsangeh\u00f6rigen, so sind sie wirksam vor dem Zugriff Dritter zu sichern und angemessen zu versichern.<\/p>\n<ol start=\"8\">\n<li><strong> Verg\u00fctungen<\/strong><\/li>\n<\/ol>\n<p>Der Berufsangeh\u00f6rige pr\u00e4zisiert sein Angebot so, dass der Auftraggeber wei\u00df, welche sonstigen Kosten neben dem Honorar in Rechnung gestellt werden. Es besteht keine Verpflichtung zur Anwendung einer bestimmten Honorarordnung.<\/p>\n<ol>\n<li><strong> VERHALTEN GEGEN\u00dcBER BERUFSANGEH\u00d6RIGEN<\/strong><\/li>\n<li><strong> kollegiales Verhalten<\/strong><\/li>\n<\/ol>\n<p>Der Berufsangeh\u00f6rige hat sich kollegial und kooperativ zu verhalten und auf die Interessen der anderen Berufsangeh\u00f6rigen die gebotene R\u00fccksicht zu nehmen.<\/p>\n<p>Wenn ein Berufsangeh\u00f6riger einen Versto\u00df eines anderen Berufsangeh\u00f6rigen gegen diese Berufsgrunds\u00e4tze feststellt, so soll er ihn im direkten Gespr\u00e4ch darauf hinweisen. Dabei ist stets Vertraulichkeit zu wahren.<br \/>\nBei Streitigkeiten unter den Berufsangeh\u00f6rigen sind die Beteiligten verpflichtet, eine g\u00fctliche ausgerichtliche Einigung zu versuchen und erforderlichenfalls eine Vermittlung duch den Verband zu beantragen.<\/p>\n<ol start=\"2\">\n<li><strong> Auftragsschutz<\/strong><\/li>\n<\/ol>\n<p>Jede Ma\u00dfnahme, die geeignet ist, einen Berufsangeh\u00f6rigen aus einem bestehenden Auftrag zu verdr\u00e4ngen, verst\u00f6\u00dft gegen diese Berufsgrunds\u00e4tze. dies gilt auch dann, wenn durch Ausnutzung eines Dritten die Verdr\u00e4ngung umgesetzt oder eingeleitet wird.<\/p>\n<p>Der Berufsangeh\u00f6rige hat sich vor Annahme eines Auftrages \u00fcber bestehende Auftragsverh\u00e4ltnisse zu unterrichten. Ein Auftrag in derselben Sache darf erst angenommen werden, wenn das bisherige Auftragsverh\u00e4ltnis gek\u00fcndigt ist oder nicht mehr besteht, es sei denn, der Auftraggeber w\u00fcnscht die T\u00e4tigkeit mehrerer Berufsangeh\u00f6riger nebeneinander. Bei einem Widerstreit zwischen kollegialer R\u00fccksichtnahme und den Interessen des Auftraggebers geb\u00fchrt den Interessen des Auftraggebers der Vorrang.<\/p>\n<ol start=\"3\">\n<li><strong> Kooperation\/Arbeitsgemeinschaften<\/strong><\/li>\n<\/ol>\n<p>Zur Erf\u00fcllung umfangreicherer oder komplexer Auftr\u00e4ge sind die Berufsangeh\u00f6rigen jederzeit berechtig, zusammen zu arbeiten. Dies hat in rechtlich verbindlicher Form, nicht aber zwingend in gesellschaftsrechtlicher Auspr\u00e4gung, zu geschehen. Die Zusammenarbeit zwischen Berufsangeh\u00f6rigen kann auch mittel Unter-Auftragsverh\u00e4ltnissen vereinbart werden, dabei hat der Unterauftragnehmer dieselben Sorgfalts- und Qualifikationspflichten zu beachten, wie sie gegen\u00fcber dem (Haupt-) Kunden gelten.<\/p>\n<p>Bei diesen gemeinsamen Auftr\u00e4gen sind alle Beteiligten in angemessender Form zu informieren, \u00fcber den Auftragsverlauf auf dem Laufenden zu halten und aktiv zu beteiligen.<\/p>\n<ol start=\"4\">\n<li><strong> Werbung<\/strong><\/li>\n<\/ol>\n<p>Der Berufsangeh\u00f6rige verpflichtet sich zu seri\u00f6sem Verhalten in der Werbung und in der Akquisition und pr\u00e4sentiert seine Qualifikation einzig im Hinblick auf seine F\u00e4higkeiten und seine Erfahrungen. Er ist zur Beachtung der Vorschriften des UWG verpflichtet.<\/p>\n<ol start=\"5\">\n<li><strong> Zusammenschluss mit Angeh\u00f6rigen anderer Berufe<\/strong><\/li>\n<\/ol>\n<p>Es bestehen keine Bedenken, dass der Berufsangeh\u00f6rige mit Angeh\u00f6rigen des rechts- oder steuerberatenden Berufsstandes oder anderen freiberuflichen T\u00e4tigen eine Soziet\u00e4t oder eine B\u00fcrogemeinschaft eingeht. Dabei ist darauf zu achten, dass deren T\u00e4tigkeiten mit dem Berufsstand des Berufsangeh\u00f6rigen vereinbar ist und in der Organisation die Berufsgrunds\u00e4tze anerkannt werden und deren Einhaltung gew\u00e4hrleistet werden kann. Auf die Einhaltung der Datenschutz- und Datensicherheitsstandards ist besonders Augenmerk zu legen.<\/p>\n<ol>\n<li><strong> VERH\u00c4LTNIS GEGEN\u00dcBER DEM BVBC E.V.<\/strong><\/li>\n<li><strong> Allgemein Pflichten<\/strong><\/li>\n<\/ol>\n<p>Der Berufsangeh\u00f6rige ist verpflichtet, die von den Organen des Verbandes im Rahmen der satzungsgem\u00e4\u00dfen Befugnisse getroffenen Regelungen zu befolgen.<\/p>\n<ol start=\"2\">\n<li><strong> Anzeigepflichten<\/strong><\/li>\n<\/ol>\n<p>Dem Verband sind unaufgefordert mitzuteilen:<\/p>\n<ol>\n<li>a) Er\u00f6ffnung eines selbstst\u00e4ndigen Gesch\u00e4ftsbetriebes<\/li>\n<li>b) Verlegung des Betriebes und\/oder des Wohnsitzes<\/li>\n<li>c) Gr\u00fcndung, \u00c4nderung oder Beendigung einer Soziet\u00e4t oder B\u00fcrogemeinschaft<\/li>\n<li>d) die Bestellung in ein \u00f6ffentlich-rechtliches Amt<\/li>\n<li>e) der Erwerb oder Wegfall einer Berufsqualifikation<\/li>\n<li>f) Nachweis \u00fcber den Abschluss einer Verm\u00f6gensschaden-Haftplicht-Versicherung<\/li>\n<li>g) Nachweis \u00fcber die Anzeigepflicht nach dem Bundesdatenschutzgesetz<\/li>\n<\/ol>\n<p>Hamburg, 18.09.2011<\/p>\n<p>&nbsp;<\/p>\n","protected":false},"excerpt":{"rendered":"<p>Berufsgrunds\u00e4tze f\u00fcr selbstst\u00e4ndig t\u00e4tige Mitglieder des BVBC e.V. Pr\u00e4ambel Diese Berufsgrunds\u00e4tze bestimmen das Verhalten der selbstst\u00e4ndig t\u00e4tigen Mitglieder des BVBC e.V., nachfolgend Berufsangeh\u00f6rige\/r genannt. In ihren Beziehungen zu Kunden, Interessenten, anderen Berufsangeh\u00f6rigen, dem BVBC und der \u00d6ffentlichtkeit. Die Berufsgrunds\u00e4tze erheben keinen Anspruch auf vollst\u00e4ndige Regelung, sondern sind als Rahmen zu verstehen, innerhalb dessen die Berufsangeh\u00f6rigen [&hellip;]<\/p>\n","protected":false},"author":1,"featured_media":0,"parent":228,"menu_order":0,"comment_status":"closed","ping_status":"closed","template":"","meta":{"footnotes":""},"class_list":["post-236","page","type-page","status-publish","hentry"],"_links":{"self":[{"href":"http:\/\/emaa.de\/index.php?rest_route=\/wp\/v2\/pages\/236","targetHints":{"allow":["GET"]}}],"collection":[{"href":"http:\/\/emaa.de\/index.php?rest_route=\/wp\/v2\/pages"}],"about":[{"href":"http:\/\/emaa.de\/index.php?rest_route=\/wp\/v2\/types\/page"}],"author":[{"embeddable":true,"href":"http:\/\/emaa.de\/index.php?rest_route=\/wp\/v2\/users\/1"}],"replies":[{"embeddable":true,"href":"http:\/\/emaa.de\/index.php?rest_route=%2Fwp%2Fv2%2Fcomments&post=236"}],"version-history":[{"count":3,"href":"http:\/\/emaa.de\/index.php?rest_route=\/wp\/v2\/pages\/236\/revisions"}],"predecessor-version":[{"id":1990,"href":"http:\/\/emaa.de\/index.php?rest_route=\/wp\/v2\/pages\/236\/revisions\/1990"}],"up":[{"embeddable":true,"href":"http:\/\/emaa.de\/index.php?rest_route=\/wp\/v2\/pages\/228"}],"wp:attachment":[{"href":"http:\/\/emaa.de\/index.php?rest_route=%2Fwp%2Fv2%2Fmedia&parent=236"}],"curies":[{"name":"wp","href":"https:\/\/api.w.org\/{rel}","templated":true}]}}