{"id":240,"date":"2015-01-14T10:45:23","date_gmt":"2015-01-14T09:45:23","guid":{"rendered":"http:\/\/www.emaa.de\/?page_id=240"},"modified":"2015-01-14T10:45:23","modified_gmt":"2015-01-14T09:45:23","slug":"anerkennung-abschluesse-england","status":"publish","type":"page","link":"http:\/\/emaa.de\/?page_id=240","title":{"rendered":"Anerkennung Abschl\u00fcsse &#8211; England"},"content":{"rendered":"<p><b>Anerkennung von Abschl\u00fcssen<\/b><\/p>\n<p>&nbsp;<\/p>\n<p>Wie werden deutsche Abschl\u00fcsse in Gro\u00dfbritannien anerkannt?<\/p>\n<p>In vielen F\u00e4llen entscheidet der Arbeitgeber anhand der Bewerbungsunterlagen, ob die Ausbildung und Qualifikation den Anforderungen entspricht. Allerdings kann sich dies als schwierig gestalten, da die meisten englischen Arbeitgeber nicht nachvollziehen k\u00f6nnen, was sich hinter der deutschen Berufsausbildung und -bezeichnung versteckt. Daher sind Zeugniserkl\u00e4rungen sehr wichtig. Man sollte bei der \u00dcbersetzung der Bewerbungsunterlagen genau darauf achten, dass man falls m\u00f6glich das englische \u00c4quivalent angibt, oder eine m\u00f6glichst genaue \u00dcbersetzung versucht. Falls alles nicht m\u00f6glich ist, kann man versuchen den erworbenen Abschluss oder die jeweilige Ausbildung im englischen zu erkl\u00e4ren, sodass dem Arbeitgeber ein m\u00f6glichst klares Bild vermittelt werden kann.<\/p>\n<p>Hierbei kann die <a href=\"http:\/\/www.europass-info.de\/de\/europass-zeugniserlaeuterung.asp\" target=\"blank\">europass Zeugniserkl\u00e4rung<\/a> helfen.<\/p>\n<p>&nbsp;<\/p>\n<p>Sie beschreibt die l\u00e4nderspezifischen Standards des jeweiligen Ausbildungsberufes.<\/p>\n<p>Ausnahmen gelten jedoch f\u00fcr Berufe, die eine staatliche Anerkennung voraussetzen, wie zum Beispiel Lehrer oder \u00c4rzte. F\u00fcr diese Berufe hat die Europ\u00e4ische Union Richtlinien entwickelt. mit deren Hilfe die gegenseitige Anerkennung geregelt wird. In diesen F\u00e4llen sollte eine Anerkennung vor der Bewerbung geregelt sein.<\/p>\n<p>&nbsp;<\/p>\n<p>F\u00fcr die Anerkennung von Hochschulzugangsqualifikationen gibt es keine speziellen Vereinbarungen zwischen dem Vereinigten K\u00f6nigreich und anderen europ\u00e4ischen Mitgliedsstaaten. Im allgemein erkennt Gro\u00dfbritannien aber Hochschul-zugangsqualifikationen und -Abschl\u00fcsse nach Ma\u00dfgabe der europ\u00e4ischen Konvention \u00fcber die Anerkennung von Qualifikationen im Hochschulbereich in der europ\u00e4ischen Region an. Jedoch kann sich die Anerkennung in manchen F\u00e4llen als recht kompliziert erweisen, da es nat\u00fcrlich Unterschiede zwischen dem englischen Bildungssystem und dem System in andren EU-Mitgliedsstaaten gibt.<\/p>\n<p>&nbsp;<\/p>\n<p><b>Anerkennung von englischen Abschl\u00fcssen in Deutschland<\/b><\/p>\n<p>Dank des Bologna-Prozesses f\u00e4llt die Anerkennung von englischen Studienabschl\u00fcssen in Deutschland weniger schwer. Die erste Abschlussqualifikation ist der Bachelor Degree, der entweder im Bachelor of Arts oder Bachelor of Science verliehen wird. Das Studium dauert im Allgemeinen drei Jahre, in manchen F\u00e4chern kann es jedoch auch ein Jahr l\u00e4nger dauern.<\/p>\n<p>&nbsp;<\/p>\n<hr \/>\n<p>&nbsp;<\/p>\n<p>&nbsp;<\/p>\n<p><b>Studiensystem England<\/b><br \/>\nDie britische Hochschullandschaft besteht aus 112 Universit\u00e4ten und University Sector Colleges sowie 60 Colleges bzw. Institutes of Higher Education. Dazu kommen noch die mit unseren Fachhochschulen vergleichbaren Polytechnics. Da die Universit\u00e4ten sich selbst verwalten, k\u00f6nnen sie auch individuell \u00fcber die Vergabe von Studienpl\u00e4tzen und Abschl\u00fcssen bestimmen. Die Colleges of Higher Education haben ein nicht ganz so hohes Niveau wie die Universit\u00e4ten, sind daf\u00fcr aber auch berufsbezogener. Es gibt zwei Ausnahmen von der Regel: die University of Buckingham, die die einzige Privatuniversit\u00e4t des Landes ist, und die Open University, wo man fast ohne jegliche Voraussetzungen eine Art des Fernstudiums absolvieren kann. Sie ist au\u00dferdem die gr\u00f6\u00dfte bildende Einrichtung Gro\u00dfbritanniens.<br \/>\nWie in vielen anderen englischsprachigen L\u00e4ndern besteht auch in Gro\u00dfbritannien das Studium aus einem Undergraduate- und einem Graduate-Abschnitt, wobei der erste eher allgemein und der zweiter vertiefend gehalten ist.<br \/>\nMeistens schlie\u00dft man das Undergraduate-Studium innerhalb von drei Jahren mit dem Bachelor of Science oder of Arts ab, der bereits berufsqualifizierend ist. Au\u00dferdem gibt es nach bereits zwei Jahren noch das Higher National Diploma (HND), das dazu ausreicht, sich f\u00fcr das letzte Studienjahr eines Bachelorstudienganges zu bewerben. Einige Universit\u00e4ten bieten statt dem HND auch den moderneren University Foundation Degree (UFD) an. Ein paar Ausnahmef\u00e4cher werden mit dem Diploma in Higher Education (DipHE) beendet. Es gilt als gleichwertig zum Bachelorabschluss, dauert aber lediglich zwei Jahre.<br \/>\nNach dem Undergraduate-Studium folgt auf Wunsch das Postgraduate-Studium, dessen gel\u00e4ufigster Abschluss der Master nach einem bis drei Jahren darstellt. Es dient zur Vertiefung des Studienfaches. Alternativ kann auch ein Postgraduate Diploma oder Postgraduate Certificate nach einem Jahr gemacht werden, die nicht ganz so hochwertig wie ein Master sind. Wer einen Master oder einen guten Bachelor gemacht hat, kann bis zum forschungsbasierten Doktortitel weiter studieren.<\/p>\n<p><b>Aufnahmekriterien England Studium<\/b><br \/>\nDas deutsche Abitur oder Fachabitur ist Voraussetzung, um in Gro\u00dfbritannien im Undergraduate-Bereich studieren zu k\u00f6nnen. Um den zweiten Abschluss, einen Master, machen zu d\u00fcrfen, gen\u00fcgt leider nicht die deutsche Zwischenpr\u00fcfung oder das Vordiplom, sondern ein Bachelorabschluss muss vorhanden sein. Dank des Bologna-Prozesses verl\u00e4uft die Anerkennung der deutschen Bachelor- und Masterabschl\u00fcsse in Gro\u00dfbritannien v\u00f6llig problemlos.<\/p>\n<p><b>Bewerbung an Universit\u00e4ten in England<\/b><br \/>\nUm in Gro\u00dfbritannien ein Vollzeitstudium im Undergraduate-Bereich aufnehmen zu k\u00f6nnen, muss man sich zentral beim Universities and Colleges Admissions Service (UCAS). Diejenigen, die dagegen ein Teilzeit- oder Postgraduate-Studium beginnen wollen, muss sich direkt an die jeweilige Universit\u00e4t richten. Zur Bewerbung geh\u00f6rt nat\u00fcrlich das universit\u00e4tseigene Bewerbungsformular, Sprachtests sowie pers\u00f6nlichen Interviews. Auch wenn es f\u00fcr jedes einzelne Fach einen NC gibt, kann die Hochschule individuell \u00fcber eine Aufnahme des Studenten entscheiden.<\/p>\n<p><b>Kosten und Finanzierungen eines England-Studiums<\/b><br \/>\nIm Gegensatz zu Deutschland ist ein Studium in Gro\u00dfbritannien mit etwa \u20ac 1.500 pro Jahr an Studiengeb\u00fchren im Undergraduate-Studium plus relativ hohen Lebenshaltungskosten immer noch wesentlich g\u00fcnstiger als beispielsweise in den USA oder Australien. Au\u00dferdem gibt es viele M\u00f6glichkeiten der finanziellen Unterst\u00fctzung, von Stipendien bis hin zu Auslands-Baf\u00f6g.<\/p>\n<p><b>Anerkennung von Studienleistungen<\/b><br \/>\nEs ist sehr wichtig, dass man sich vor seinem Auslandsaufenthalt mit seiner deutschen Hochschule und dem Pr\u00fcfungsamt ber\u00e4t, welche Studienleistungen nach der R\u00fcckkehr anerkannt werden k\u00f6nnen. Wer an einem Sokrates \/ Erasmus-Austauschprogramm teilnimmt, hat es da ein wenig einfacher, da diese Fragen im Rahmen des Programms meistens bereits geregelt sind. Die Hochschulen, die zum ECTS (European Credit Transfer System) geh\u00f6ren, k\u00f6nnen die erbrachten Studienleistungen gegenseitig anerkennen. Falls man in England einen akademischen Titel erworben hat, darf man ihn nach Anerkennung auch in Deutschland tragen &#8211; aber nur in der Originalfassung, h\u00f6chstens mit deutscher \u00dcbersetzung.<\/p>\n<p><b>Visum und Krankenversicherung f\u00fcr England<\/b><br \/>\nMit einem g\u00fcltigen Personalausweis oder Reisepass kann man sich als EU-B\u00fcrger in Gro\u00dfbritannien aufhalten. Wer einen l\u00e4ngeren Studienaufenthalt plant, sollte aber besser eine Aufenthaltsgenehmigung beantragen.<br \/>\nAlle B\u00fcrger der EU, die sich in Gro\u00dfbritannien aufhalten, sind automatisch durch den National Health Service versichert, sofern sie sich rechtzeitig registrieren lassen.<\/p>\n","protected":false},"excerpt":{"rendered":"<p>Anerkennung von Abschl\u00fcssen &nbsp; Wie werden deutsche Abschl\u00fcsse in Gro\u00dfbritannien anerkannt? In vielen F\u00e4llen entscheidet der Arbeitgeber anhand der Bewerbungsunterlagen, ob die Ausbildung und Qualifikation den Anforderungen entspricht. Allerdings kann sich dies als schwierig gestalten, da die meisten englischen Arbeitgeber nicht nachvollziehen k\u00f6nnen, was sich hinter der deutschen Berufsausbildung und -bezeichnung versteckt. Daher sind Zeugniserkl\u00e4rungen [&hellip;]<\/p>\n","protected":false},"author":1,"featured_media":0,"parent":238,"menu_order":0,"comment_status":"closed","ping_status":"closed","template":"","meta":{"footnotes":""},"class_list":["post-240","page","type-page","status-publish","hentry"],"_links":{"self":[{"href":"http:\/\/emaa.de\/index.php?rest_route=\/wp\/v2\/pages\/240","targetHints":{"allow":["GET"]}}],"collection":[{"href":"http:\/\/emaa.de\/index.php?rest_route=\/wp\/v2\/pages"}],"about":[{"href":"http:\/\/emaa.de\/index.php?rest_route=\/wp\/v2\/types\/page"}],"author":[{"embeddable":true,"href":"http:\/\/emaa.de\/index.php?rest_route=\/wp\/v2\/users\/1"}],"replies":[{"embeddable":true,"href":"http:\/\/emaa.de\/index.php?rest_route=%2Fwp%2Fv2%2Fcomments&post=240"}],"version-history":[{"count":1,"href":"http:\/\/emaa.de\/index.php?rest_route=\/wp\/v2\/pages\/240\/revisions"}],"predecessor-version":[{"id":241,"href":"http:\/\/emaa.de\/index.php?rest_route=\/wp\/v2\/pages\/240\/revisions\/241"}],"up":[{"embeddable":true,"href":"http:\/\/emaa.de\/index.php?rest_route=\/wp\/v2\/pages\/238"}],"wp:attachment":[{"href":"http:\/\/emaa.de\/index.php?rest_route=%2Fwp%2Fv2%2Fmedia&parent=240"}],"curies":[{"name":"wp","href":"https:\/\/api.w.org\/{rel}","templated":true}]}}