{"id":248,"date":"2015-01-14T11:08:34","date_gmt":"2015-01-14T10:08:34","guid":{"rendered":"http:\/\/www.emaa.de\/?page_id=248"},"modified":"2015-01-14T11:08:34","modified_gmt":"2015-01-14T10:08:34","slug":"anerkennung-abschluesse-oesterreich","status":"publish","type":"page","link":"http:\/\/emaa.de\/?page_id=248","title":{"rendered":"Anerkennung Abschl\u00fcsse &#8211; \u00d6sterreich"},"content":{"rendered":"<h1>Berufliche Anerkennung<\/h1>\n<h4><strong><a href=\"http:\/\/portal.wko.at\/wk\/format_detail.wk?angid=1&amp;stid=348368&amp;dstid=0&amp;titel=Anerkennungen%2cvon%2cPr%c3%bcfungen%2cund%2cZeugnissen\" target=\"_blank\">http:\/\/portal.wko.at\/wk\/format_detail.wk?angid=1&amp;stid=348368&amp;dstid=0&amp;titel=Anerkennungen%2cvon%2cPr%c3%bcfungen%2cund%2cZeugnissen<\/a><\/strong><\/h4>\n<h4><strong>H\u00e4ufige Fragen sind:\u00a0<\/strong><\/h4>\n<ul>\n<li>Was kann ich beruflich mit meinem Schulzeugnis anfangen?<\/li>\n<li>Welche Berechtigungen sind mit meiner Pr\u00fcfung verbunden?<\/li>\n<li>Inwieweit wird mein Pr\u00fcfungszeugnis im Ausland anerkannt?<\/li>\n<\/ul>\n<h4><strong>F\u00fcr die L\u00f6sung bedarf es einer Antwort zu der Frage: wof\u00fcr m\u00f6chte ich eine Anerkennung meiner Ausbildung?<\/strong><\/h4>\n<ul>\n<li>F\u00fcr die Zulassung zu einer weiterf\u00fchrenden Ausbildung?<\/li>\n<li>F\u00fcr den Antritt eines Gewerbes?<\/li>\n<li>F\u00fcr die Gehaltseinstufung?<\/li>\n<\/ul>\n<p>Wie aus den Fragestellungen bereits ersichtlich ist, handelt es sich um ein sehr breites Thema.<\/p>\n<p>&nbsp;<\/p>\n<p>&nbsp;<\/p>\n<ol>\n<li><strong>Anerkennung eines Schulabschlusszeugnisses f\u00fcr den Gewerbeantritt<\/strong><\/li>\n<li><strong>Anerkennung ausl\u00e4ndischer Ausbildungen in \u00d6sterreich<\/strong><strong> &#8211; <\/strong><strong>Anerkennung \u00f6sterreichischer Ausbildungen im Ausland<\/strong><\/li>\n<li><strong>Anerkennung ausl\u00e4ndischer Studienabschl\u00fcsse in \u00d6sterreich &#8211; Anerkennung \u00f6sterreichischer Studienabschl\u00fcsse im Ausland<\/strong>\n<p>&nbsp;<\/p>\n<hr \/>\n<\/li>\n<\/ol>\n<h3><strong><a name=\"Gewerbe\"><\/a>1. Anerkennung eines Schulabschlusszeugnisses f\u00fcr den Gewerbeantritt<\/strong><\/h3>\n<p>F\u00fcr viele gewerbliche T\u00e4tigkeiten braucht man einen sogenannten Bef\u00e4higungsnachweis, also eine formelle Ausbildung. F\u00fcr jedes <a href=\"http:\/\/www.bmwfj.gv.at\/NR\/rdonlyres\/2E6C938F-DCAA-42A6-AEFE-860E238A1551\/0\/Unternehmenst%C3%A4tigkeitenreglementierteGewerbe02_09.pdf\" target=\"_blank\">Gewerbe mit Bef\u00e4higungsnachweis<\/a> gibt es eine <a href=\"http:\/\/portal.wko.at\/wk\/format_detail.wk?AngID=1&amp;StID=282428&amp;DstID=0&amp;BrID=6\" target=\"_blank\">Gewerbezugangsverordnung<\/a>.<\/p>\n<p>&nbsp;<\/p>\n<p>Die Gewerbezugangsverordnung legt fest, mit welcher Ausbildung eine Gewerbeberechtigung f\u00fcr ein bestimmtes Gewerbe gel\u00f6st werden kann. F\u00fcr fast alle Gewerbe sind schulische Ausbildungen in Kombination mit Praxiszeiten f\u00fcr den Gewerbezugang vorgesehen.<\/p>\n<p>Das Bundesministerium f\u00fcr Wirtschaft und Arbeit hat mit einem <a href=\"http:\/\/portal.wko.at\/wk\/dok_detail_file.wk?AngID=1&amp;DocID=511220&amp;StID=247143\" target=\"_blank\">Erlass<\/a> pr\u00e4zisiert, welche Schulabschlusszeugnisse f\u00fcr welches Gewerbe f\u00fcr den Gewerbezugang relevant sind.<\/p>\n<p>Schulische Ausbildungen werden auch als <a href=\"http:\/\/portal.wko.at\/?415237\" target=\"_blank\">Ersatz<\/a> der Unternehmerpr\u00fcfung vorgesehen.<\/p>\n<p>Schulische Ausbildungen k\u00f6nnen auch die Ausbilderpr\u00fcfung <a href=\"http:\/\/portal.wko.at\/?415263\" target=\"_blank\">ersetzen<\/a>.<\/p>\n<p>Auch die Meister- und Bef\u00e4higungspr\u00fcfungen, die seit 1.2.2004 gelten, sehen vor, dass bestimmte Schulabsolventen einen geringeren Pr\u00fcfungsumfang ablegen, um zu einem Gesamtzeugnis \u00fcber die Meisterpr\u00fcfung und somit zum Meistertitel zu kommen. Welchen Schulabsolventen das Modul 3 &#8211; schriftliche Pr\u00fcfung einer Meisterpr\u00fcfung &#8211; \u00a0ersetzt wird, ist aus der linken Spalte des Erlasses des Bundesministeriums f\u00fcr Wirtschaft und Arbeit zu entnehmen.<\/p>\n<p>Ansprechpartner zu diesen Themenbereichen finden Sie in den Landesinnungen sowie den Rechtsabteilungen der Landeskammern und den Meisterpr\u00fcfungsstellen.<\/p>\n<div><\/div>\n<h3><strong>2. Anerkennung \u00f6sterreichischer Ausbildungen im Ausland f\u00fcr selbstst\u00e4ndige T\u00e4tigkeiten in \u00d6sterreich-Anerkennung ausl\u00e4ndischer Ausbildungen<\/strong><\/h3>\n<h4><a name=\"\u00d6-A\"><\/a>\u00a0a) Anerkennung \u00f6sterreichischer Ausbildungen im Ausland<\/h4>\n<p>Ausk\u00fcnfte \u00fcber die Anerkennung \u00f6sterreichischer Ausbildungen und Praxiszeiten f\u00fcr eine Unternehmensgr\u00fcndung in einem anderen EU-Mitgliedsstaat erhalten Sie bei der <a href=\"http:\/\/portal.wko.at\/wk\/kontakt_dst.wk?Angid=1&amp;DSTID=670\" target=\"_blank\">Au\u00dfenwirtschaftsCenter der WKO<\/a> des Mitgliedsstaates, in dem Sie Ihr Unternehmen gr\u00fcnden wollen.<\/p>\n<p>&nbsp;<\/p>\n<p>F\u00fcr die gegenseitige Anerkennung von Ausbildungen und Praxiszeiten f\u00fcr die selbstst\u00e4ndige T\u00e4tigkeit im gewerblichen Bereich hat die EU ein einheitliches Formular vorgesehen. Dieses <a href=\"http:\/\/portal.wko.at\/wk\/dok_detail_file.wk?AngID=3&amp;DocID=735117&amp;StID=348371\" target=\"_blank\">Formular<\/a> ist der (Gewerbe) Beh\u00f6rde im Niederlassungsmitgliedsstaat vorzulegen. In \u00d6sterreich haben die Bezirksverwaltungsbeh\u00f6rden einem Unternehmer dieses Formular auszustellen.<\/p>\n<p>Das BMWFJ (Bundesministerium f\u00fcr Wirtschaft, Jugend und Familie) bietet als Beh\u00f6rde ein <a href=\"http:\/\/www.bmwa.gv.at\/NR\/rdonlyres\/5D119965-F6DB-4213-8D13-796C9D74765E\/0\/Antrag373cGewO1994samtGewerbelisteCD.pdf\" target=\"_blank\">Formular<\/a> f\u00fcr die Berufsanerkennung f\u00fcr die Niederlasssung und ein <a href=\"http:\/\/www.bmwa.gv.at\/NR\/rdonlyres\/5D34D74C-AFAB-4F95-A434-932DBE70E132\/0\/Antrag373dGewO1994samtGewerbelisteCD.pdf\" target=\"_blank\">Formular<\/a> f\u00fcr die Berufsanerkennung f\u00fcr das\u00a0grenz\u00fcberschreitende Arbeiten aus einem EU-Mitgliedsstaat an.<\/p>\n<p>Anerkennungsrichtlinien der EU gibt es auch bei freien Berufen, wie z.B. den \u00c4rzten, den Rechtsanw\u00e4lten, den Psychotherapeuten und Psychologen usw. N\u00e4here Ausk\u00fcnfte dazu erhalten Sie bei den gesetzlichen Interessenvertretungen dieser Berufsgruppen, die nicht in der Wirtschaftskammerorganisation organisiert sind.<\/p>\n<p>Die Europ\u00e4ische Kommission hat ein neues Internetportal er\u00f6ffnet: <a target=\"_blank\">\u201eEuropa f\u00fcr Sie \u2013 Unternehmen\u201c<\/a>. Auf diesem erhalten Unternehmen auf einfache Weise Informationen, wenn sie in anderen EU-Mitgliedstaaten t\u00e4tig werden wollen. Sie finden auf dieser Site praktische Informationen in mehreren Sprachen und elektronische Beh\u00f6rdendienste f\u00fcr Unternehmen, die nach Gesch\u00e4ftsm\u00f6glichkeiten in einem anderen EU-Mitgliedstaat suchen.<\/p>\n<p>&nbsp;<\/p>\n<p><a name=\"A-\u00d6\"><\/a>\u00a0b) Anerkennung ausl\u00e4ndischer Ausbildungen in \u00d6sterreich<\/p>\n<p>Die Regelungen der EU \u00fcber die Niederlassungs- und Freiz\u00fcgigkeit sehen vor, dass die Mitgliedsstaaten f\u00fcr selbstst\u00e4ndige T\u00e4tigkeiten diese Grundfreiheiten sicherstellen m\u00fcssen. Staatsangeh\u00f6rige der Mitgliedsstaaten m\u00fcssen zu den gleichen Voraussetzungen zu einer gewerblichen T\u00e4tigkeit in \u00d6sterreich Zugang haben, wie \u00d6sterreicher.<\/p>\n<p>Daher gibt es f\u00fcr den handwerklichen und gewerblichen Bereich zahlreiche EU-Anerkennungsrichtlinien.<\/p>\n<p>\u00d6sterreich hat mit der <a href=\"http:\/\/ris1.bka.gv.at\/Appl\/findbgbl.aspx?name=entwurf&amp;format=pdf&amp;docid=COO_2026_100_2_456192\" target=\"_blank\">EU\/EWR-Anerkennungsverordnung<\/a> sichergestellt, dass EU-Staatsangeh\u00f6rige gegen\u00fcber den eigenen Staatsangeh\u00f6rigen gleich behandelt werden.<\/p>\n<p>N\u00e4here INFO`s zur Nutzung der Dienstleistungsfreiheit und der Niederlasungsfreiheit finden Sie in den nachfolgend verlinkten Merkbl\u00e4ttern sowie den Unterlagen.<\/p>\n<ul>\n<li><a href=\"http:\/\/portal.wko.at\/wk\/format_detail.wk?AngID=1&amp;StID=423583&amp;DstID=0&amp;BrID=516\" target=\"_blank\">Gewerbeaus\u00fcbung durch Ausl\u00e4nder<\/a><\/li>\n<li><a href=\"http:\/\/portal.wko.at\/wk\/format_detail.wk?AngID=1&amp;StID=425288&amp;DstID=0&amp;BrID=516\" target=\"_blank\">Her\u00fcberarbeiten nach \u00d6sterreich<\/a><\/li>\n<li><a href=\"http:\/\/www.bmwa.gv.at\/BMWA\/Schwerpunkte\/Unternehmen\/EUDiplom\/default.htm\" target=\"_blank\">Infosite des BMWFJ<\/a>.<\/li>\n<\/ul>\n<p>Zwischen Deutschland und \u00d6sterreich gibt es ein bilaterales <a href=\"http:\/\/portal.wko.at\/wk\/dok_detail_file.wk?AngID=3&amp;DocID=735127&amp;StID=348375\" target=\"_blank\">Abkommen<\/a> \u00fcber die Gleichhaltung von Meisterpr\u00fcfungen.<\/p>\n<p>F\u00fcr die beh\u00f6rdliche Erledigung ist das <a href=\"http:\/\/www.bmwa.gv.at\/BMWA\/Schwerpunkte\/Unternehmen\/Gewerbe\/DiplomGewerbTaetig\/default.htm\" target=\"_blank\">Bundesministerium f\u00fcr Wirtschaft,\u00a0Familie und Jugend<\/a> zust\u00e4ndig.<\/p>\n<p>Derzeit gibt es \u00fcber die Gleichhaltung von Lehrabschlusspr\u00fcfungen folgende bilaterale Abkommen:<\/p>\n<div><\/div>\n<ul>\n<li><a href=\"http:\/\/www.bmwfj.gv.at\/Berufsausbildung\/LehrlingsUndBerufsausbildung\/Documents\/Berufsbildungsabkommmen%20%C3%96sterreich-Ungarn2.pdf\" target=\"_blank\">\u00d6sterreich und Ungarn<\/a>,<\/li>\n<li><a href=\"http:\/\/www.bmwfj.gv.at\/Berufsausbildung\/LehrlingsUndBerufsausbildung\/Documents\/Verzeichnis-S%C3%BCdtirol_CD.pdf\" target=\"_blank\">\u00d6sterreich und S\u00fcdtirol <\/a>und<\/li>\n<li><a href=\"http:\/\/www.bmwfj.gv.at\/Berufsausbildung\/InternationaleBerufsausbildung\/Documents\/liste_der_gleichwertigen_berufsbildungsabschluesse.pdf\" target=\"_blank\">\u00d6sterreich und Deutschland<\/a><\/li>\n<\/ul>\n<p>Im Ausland absolvierte Berufsausbildungen k\u00f6nnen auf <a href=\"http:\/\/www.bmwfj.gv.at\/NR\/rdonlyres\/5133ABAF-1F44-4FC5-A0FA-3A9F3AB22D27\/0\/Gleichhaltungsantrag_CD_neu2009.pdf\" target=\"_blank\">Antrag<\/a> vom Bundesministerium f\u00fcr Wirtschaft,\u00a0Familie und Jugend mit einer einschl\u00e4gigen Lehrabschlusspr\u00fcfung gleichgehalten werden.<\/p>\n<p>Das Bundesminsiterium f\u00fcr Unterricht, Kunst und Kultur\u00a0(BMUKK) ist zust\u00e4ndig f\u00fcr die Nostrifikation (Anerkennung) von in einem anderen EU Mitgliedsstaat absolvierten Schulausbildungen und gibt dazu folgende <a href=\"http:\/\/www.abc.berufsbildendeschulen.at\/de\/page.asp?id=30\" target=\"_blank\">Informationen<\/a>:<\/p>\n<p><em>&#8222;Die Nostrifikation ausl\u00e4ndischer Zeugnisse beruht auf einem Vergleich der abgelegten Pr\u00fcfungen und des besuchten Unterrichts auf Basis der \u00f6sterreichischen Lehrpl\u00e4ne.\u00a0<\/em><\/p>\n<p><em>Grundvoraussetzung f\u00fcr die Nostrifizierung ist der Hauptwohnsitz in \u00d6sterreich.\u00a0<\/em><\/p>\n<p><em>Falls einzelne Unterrichtsgegenst\u00e4nde oder Lehrstoffgebiete nicht ausreichend nachgewiesen erscheinen, so m\u00fcssen entsprechende Zusatzpr\u00fcfungen vorgeschrieben werden.\u00a0<\/em><\/p>\n<p><em>Einem Ansuchen um Nostrifikation ausl\u00e4ndischer Zeugnisse kann nur dann n\u00e4her getreten werden, wenn es sich um Zeugnisse ausl\u00e4ndischer Schulen handelt, deren Status dem einer <a href=\"http:\/\/www.abc.berufsbildendeschulen.at\/de\/schoolfinder.asp\" target=\"_blank\">\u00f6sterreichischen \u00f6ffentlichen oder mit dem \u00d6ffentlichkeitsrecht ausgestatteten Schule<\/a> entspricht.\u00a0<\/em><\/p>\n<p><em>Falls die staatliche Anerkennung der betreffenden Schule im Ausland nicht einwandfrei aus dem Zeugnis ersichtlich ist, ist ein entsprechender Nachweis seitens der dortigen Schulbeh\u00f6rde zu erbringen.\u00a0<\/em><\/p>\n<p><em>Eine Nostrifikation ist nur bei Zeugnissen m\u00f6glich, auf denen die benoteten Unterrichtsgegenst\u00e4nde aufscheinen. Schulbesuchsbest\u00e4tigungen sind nicht nostrifizierbar.&#8220;<\/em><\/p>\n<div><\/div>\n<div><a href=\"http:\/\/www.abc.berufsbildendeschulen.at\/de\/page.asp?id=30\" target=\"_blank\">Ansprechpartner im BMUKK<\/a>\u00a0zu der Nostrifikation<\/div>\n<div><\/div>\n<ul>\n<li>von Schulabschl\u00fcssen f\u00fcr Lehrberufe, Berufsschulen (schulische Ausbildung),<\/li>\n<li>Technische, gewerbliche und kunstgewerbliche Schulen,<\/li>\n<li>Kaufm\u00e4nnische Schulen,<\/li>\n<li>Humanberufliche Schulen (Mode, Wirtschaft, Tourismus, Sozialakademie, H\u00f6here landwirtschaftliche Schulen),<\/li>\n<li>Bildungsanstalten f\u00fcr Kindergartenp\u00e4dagogik,<\/li>\n<li>Bildungsanstalten f\u00fcr Sozialp\u00e4dagogik und<\/li>\n<li>f\u00fcr Allgemein bildende h\u00f6here Schulen (AHS).<\/li>\n<\/ul>\n<h3><strong><a name=\"Studium\"><\/a>\u00a03. Anerkennung ausl\u00e4ndischer Studienabschl\u00fcsse in \u00d6sterreich-Anerkennung \u00f6sterreichischer Studienabschl\u00fcsse im Ausland<\/strong><\/h3>\n<p>Das National Academic Recognition Information Centre (NARIC-Austria) ist in \u00d6sterreich die offizielle Anlauf- und Kontaktstelle f\u00fcr alle grenz\u00fcberschreitenden Anerkennungsfragen im Hochschulbereich.<\/p>\n<p>&nbsp;<\/p>\n<div>\n<p><a href=\"http:\/\/www.bmwf.gv.at\/submenue\/wissenschaft\/international\/enic_naric_austria\/\" target=\"_blank\">NARIC AUSTRIA<\/a><\/p>\n<p>Bundesministerium f\u00fcr Wissenschaft und Forschung, Abteilung VII\/11<br \/>\nTeinfaltstra\u00dfe 8, A-1014 Wien<br \/>\nT: (0043\/1) 53120\/5920<br \/>\nF: (0043\/1) 53120\/81\/5920<\/p>\n<p>&nbsp;<\/p>\n<\/div>\n<p>Praktische Hinweise:<\/p>\n<p>In der Anerkennungspraxis ist es zun\u00e4chst hilfreich, zwischen\u00a0inhaltlich-fachlicher Anerkennung f\u00fcr die Berufsaus\u00fcbung\u00a0und\u00a0Anerkennung des akademischen Titels unterscheiden, weil sich die jeweils anzuwendenden Verfahren untersschiedlich sind. Vielfach reicht es in der Praxis jedoch aus, sich lediglich Informationen \u00fcber ausl\u00e4ndische Hochschulsysteme zu verschaffen bzw. Detailinformationen \u00fcber Studieng\u00e4nge oder fremdartig anmutende akademische Grade in Erfahrung zu bringen, um sich richtig einordnen zu k\u00f6nnen.<\/p>\n<p>Die \u00fcberwiegende Mehrzahl all dieser Fragen l\u00e4sst sich im Wege einer einfachen Recherche im Internet beantworten &#8211;\u00a0wir verweisen hierzu auf die beiden folgenden Adressen:<\/p>\n<ul>\n<li><a href=\"http:\/\/www.anabin.de\/\" target=\"_blank\">ANABIN<\/a><\/li>\n<\/ul>\n<div><\/div>\n<div>Das BMWF bietet zahlreiche <a href=\"http:\/\/www.bmwf.gv.at\/wissenschaft\/international\/enic_naric_austria\/anerkennungslinks\/\" target=\"_blank\">Links<\/a> und <a href=\"http:\/\/www.bmwf.gv.at\/wissenschaft\/international\/enic_naric_austria\/ansprechpartner\/\" target=\"_blank\">Ansprechpartner<\/a> zum Thema Anerkennung ausl\u00e4ndischer terti\u00e4rer Bildungsabschl\u00fcsse.<\/div>\n<div><\/div>\n<div><strong>Berufliche Anerkennung<\/strong><\/div>\n<div><\/div>\n<p>Berufliche Anerkennung bedeutet, dass Personen, die mit dieser Ausbildung in ihrem Herkunftsstaat zur Aus\u00fcbung eines bestimmten Berufes berechtigt sind, diesen auch in einem anderen Staat unmittelbar aus\u00fcben k\u00f6nnen. Die berufliche Anerkennung von Diplomen spielt besonders im Europ\u00e4ischen Wirtschaftsraum eine gro\u00dfe Rolle und ist durch verschiedene EU-Richtlinien geregelt.<\/p>\n<p>Links zu folgenden Themen der beruflichen Anerkennung erhalten Sie auf\u00a0den Homepages der zust\u00e4ndigen Bundesministerien bzw. der Homepage des europ. Parlaments.<\/p>\n","protected":false},"excerpt":{"rendered":"<p>Berufliche Anerkennung http:\/\/portal.wko.at\/wk\/format_detail.wk?angid=1&amp;stid=348368&amp;dstid=0&amp;titel=Anerkennungen%2cvon%2cPr%c3%bcfungen%2cund%2cZeugnissen H\u00e4ufige Fragen sind:\u00a0 Was kann ich beruflich mit meinem Schulzeugnis anfangen? Welche Berechtigungen sind mit meiner Pr\u00fcfung verbunden? Inwieweit wird mein Pr\u00fcfungszeugnis im Ausland anerkannt? F\u00fcr die L\u00f6sung bedarf es einer Antwort zu der Frage: wof\u00fcr m\u00f6chte ich eine Anerkennung meiner Ausbildung? F\u00fcr die Zulassung zu einer weiterf\u00fchrenden Ausbildung? F\u00fcr den Antritt [&hellip;]<\/p>\n","protected":false},"author":1,"featured_media":0,"parent":238,"menu_order":0,"comment_status":"closed","ping_status":"closed","template":"","meta":{"footnotes":""},"class_list":["post-248","page","type-page","status-publish","hentry"],"_links":{"self":[{"href":"http:\/\/emaa.de\/index.php?rest_route=\/wp\/v2\/pages\/248","targetHints":{"allow":["GET"]}}],"collection":[{"href":"http:\/\/emaa.de\/index.php?rest_route=\/wp\/v2\/pages"}],"about":[{"href":"http:\/\/emaa.de\/index.php?rest_route=\/wp\/v2\/types\/page"}],"author":[{"embeddable":true,"href":"http:\/\/emaa.de\/index.php?rest_route=\/wp\/v2\/users\/1"}],"replies":[{"embeddable":true,"href":"http:\/\/emaa.de\/index.php?rest_route=%2Fwp%2Fv2%2Fcomments&post=248"}],"version-history":[{"count":1,"href":"http:\/\/emaa.de\/index.php?rest_route=\/wp\/v2\/pages\/248\/revisions"}],"predecessor-version":[{"id":249,"href":"http:\/\/emaa.de\/index.php?rest_route=\/wp\/v2\/pages\/248\/revisions\/249"}],"up":[{"embeddable":true,"href":"http:\/\/emaa.de\/index.php?rest_route=\/wp\/v2\/pages\/238"}],"wp:attachment":[{"href":"http:\/\/emaa.de\/index.php?rest_route=%2Fwp%2Fv2%2Fmedia&parent=248"}],"curies":[{"name":"wp","href":"https:\/\/api.w.org\/{rel}","templated":true}]}}