{"id":283,"date":"2015-01-14T11:31:07","date_gmt":"2015-01-14T10:31:07","guid":{"rendered":"http:\/\/www.emaa.de\/?page_id=283"},"modified":"2015-05-02T16:07:45","modified_gmt":"2015-05-02T15:07:45","slug":"ifrs","status":"publish","type":"page","link":"http:\/\/emaa.de\/?page_id=283","title":{"rendered":"IFRS"},"content":{"rendered":"<table border=\"0\" cellspacing=\"2\" cellpadding=\"0\">\n<tbody>\n<tr>\n<td valign=\"top\"><img decoding=\"async\" src=\"http:\/\/www.emaa.de\/wp-878ef-content\/uploads\/2015\/02\/dot.gif\" alt=\"\" hspace=\"4\" vspace=\"4\" \/><\/td>\n<td valign=\"top\">\n<div class=\"bulletlist\">English Deutsch<\/div>\n<\/td>\n<\/tr>\n<tr>\n<td valign=\"top\"><img decoding=\"async\" src=\"http:\/\/www.emaa.de\/wp-878ef-content\/uploads\/2015\/02\/dot.gif\" alt=\"\" hspace=\"4\" vspace=\"4\" \/><\/td>\n<td valign=\"top\"><\/td>\n<\/tr>\n<tr>\n<td valign=\"top\"><img decoding=\"async\" src=\"http:\/\/www.emaa.de\/wp-878ef-content\/uploads\/2015\/02\/dot.gif\" alt=\"\" hspace=\"4\" vspace=\"4\" \/><\/td>\n<td valign=\"top\">\n<div class=\"bulletlist\">International Financial Reporting Standards Internationale Standards f\u00fcr die Finanzberichterstattung<\/div>\n<\/td>\n<\/tr>\n<tr>\n<td valign=\"top\"><img decoding=\"async\" src=\"http:\/\/www.emaa.de\/wp-878ef-content\/uploads\/2015\/02\/dot.gif\" alt=\"\" hspace=\"4\" vspace=\"4\" \/><\/td>\n<td valign=\"top\"><\/td>\n<\/tr>\n<tr>\n<td valign=\"top\"><img decoding=\"async\" src=\"http:\/\/www.emaa.de\/wp-878ef-content\/uploads\/2015\/02\/dot.gif\" alt=\"\" hspace=\"4\" vspace=\"4\" \/><\/td>\n<td valign=\"top\">\n<div class=\"bulletlist\">Chief Executive Officer Gesch\u00e4ftsf\u00fchrer<\/div>\n<\/td>\n<\/tr>\n<tr>\n<td valign=\"top\"><img decoding=\"async\" src=\"http:\/\/www.emaa.de\/wp-878ef-content\/uploads\/2015\/02\/dot.gif\" alt=\"\" hspace=\"4\" vspace=\"4\" \/><\/td>\n<td valign=\"top\">\n<div class=\"bulletlist\">Chief Financial Officer Finanzchef<\/div>\n<\/td>\n<\/tr>\n<tr>\n<td valign=\"top\"><img decoding=\"async\" src=\"http:\/\/www.emaa.de\/wp-878ef-content\/uploads\/2015\/02\/dot.gif\" alt=\"\" hspace=\"4\" vspace=\"4\" \/><\/td>\n<td valign=\"top\">\n<div class=\"bulletlist\">Employees Mitarbeiter<\/div>\n<\/td>\n<\/tr>\n<tr>\n<td valign=\"top\"><img decoding=\"async\" src=\"http:\/\/www.emaa.de\/wp-878ef-content\/uploads\/2015\/02\/dot.gif\" alt=\"\" hspace=\"4\" vspace=\"4\" \/><\/td>\n<td valign=\"top\">\n<div class=\"bulletlist\">Journalist Journalist<\/div>\n<\/td>\n<\/tr>\n<tr>\n<td valign=\"top\"><img decoding=\"async\" src=\"http:\/\/www.emaa.de\/wp-878ef-content\/uploads\/2015\/02\/dot.gif\" alt=\"\" hspace=\"4\" vspace=\"4\" \/><\/td>\n<td valign=\"top\">\n<div class=\"bulletlist\">Shareholder Aktion\u00e4r<\/div>\n<\/td>\n<\/tr>\n<tr>\n<td valign=\"top\"><img decoding=\"async\" src=\"http:\/\/www.emaa.de\/wp-878ef-content\/uploads\/2015\/02\/dot.gif\" alt=\"\" hspace=\"4\" vspace=\"4\" \/><\/td>\n<td valign=\"top\">\n<div class=\"bulletlist\">Stakeholder Interessensvertreter<\/div>\n<\/td>\n<\/tr>\n<tr>\n<td valign=\"top\"><img decoding=\"async\" src=\"http:\/\/www.emaa.de\/wp-878ef-content\/uploads\/2015\/02\/dot.gif\" alt=\"\" hspace=\"4\" vspace=\"4\" \/><\/td>\n<td valign=\"top\"><\/td>\n<\/tr>\n<tr>\n<td valign=\"top\"><img decoding=\"async\" src=\"http:\/\/www.emaa.de\/wp-878ef-content\/uploads\/2015\/02\/dot.gif\" alt=\"\" hspace=\"4\" vspace=\"4\" \/><\/td>\n<td valign=\"top\">\n<div class=\"bulletlist\">Assets Verm\u00f6genswerte<\/div>\n<\/td>\n<\/tr>\n<tr>\n<td valign=\"top\"><img decoding=\"async\" src=\"http:\/\/www.emaa.de\/wp-878ef-content\/uploads\/2015\/02\/dot.gif\" alt=\"\" hspace=\"4\" vspace=\"4\" \/><\/td>\n<td valign=\"top\">\n<div class=\"bulletlist\">Equity Eigenkapital<\/div>\n<\/td>\n<\/tr>\n<tr>\n<td valign=\"top\"><img decoding=\"async\" src=\"http:\/\/www.emaa.de\/wp-878ef-content\/uploads\/2015\/02\/dot.gif\" alt=\"\" hspace=\"4\" vspace=\"4\" \/><\/td>\n<td valign=\"top\">\n<div class=\"bulletlist\">Expense Aufwendungen<\/div>\n<\/td>\n<\/tr>\n<tr>\n<td valign=\"top\"><img decoding=\"async\" src=\"http:\/\/www.emaa.de\/wp-878ef-content\/uploads\/2015\/02\/dot.gif\" alt=\"\" hspace=\"4\" vspace=\"4\" \/><\/td>\n<td valign=\"top\">\n<div class=\"bulletlist\">Income Ertr\u00e4ge<\/div>\n<\/td>\n<\/tr>\n<tr>\n<td valign=\"top\"><img decoding=\"async\" src=\"http:\/\/www.emaa.de\/wp-878ef-content\/uploads\/2015\/02\/dot.gif\" alt=\"\" hspace=\"4\" vspace=\"4\" \/><\/td>\n<td valign=\"top\">\n<div class=\"bulletlist\">Liabilities Schulden<\/div>\n<\/td>\n<\/tr>\n<tr>\n<td valign=\"top\"><img decoding=\"async\" src=\"http:\/\/www.emaa.de\/wp-878ef-content\/uploads\/2015\/02\/dot.gif\" alt=\"\" hspace=\"4\" vspace=\"4\" \/><\/td>\n<td valign=\"top\">\n<div class=\"bulletlist\">Net Assets Eigenkapital<\/div>\n<\/td>\n<\/tr>\n<tr>\n<td valign=\"top\"><img decoding=\"async\" src=\"http:\/\/www.emaa.de\/wp-878ef-content\/uploads\/2015\/02\/dot.gif\" alt=\"\" hspace=\"4\" vspace=\"4\" \/><\/td>\n<td valign=\"top\">\n<div class=\"bulletlist\">Revenue Umsatz<\/div>\n<\/td>\n<\/tr>\n<tr>\n<td valign=\"top\"><img decoding=\"async\" src=\"http:\/\/www.emaa.de\/wp-878ef-content\/uploads\/2015\/02\/dot.gif\" alt=\"\" hspace=\"4\" vspace=\"4\" \/><\/td>\n<td valign=\"top\"><\/td>\n<\/tr>\n<tr>\n<td valign=\"top\"><img decoding=\"async\" src=\"http:\/\/www.emaa.de\/wp-878ef-content\/uploads\/2015\/02\/dot.gif\" alt=\"\" hspace=\"4\" vspace=\"4\" \/><\/td>\n<td valign=\"top\">\n<div class=\"bulletlist\">Annual Report Jahresabschluss<\/div>\n<\/td>\n<\/tr>\n<tr>\n<td valign=\"top\"><img decoding=\"async\" src=\"http:\/\/www.emaa.de\/wp-878ef-content\/uploads\/2015\/02\/dot.gif\" alt=\"\" hspace=\"4\" vspace=\"4\" \/><\/td>\n<td valign=\"top\">\n<div class=\"bulletlist\">Dividend per Share Dividende pro Aktie<\/div>\n<\/td>\n<\/tr>\n<tr>\n<td valign=\"top\"><img decoding=\"async\" src=\"http:\/\/www.emaa.de\/wp-878ef-content\/uploads\/2015\/02\/dot.gif\" alt=\"\" hspace=\"4\" vspace=\"4\" \/><\/td>\n<td valign=\"top\">\n<div class=\"bulletlist\">Earnings per Share Gewinn pro Aktie<\/div>\n<\/td>\n<\/tr>\n<tr>\n<td valign=\"top\"><img decoding=\"async\" src=\"http:\/\/www.emaa.de\/wp-878ef-content\/uploads\/2015\/02\/dot.gif\" alt=\"\" hspace=\"4\" vspace=\"4\" \/><\/td>\n<td valign=\"top\">\n<div class=\"bulletlist\">Operating Profit operativer Gewinn<\/div>\n<\/td>\n<\/tr>\n<tr>\n<td valign=\"top\"><img decoding=\"async\" src=\"http:\/\/www.emaa.de\/wp-878ef-content\/uploads\/2015\/02\/dot.gif\" alt=\"\" hspace=\"4\" vspace=\"4\" \/><\/td>\n<td valign=\"top\">\n<div class=\"bulletlist\">Profit before Tax Gewinn vor Steuern<\/div>\n<\/td>\n<\/tr>\n<tr>\n<td valign=\"top\"><img decoding=\"async\" src=\"http:\/\/www.emaa.de\/wp-878ef-content\/uploads\/2015\/02\/dot.gif\" alt=\"\" hspace=\"4\" vspace=\"4\" \/><\/td>\n<td valign=\"top\">\n<div class=\"bulletlist\">Return on Equity Eigenkapitalrendite<\/div>\n<\/td>\n<\/tr>\n<tr>\n<td valign=\"top\"><img decoding=\"async\" src=\"http:\/\/www.emaa.de\/wp-878ef-content\/uploads\/2015\/02\/dot.gif\" alt=\"\" hspace=\"4\" vspace=\"4\" \/><\/td>\n<td valign=\"top\"><\/td>\n<\/tr>\n<tr>\n<td valign=\"top\"><img decoding=\"async\" src=\"http:\/\/www.emaa.de\/wp-878ef-content\/uploads\/2015\/02\/dot.gif\" alt=\"\" hspace=\"4\" vspace=\"4\" \/><\/td>\n<td valign=\"top\">\n<div class=\"bulletlist\">Acquisition \u00dcbernahme \/ Kauf (eines Unternehmens)<\/div>\n<\/td>\n<\/tr>\n<tr>\n<td valign=\"top\"><img decoding=\"async\" src=\"http:\/\/www.emaa.de\/wp-878ef-content\/uploads\/2015\/02\/dot.gif\" alt=\"\" hspace=\"4\" vspace=\"4\" \/><\/td>\n<td valign=\"top\">\n<div class=\"bulletlist\">Amortization Abschreibung (eines Verm\u00f6genswertes)<\/div>\n<\/td>\n<\/tr>\n<tr>\n<td valign=\"top\"><img decoding=\"async\" src=\"http:\/\/www.emaa.de\/wp-878ef-content\/uploads\/2015\/02\/dot.gif\" alt=\"\" hspace=\"4\" vspace=\"4\" \/><\/td>\n<td valign=\"top\">\n<div class=\"bulletlist\">Capitalization Aktivierung (eines Verm\u00f6genswertes)<\/div>\n<\/td>\n<\/tr>\n<tr>\n<td valign=\"top\"><img decoding=\"async\" src=\"http:\/\/www.emaa.de\/wp-878ef-content\/uploads\/2015\/02\/dot.gif\" alt=\"\" hspace=\"4\" vspace=\"4\" \/><\/td>\n<td valign=\"top\">\n<div class=\"bulletlist\">Divestiture Ver\u00e4usserung (eines Unternehmensteils)<\/div>\n<\/td>\n<\/tr>\n<tr>\n<td valign=\"top\"><img decoding=\"async\" src=\"http:\/\/www.emaa.de\/wp-878ef-content\/uploads\/2015\/02\/dot.gif\" alt=\"\" hspace=\"4\" vspace=\"4\" \/><\/td>\n<td valign=\"top\">\n<div class=\"bulletlist\">Intangible Assets Immaterialle Verm\u00f6genswerte<\/div>\n<\/td>\n<\/tr>\n<tr>\n<td valign=\"top\"><img decoding=\"async\" src=\"http:\/\/www.emaa.de\/wp-878ef-content\/uploads\/2015\/02\/dot.gif\" alt=\"\" hspace=\"4\" vspace=\"4\" \/><\/td>\n<td valign=\"top\">\n<div class=\"bulletlist\">Investments Investitionen<\/div>\n<\/td>\n<\/tr>\n<tr>\n<td valign=\"top\"><img decoding=\"async\" src=\"http:\/\/www.emaa.de\/wp-878ef-content\/uploads\/2015\/02\/dot.gif\" alt=\"\" hspace=\"4\" vspace=\"4\" \/><\/td>\n<td valign=\"top\">\n<div class=\"bulletlist\">Merger Verschmelzung (von zwei Gesellschaften)<\/div>\n<\/td>\n<\/tr>\n<tr>\n<td valign=\"top\"><img decoding=\"async\" src=\"http:\/\/www.emaa.de\/wp-878ef-content\/uploads\/2015\/02\/dot.gif\" alt=\"\" hspace=\"4\" vspace=\"4\" \/><\/td>\n<td valign=\"top\">\n<div class=\"bulletlist\">Property, Plant and Equipment Anlageverm\u00f6gen<\/div>\n<\/td>\n<\/tr>\n<tr>\n<td valign=\"top\"><img decoding=\"async\" src=\"http:\/\/www.emaa.de\/wp-878ef-content\/uploads\/2015\/02\/dot.gif\" alt=\"\" hspace=\"4\" vspace=\"4\" \/><\/td>\n<td valign=\"top\">\n<div class=\"bulletlist\">Research &amp; Development Forschung &amp; Entwicklung<\/div>\n<\/td>\n<\/tr>\n<tr>\n<td valign=\"top\"><img decoding=\"async\" src=\"http:\/\/www.emaa.de\/wp-878ef-content\/uploads\/2015\/02\/dot.gif\" alt=\"\" hspace=\"4\" vspace=\"4\" \/><\/td>\n<td valign=\"top\"><\/td>\n<\/tr>\n<tr>\n<td valign=\"top\"><img decoding=\"async\" src=\"http:\/\/www.emaa.de\/wp-878ef-content\/uploads\/2015\/02\/dot.gif\" alt=\"\" hspace=\"4\" vspace=\"4\" \/><\/td>\n<td valign=\"top\">\n<div class=\"bulletlist\">Cash Flow Statement Kapitalflussrechnung<\/div>\n<\/td>\n<\/tr>\n<tr>\n<td valign=\"top\"><img decoding=\"async\" src=\"http:\/\/www.emaa.de\/wp-878ef-content\/uploads\/2015\/02\/dot.gif\" alt=\"\" hspace=\"4\" vspace=\"4\" \/><\/td>\n<td valign=\"top\">\n<div class=\"bulletlist\">Contingent Liabilities Eventualverbindlichkeiten<\/div>\n<\/td>\n<\/tr>\n<tr>\n<td valign=\"top\"><img decoding=\"async\" src=\"http:\/\/www.emaa.de\/wp-878ef-content\/uploads\/2015\/02\/dot.gif\" alt=\"\" hspace=\"4\" vspace=\"4\" \/><\/td>\n<td valign=\"top\">\n<div class=\"bulletlist\">Goodwill Firmenwert<\/div>\n<\/td>\n<\/tr>\n<tr>\n<td valign=\"top\"><img decoding=\"async\" src=\"http:\/\/www.emaa.de\/wp-878ef-content\/uploads\/2015\/02\/dot.gif\" alt=\"\" hspace=\"4\" vspace=\"4\" \/><\/td>\n<td valign=\"top\">\n<div class=\"bulletlist\">Profit and Loss Gewinn- und Verlustrechnung<\/div>\n<\/td>\n<\/tr>\n<tr>\n<td valign=\"top\"><img decoding=\"async\" src=\"http:\/\/www.emaa.de\/wp-878ef-content\/uploads\/2015\/02\/dot.gif\" alt=\"\" hspace=\"4\" vspace=\"4\" \/><\/td>\n<td valign=\"top\">\n<div class=\"bulletlist\">Statement of Changes in Equity Eigenkapitalver\u00e4nderungsrechnung<\/div>\n<\/td>\n<\/tr>\n<tr>\n<td valign=\"top\"><img decoding=\"async\" src=\"http:\/\/www.emaa.de\/wp-878ef-content\/uploads\/2015\/02\/dot.gif\" alt=\"\" hspace=\"4\" vspace=\"4\" \/><\/td>\n<td valign=\"top\">\n<div class=\"bulletlist\">Statement of Comprehensive Income Gewinn- und Verlustrechnung<\/div>\n<\/td>\n<\/tr>\n<tr>\n<td valign=\"top\"><img decoding=\"async\" src=\"http:\/\/www.emaa.de\/wp-878ef-content\/uploads\/2015\/02\/dot.gif\" alt=\"\" hspace=\"4\" vspace=\"4\" \/><\/td>\n<td valign=\"top\">\n<div class=\"bulletlist\">Statement of Financial Position Bilanz<\/div>\n<\/td>\n<\/tr>\n<tr>\n<td valign=\"top\"><img decoding=\"async\" src=\"http:\/\/www.emaa.de\/wp-878ef-content\/uploads\/2015\/02\/dot.gif\" alt=\"\" hspace=\"4\" vspace=\"4\" \/><\/td>\n<td valign=\"top\"><\/td>\n<\/tr>\n<tr>\n<td valign=\"top\"><img decoding=\"async\" src=\"http:\/\/www.emaa.de\/wp-878ef-content\/uploads\/2015\/02\/dot.gif\" alt=\"\" hspace=\"4\" vspace=\"4\" \/><\/td>\n<td valign=\"top\">\n<div class=\"bulletlist\"><a href=\"mailto:eberhard.groetzner@bvbc-lvbw.de\">eberhard.groetzner@bvbc-lvbw.de<\/a><\/div>\n<\/td>\n<\/tr>\n<\/tbody>\n<\/table>\n<h2><strong>Aktueller Diskussionsstand zu ED Leases und small asset leases<\/strong><\/h2>\n<p><strong>Das IASB hat in seinem j\u00fcngsten Update zum Projekt ED Leases eine weitere Ausnahme f\u00fcr Leasingverh\u00e4ltnisse \u00fcber sog. small assets angek\u00fcndigt. <\/strong><strong><br \/>\n<\/strong>Das International Accounting Standards Board (IASB) hatte mit der Ver\u00f6ffentlichung des zweiten Entwurfs (ED\/2013\/6) zur Leasingbilanzierung im Mai 2013 f\u00fcr erheblichen Diskussionsbedarf gesorgt. Der bereits im ersten Entwurf ED\/2010\/9 enthaltene right of use-Ansatz auf Ebene des Leasingnehmers wird auch weiterhin verfolgt. Infolge dieses Ansatzes w\u00e4ren mit einem Leasingverh\u00e4ltnis einhergehende Rechte und Pflichten in der Bilanz der Leasingnehmer abzubilden.<br \/>\nNach dem ED\/2013\/6 wird ein Leasingverh\u00e4ltnis als ein Vertrag, der das Nutzungsrecht an einem (zugrunde liegenden) Verm\u00f6genswert f\u00fcr einen determinierten Zeitraum gegen Entgelt \u00fcbertr\u00e4gt definiert. Dieser Ansatz h\u00e4tte branchen\u00fcbergreifende Konsequenzen f\u00fcr:<\/p>\n<ul>\n<li>gro\u00dfvolumige Leasingverh\u00e4ltnisse (z. B. Pkw-Flottenleasing) oder<\/li>\n<li>sog. big ticket leases (z. B. Produktionsstandorte),<\/li>\n<li>wie auch Leasingverh\u00e4ltnisse \u00fcber Betriebs- und Gesch\u00e4ftsausstattung oder IT-Ausstattung (sog. small ticket leases)<\/li>\n<\/ul>\n<p>Mit Blick auf die Verschiedenartigkeit von Leasingtransaktionen wurde der right of use-Ansatz daher stark von der \u00d6ffentlichkeit kritisiert und nicht f\u00fcr alle Transaktionen als sachgem\u00e4\u00df angesehen.<br \/>\nEine bereits in ED\/2013\/6 bestehende Ausnahme gilt f\u00fcr kurzfristige Leasingverh\u00e4ltnisse (sog. short-term leases). Betr\u00e4gt die wirtschaftliche Mindestlaufzeit weniger als ein Jahr und wird keine Kaufoption einger\u00e4umt, d\u00fcrfen Leasingnehmer und Leasinggeber von einer Erfassung des Leasingverh\u00e4ltnisses abweichen und Leasingaufwendungen\/-ertr\u00e4ge linear erfassen. Letzteres entspricht der bisherigen Regelung f\u00fcr operate lease Verh\u00e4ltnisse nach IAS 17 beim Leasingnehmer, d. h. das Leasingverh\u00e4ltnis wird nicht in der Bilanz gezeigt, stattdessen werden die Leasingzahlungen in der GuV erfasst (off-balance).<\/p>\n<p><strong>Ausnahme f\u00fcr small asset leases<\/strong><\/p>\n<p>Im Zuge der weiteren Diskussionen und Einbindungsveranstaltungen (sog. outreach requests) ist noch eine zweite Ausnahme f\u00fcr langlaufende, gro\u00dfvolumige aber unwesentliche Leasingverh\u00e4ltnisse (large volume, small value leases) vom IASB diskutiert worden. Diese Ausnahme f\u00fcr sog. small asset leases wurde nun auch in einem Projekt Update vom 16. M\u00e4rz 2015 \u201cLeases: Practical implications of the new Leases Standard\u201d seitens des IASB best\u00e4tigt.<br \/>\n<strong>Die Anforderungen f\u00fcr die Inanspruchnahme der Ausnahme f\u00fcr small asset leases sind wie folgt<\/strong> (siehe hierzu auch die Ausf\u00fchrungen im IASB Staff paper, February 2015):<\/p>\n<ul>\n<li>\u00a0Die Ausnahme ist nur auf solche Leasingverh\u00e4ltnisse anzuwenden, die <strong>individuell unabh\u00e4ngig zu anderen Leasingverh\u00e4ltnissen<\/strong> sind, d.h. nicht technisch oder wirtschaftlich miteinander verkn\u00fcpft sind.<\/li>\n<li>Angesprochen sind in erster Linie <strong>Leasingverh\u00e4ltnisse \u00fcber \u201esmall IT equipment\u201d<\/strong> (z.\u00a0B. Laptops, Tablets, Desktopdrucker) oder auch B\u00fcrom\u00f6bel. Explizit ausgenommen (Appendix A zum Staff paper) sind Leasingverh\u00e4ltnisse \u00fcber PKWs oder High capacity multi-function printers, also Multifunktionsdrucker mit hoher Druckkapazit\u00e4t. Bei letzteren wird seitens des IASB angenommen, dass diese \u201eh\u00f6herwertig\u201c sind, somit auch eine Abbildung on-balance entsprechend einen wesentlichen Effekt hat.<\/li>\n<li>F\u00fcr die Abgrenzung, ob sich ein Leasingverh\u00e4ltnis als small asset lease qualifiziert, wurde seitens des IASB eine <strong>quantitative Richtgr\u00f6\u00dfe <\/strong>diskutiert. Diese soll innerhalb der Basis for Conclusions zum neuen Standard diskutiert werden und betr\u00e4gt ungef\u00e4hr (\u201eroughly\u201c) 5.000 USD bezogen auf den Abschluss eines neuen Leasingverh\u00e4ltnisses. Jedoch ist zu beachten, dass diese Gr\u00f6\u00dfe nur aus praktischen Gr\u00fcnden eingef\u00fchrt wurde und nicht als st\u00e4ndiger Ma\u00dfstab dienen soll. Insbesondere \u00c4nderungen im Zeitablauf durch Inflation und\/oder Wechselkurs\u00e4nderungen haben Auswirkung auf die zugrunde gelegte Gr\u00f6\u00dfe (\u201eWe do not think that the figure itself can be authoritative in the longer term because factors such as inflation and currency exchange would be likely to impact the threshold over time\u201c). Insofern bleibt es den Unternehmen vorbehalten hier eine fortlaufende Richtgr\u00f6\u00dfe einzuf\u00fchren (accounting policy), die sich am \u201eStartwert\u201c zu orientieren hat.<\/li>\n<li>Leasingverh\u00e4ltnisse, die sich als small asset lease qualifizieren, w\u00e4ren vom <strong>Anwendungsbereich des neuen Standards ausgenommen<\/strong>, d.\u00a0h. der Leasingnehmer w\u00e4re nicht verpflichtet diese in der Bilanz zu aktivieren.<\/li>\n<li>Vielmehr w\u00e4re eine <strong>analoge Abbildung als operate lease Verh\u00e4ltnis <\/strong>nach bisherigem Recht vorzunehmen, d.\u00a0h. lediglich Erfassung der laufenden Mietaufwendungen in der GuV. Ein weiterer Unterschied erg\u00e4be sich im Umfang der Anhangangaben. W\u00e4hrend nach jetzigem Recht beim Leasingnehmer die Summe k\u00fcnftiger Mindestleasingzahlungen aus unk\u00fcndbaren Mietverh\u00e4ltnissen, gegliedert nach Fristigkeiten sowie eine Beschreibung der Leasingverh\u00e4ltnisse verlangt ist (IAS 17.35), w\u00e4re nach k\u00fcnftigem Recht lediglich die Summe der j\u00e4hrlichen Aufwendungen anzugeben.<\/li>\n<li>Beachtlich ist, dass die Ausnahme f\u00fcr small asset leases <strong>nur f\u00fcr die IFRS<\/strong> gelten soll. Der US-amerikanische Standardsetzer FASB wird in seinem Entwurf eines Leasingstandards keine solche Ausnahme vorsehen. Seitens des IASB werde aber aufgrund der unwesentlichen Auswirkung solcher Leasingverh\u00e4ltnisse keine signifikante Abweichung zu US-GAAP erwartet.<\/li>\n<\/ul>\n<p><strong>EMAA Praxis-Tipp<\/strong><br \/>\nDie Diskussionen zur \u00dcberarbeitung der Leasingbilanzierung waren ein wenig zur\u00fcckgegangen. Jedoch soll ein neuer Standard nun bald ver\u00f6ffentlicht werden. Die Neuerung in Bezug auf die Ausnahmen f\u00fcr sog. small asset leases l\u00e4sst f\u00fcr Unternehmen nun wieder Spielraum. Diese Neuerung &#8211; vorausgesetzt diese wird final so umgesetzt &#8211; ist als praktische Erleichterung f\u00fcr viele Unternehmen zu begr\u00fc\u00dfen, betrifft diese doch eher die \u201eunwichtigen\u201c Mietverh\u00e4ltnisse.<\/p>\n<p>&nbsp;<\/p>\n","protected":false},"excerpt":{"rendered":"<p>English Deutsch International Financial Reporting Standards Internationale Standards f\u00fcr die Finanzberichterstattung Chief Executive Officer Gesch\u00e4ftsf\u00fchrer Chief Financial Officer Finanzchef Employees Mitarbeiter Journalist Journalist Shareholder Aktion\u00e4r Stakeholder Interessensvertreter Assets Verm\u00f6genswerte Equity Eigenkapital Expense Aufwendungen Income Ertr\u00e4ge Liabilities Schulden Net Assets Eigenkapital Revenue Umsatz Annual Report Jahresabschluss Dividend per Share Dividende pro Aktie Earnings per Share Gewinn [&hellip;]<\/p>\n","protected":false},"author":1,"featured_media":0,"parent":384,"menu_order":0,"comment_status":"closed","ping_status":"closed","template":"","meta":{"footnotes":""},"class_list":["post-283","page","type-page","status-publish","hentry"],"_links":{"self":[{"href":"http:\/\/emaa.de\/index.php?rest_route=\/wp\/v2\/pages\/283","targetHints":{"allow":["GET"]}}],"collection":[{"href":"http:\/\/emaa.de\/index.php?rest_route=\/wp\/v2\/pages"}],"about":[{"href":"http:\/\/emaa.de\/index.php?rest_route=\/wp\/v2\/types\/page"}],"author":[{"embeddable":true,"href":"http:\/\/emaa.de\/index.php?rest_route=\/wp\/v2\/users\/1"}],"replies":[{"embeddable":true,"href":"http:\/\/emaa.de\/index.php?rest_route=%2Fwp%2Fv2%2Fcomments&post=283"}],"version-history":[{"count":7,"href":"http:\/\/emaa.de\/index.php?rest_route=\/wp\/v2\/pages\/283\/revisions"}],"predecessor-version":[{"id":2077,"href":"http:\/\/emaa.de\/index.php?rest_route=\/wp\/v2\/pages\/283\/revisions\/2077"}],"up":[{"embeddable":true,"href":"http:\/\/emaa.de\/index.php?rest_route=\/wp\/v2\/pages\/384"}],"wp:attachment":[{"href":"http:\/\/emaa.de\/index.php?rest_route=%2Fwp%2Fv2%2Fmedia&parent=283"}],"curies":[{"name":"wp","href":"https:\/\/api.w.org\/{rel}","templated":true}]}}