{"id":288,"date":"2015-01-14T11:32:37","date_gmt":"2015-01-14T10:32:37","guid":{"rendered":"http:\/\/www.emaa.de\/?page_id=288"},"modified":"2015-01-14T11:32:37","modified_gmt":"2015-01-14T10:32:37","slug":"ueberblick-neue-standards-und-interpretationen","status":"publish","type":"page","link":"http:\/\/emaa.de\/?page_id=288","title":{"rendered":"\u00dcberblick neue Standards und Interpretationen"},"content":{"rendered":"<p>&nbsp;<\/p>\n<table>\n<tbody>\n<tr>\n<td width=\"437\"><strong>Neue Standards und Interpretationen<\/strong><\/td>\n<td width=\"200\"><strong>Effective Date<\/strong><\/td>\n<\/tr>\n<tr>\n<td width=\"437\">\u00c4nderung des IAS 23, Fremdkapitalkosten (M\u00e4rz 2007)<\/td>\n<td width=\"200\">01.01.2009<\/td>\n<\/tr>\n<tr>\n<td width=\"437\">IFRIC 11, IFRS 2 \u2500 Gesch\u00e4fte mit eigenen Aktien und Aktien von Konzernunternehmen<\/td>\n<td width=\"200\">01.03.2007<\/td>\n<\/tr>\n<tr>\n<td width=\"437\">IFRIC 12, Dienstleistungskonzessionsvereinbarungen<\/td>\n<td width=\"200\">01.01.2008<\/td>\n<\/tr>\n<tr>\n<td width=\"437\">IFRIC 13, Programme zur Kundenbindung<\/td>\n<td width=\"200\">01.07.2008<\/td>\n<\/tr>\n<tr>\n<td width=\"437\">IFRIC 14, IAS 19 \u2500 Die Obergrenze von Verm\u00f6genswerten bei leistungsorientierten Pl\u00e4nen, Mindestfinanzierungsanforderungen und ihre Wechselwirkung<\/td>\n<td width=\"200\">01.01.2008<\/td>\n<\/tr>\n<tr>\n<td width=\"437\">Darstellung des Abschlusses (Phase A):\u00a0\u00a0\u00a0\u00a0\u00a0\u00a0\u00a0\u00a0\u00a0\u00a0\u00a0 \u00c4nderung von IAS 1, Darstellung des Abschlusses<\/td>\n<td width=\"200\">01.01.2009<\/td>\n<\/tr>\n<tr>\n<td width=\"437\">Unternehmenszusammenschl\u00fcsse II:<\/p>\n<p>\u00c4nderung von IFRS 3, Unternehmenszusammenschl\u00fcsse, und IAS 27, Konzern- und separate Einzelabschl\u00fcsse nach IFRS<\/td>\n<td width=\"200\">01.01.2009<\/td>\n<\/tr>\n<tr>\n<td width=\"437\">\u00c4nderung des IFRS 2, Aktienbasierte Verg\u00fctungen: Aus\u00fcbungsbedingungen und Annullierungen<\/td>\n<td width=\"200\">01.01.2008<\/td>\n<\/tr>\n<tr>\n<td width=\"437\">\u00c4nderung des IAS 32, Finanzinstrumente:\u00a0\u00a0\u00a0 Instrumente mit R\u00fcckgaberecht<\/td>\n<td width=\"200\">01.01.2009<\/td>\n<\/tr>\n<tr>\n<td width=\"437\">\u00c4nderung des IAS 24, Angaben \u00fcber Beziehungen zu nahe stehenden Unternehmen und Personen<\/td>\n<td width=\"200\">Stellungnahmen bis: 27.05.2007\u00a0\u00a0\u00a0\u00a0\u00a0\u00a0\u00a0\u00a0\u00a0\u00a0\u00a0\u00a0 IFRS: 1. Halbjahr 2008<\/td>\n<\/tr>\n<tr>\n<td width=\"437\">Schulden: \u00c4nderung des IAS 37, R\u00fcckstellungen, Eventualschulden und Eventualforderungen<\/td>\n<td width=\"200\">ED bereits Juli 2005\u00a0\u00a0 RT-Discussions: Ende 2006<\/p>\n<p>IFRS: 2. Halbjahr 2008<\/td>\n<\/tr>\n<tr>\n<td width=\"437\">IFRIC D22, Absicherung einer Nettoinvestition in einen ausl\u00e4ndischen Gesch\u00e4ftsbetrieb<\/td>\n<td width=\"200\">Ver\u00f6ffentlichung: 19.07.2007\u00a0Stellungnahmen bis: 19.10.2007<\/td>\n<\/tr>\n<\/tbody>\n<\/table>\n<p>&nbsp;<\/p>\n<p>Demn\u00e4chst erscheinende Entw\u00fcrfe:<\/p>\n<table>\n<tbody>\n<tr>\n<td width=\"437\"><strong>Demn\u00e4chst Entwurf \/ Diskussionspapier<\/strong><\/td>\n<td width=\"200\"><strong>Status<\/strong><\/td>\n<\/tr>\n<tr>\n<td width=\"437\">J\u00e4hrlicher Improvements-Prozess<\/td>\n<td width=\"200\">ED: 3. Quartal 2007 IFRS: 1. Halbjahr 2008<\/td>\n<\/tr>\n<tr>\n<td width=\"437\">Ertragsteuern<\/td>\n<td width=\"200\">ED: 4. Quartal 2007 IFRS: 2.Halbjahr 2008<\/td>\n<\/tr>\n<tr>\n<td width=\"437\">Joint Ventures<\/td>\n<td width=\"200\">ED: 3. Quartal 2007 IFRS:2. Halbjahr 2008<\/td>\n<\/tr>\n<tr>\n<td width=\"437\">\u00c4nderung des IAS 33, Ergebnis je Aktie:\u00a0\u00a0\u00a0\u00a0\u00a0\u00a0\u00a0\u00a0\u00a0\u00a0 Treasury Stock-Methode<\/td>\n<td width=\"200\">ED: 3. Quartal 2007 IFRS:2.Halbjahr 2008<\/td>\n<\/tr>\n<tr>\n<td width=\"437\">\u00c4nderung des IAS 39, Finanzinstrumente:\u00a0 Identifikation von absicherbaren Teilrisiken<\/td>\n<td width=\"200\">ED: 3. Quartal 2007. IFRS:noch nicht terminiert<\/td>\n<\/tr>\n<tr>\n<td width=\"437\">Darstellung des Jahresabschlusses (Phase B)<\/td>\n<td width=\"200\">Discussion Paper:\u00a0\u00a0\u00a0\u00a0\u00a0\u00a0\u00a0 4. Quartal 2007<\/td>\n<\/tr>\n<\/tbody>\n<\/table>\n<p>&nbsp;<\/p>\n<p>Nicht behandelte Standard- und Interpretationsentw\u00fcrfe:<\/p>\n<table>\n<tbody>\n<tr>\n<td width=\"437\"><strong>Nicht behandelte Entw\u00fcrfe<\/strong><\/td>\n<td width=\"200\"><strong>Status<\/strong><\/td>\n<\/tr>\n<tr>\n<td width=\"437\">\u00c4nderung des IFRS 1, Erstmalige Anwendung der IFRS: Anschaffungskosten einer Beteiligung an einem Tochterunternehmen<\/td>\n<td width=\"200\">Stellungnahmen bis: 27.04.2007<\/p>\n<p>IFRS: 4. Quartal 2007<\/td>\n<\/tr>\n<tr>\n<td width=\"437\">Bilanzierung kleiner und mittelgro\u00dfer Unternehmen<\/td>\n<td width=\"200\">Ver\u00f6ffentlichung: 25.02.2007 Stellungnahmen bis: 01.10.2007<\/p>\n<p>IFRS: 2. Halbjahr 2008<\/td>\n<\/tr>\n<tr>\n<td width=\"437\">IFRIC D21, Immobilienverk\u00e4ufe<\/td>\n<td width=\"200\">Ver\u00f6ffentlichung: 05.07.2007 Stellungnahmen bis: 05.10.2007<\/td>\n<\/tr>\n<\/tbody>\n<\/table>\n<p>&nbsp;<\/p>\n<p>&nbsp;<\/p>\n","protected":false},"excerpt":{"rendered":"<p>&nbsp; Neue Standards und Interpretationen Effective Date \u00c4nderung des IAS 23, Fremdkapitalkosten (M\u00e4rz 2007) 01.01.2009 IFRIC 11, IFRS 2 \u2500 Gesch\u00e4fte mit eigenen Aktien und Aktien von Konzernunternehmen 01.03.2007 IFRIC 12, Dienstleistungskonzessionsvereinbarungen 01.01.2008 IFRIC 13, Programme zur Kundenbindung 01.07.2008 IFRIC 14, IAS 19 \u2500 Die Obergrenze von Verm\u00f6genswerten bei leistungsorientierten Pl\u00e4nen, Mindestfinanzierungsanforderungen und ihre Wechselwirkung [&hellip;]<\/p>\n","protected":false},"author":1,"featured_media":0,"parent":283,"menu_order":0,"comment_status":"closed","ping_status":"closed","template":"","meta":{"footnotes":""},"class_list":["post-288","page","type-page","status-publish","hentry"],"_links":{"self":[{"href":"http:\/\/emaa.de\/index.php?rest_route=\/wp\/v2\/pages\/288","targetHints":{"allow":["GET"]}}],"collection":[{"href":"http:\/\/emaa.de\/index.php?rest_route=\/wp\/v2\/pages"}],"about":[{"href":"http:\/\/emaa.de\/index.php?rest_route=\/wp\/v2\/types\/page"}],"author":[{"embeddable":true,"href":"http:\/\/emaa.de\/index.php?rest_route=\/wp\/v2\/users\/1"}],"replies":[{"embeddable":true,"href":"http:\/\/emaa.de\/index.php?rest_route=%2Fwp%2Fv2%2Fcomments&post=288"}],"version-history":[{"count":1,"href":"http:\/\/emaa.de\/index.php?rest_route=\/wp\/v2\/pages\/288\/revisions"}],"predecessor-version":[{"id":289,"href":"http:\/\/emaa.de\/index.php?rest_route=\/wp\/v2\/pages\/288\/revisions\/289"}],"up":[{"embeddable":true,"href":"http:\/\/emaa.de\/index.php?rest_route=\/wp\/v2\/pages\/283"}],"wp:attachment":[{"href":"http:\/\/emaa.de\/index.php?rest_route=%2Fwp%2Fv2%2Fmedia&parent=288"}],"curies":[{"name":"wp","href":"https:\/\/api.w.org\/{rel}","templated":true}]}}