{"id":317,"date":"2015-01-14T11:52:59","date_gmt":"2015-01-14T10:52:59","guid":{"rendered":"http:\/\/www.emaa.de\/?page_id=317"},"modified":"2015-01-14T11:52:59","modified_gmt":"2015-01-14T10:52:59","slug":"international","status":"publish","type":"page","link":"http:\/\/emaa.de\/?page_id=317","title":{"rendered":"International"},"content":{"rendered":"<p><strong>Meinung aus unserem Forum:<\/strong><\/p>\n<p>Infolge der <strong>neuen Verordnung f\u00fcr gepr\u00fcfte Bilanzbuchhalter (Nov. 2007) in Deutschland durch das Bundesministerium f\u00fcr Bildung und Forschung <\/strong>gab es\u00a0 Anfragen bei den IHKs hinsichtlich der Unterschiede zwischen der neuen Erg\u00e4nzungspr\u00fcfung &#8222;Erstellen von Abschl\u00fcssen nach internationalen Standards&#8220; des gepr\u00fcften Bilanzbuchhalters und des eigenst\u00e4ndigen Zertifikats &#8222;Bilanzbuchhaltung International&#8220;.<\/p>\n<p>I. Grunds\u00e4tzlich lassen sich zwischen beiden M\u00f6glichkeiten folgende Unterschiede feststellen:<\/p>\n<p>1. Die Pr\u00fcfung &#8222;Bilanzbuchhaltung &#8211; International (IHK)&#8220; stellt eine eigenst\u00e4ndige Fortbildungspr\u00fcfung mit bundesweit anerkanntem Abschluss dar. Konkret bedeutet dies, dass man nach erfolgreichem Ablegen neben der IHK-Urkunde \u00fcber die abgelegte Fortbildungspr\u00fcfung auch ein entsprechendes IHK-Zeugnis erh\u00e4lt. Beim Handlungsbereich &#8222;Erstellen von Abschl\u00fcssen nach internationalen Standards&#8220; i.R. des neuen Bilanzbuchhalters handelt es sich lediglich um eine Zusatzqualifikation, aber nicht um eine eigenst\u00e4ndige Fortbildungspr\u00fcfung mit eigenst\u00e4ndigem Abschluss bzw. Titel, der vergeben wird. Man erh\u00e4lt nach erfolgreichem Ablegen also lediglich eine zus\u00e4tzliche Bescheinigung, auf denen die Leistung (erbrachte Note) best\u00e4tigt wird.<\/p>\n<p>2. Die Pr\u00fcfung \u201eBilanzbuchhaltung International\u201c steht abgesehen von Bilanzbuchhaltern auch Wirtschaftsakademikern offen. Sofern Praktiker einen Qualifikationsprofil analog der Bilanzbuchhalter\/Wirtschaftsakademiker nachweisen k\u00f6nnen, hat auch dieser Personenkreis die M\u00f6glichkeit die Pr\u00fcfung zu absolvieren.<\/p>\n<p>3. In der Pr\u00fcfung &#8222;Bilanzbuchhaltung &#8211; International (IHK)&#8220; werden neben der Internationalen Rechnungslegung auch noch andere F\u00e4cher (insgesamt 4) abgepr\u00fcft. Diese sind: Internationale Rechnungslegung, Internationales Steuerrecht, Grundlagen internationaler Gesch\u00e4ftst\u00e4tigkeit, Fachbezogenes Englisch. Bei der Zusatzqualifikation &#8222;Erstellen von Abschl\u00fcssen nach internationalen Standards&#8220; wird ausschlie\u00dflich die internationale Rechnungslegung gepr\u00fcft. D.h. dieser Lehrgang bietet ein viel umfangreicheres und vielf\u00e4ltigeres Angebot als das Modul.<\/p>\n<p>4. Mit dem neuen \u201eGepr. Bilanzbuchhalter\u201c, erhalt man lediglich einen guten &#8222;internationalen Grundlagenstoff&#8220;, der somit eine gute Grundlage f\u00fcr jeden Rechnungsleger darstellt.<\/p>\n<p>5. F\u00fcr den Bilanzbuchhalter International IHK mit einem entsprechenden Zeugnis besteht weiterhin Bedarf, und zwar f\u00fcr denjenigen, die sich \u00fcber die allgemeinen Rechnungslegungsf\u00e4lle hinausgehend bet\u00e4tigen wollen, also haupts\u00e4chlich bei internationalen Konzernen und Tochtergesellschaften.<\/p>\n<p>6. Die IHKen Hannover, K\u00f6ln, Berlin, D\u00fcsseldorf, Erfurt werden nach unserem Wissen die Pr\u00fcfung \u201eBilanzbuchhaltung International\u201c weiterhin abnehmen.<\/p>\n<p>II. Was das Pr\u00fcfungsniveau anbelangt, so ist f\u00fcr die Pr\u00fcfung \u201eBilanzbuchhaltung International\u201c von einem h\u00f6herwertigen Anspruch auszugehen. Vor dem Hintergrund, dass es sich bei der Pr\u00fcfung &#8222;Bilanzbuchhaltung-International&#8220;(IHK) um eine eigenst\u00e4ndige IHK-Fortbildungspr\u00fcfung mit eigenst\u00e4ndigem Abschluss handelt, erscheint uns bei Vorliegen eines Bilanzbuchhalter-Abschlusses aus fr\u00fcheren Jahren diese Alternative &#8211; solange sie noch besteht &#8211; die attraktivere zu sein.<\/p>\n<p>Im Forum wird empfohlen, auf jeden Fall die noch lange Zeit weiter g\u00fcltige Zusatzqualifikation \u201eBilanzbuchhaltung International\u201c (mindestens bis 2010) zu absolvieren, weil es sich hier auf jeden Fall um eine eingef\u00fchrte Pr\u00fcfung handelt, deren Inhalt und Niveau in der Wirtschaft bereits anerkannt ist.<\/p>\n","protected":false},"excerpt":{"rendered":"<p>Meinung aus unserem Forum: Infolge der neuen Verordnung f\u00fcr gepr\u00fcfte Bilanzbuchhalter (Nov. 2007) in Deutschland durch das Bundesministerium f\u00fcr Bildung und Forschung gab es\u00a0 Anfragen bei den IHKs hinsichtlich der Unterschiede zwischen der neuen Erg\u00e4nzungspr\u00fcfung &#8222;Erstellen von Abschl\u00fcssen nach internationalen Standards&#8220; des gepr\u00fcften Bilanzbuchhalters und des eigenst\u00e4ndigen Zertifikats &#8222;Bilanzbuchhaltung International&#8220;. I. Grunds\u00e4tzlich lassen sich zwischen [&hellip;]<\/p>\n","protected":false},"author":1,"featured_media":0,"parent":314,"menu_order":0,"comment_status":"closed","ping_status":"closed","template":"","meta":{"footnotes":""},"class_list":["post-317","page","type-page","status-publish","hentry"],"_links":{"self":[{"href":"http:\/\/emaa.de\/index.php?rest_route=\/wp\/v2\/pages\/317","targetHints":{"allow":["GET"]}}],"collection":[{"href":"http:\/\/emaa.de\/index.php?rest_route=\/wp\/v2\/pages"}],"about":[{"href":"http:\/\/emaa.de\/index.php?rest_route=\/wp\/v2\/types\/page"}],"author":[{"embeddable":true,"href":"http:\/\/emaa.de\/index.php?rest_route=\/wp\/v2\/users\/1"}],"replies":[{"embeddable":true,"href":"http:\/\/emaa.de\/index.php?rest_route=%2Fwp%2Fv2%2Fcomments&post=317"}],"version-history":[{"count":1,"href":"http:\/\/emaa.de\/index.php?rest_route=\/wp\/v2\/pages\/317\/revisions"}],"predecessor-version":[{"id":318,"href":"http:\/\/emaa.de\/index.php?rest_route=\/wp\/v2\/pages\/317\/revisions\/318"}],"up":[{"embeddable":true,"href":"http:\/\/emaa.de\/index.php?rest_route=\/wp\/v2\/pages\/314"}],"wp:attachment":[{"href":"http:\/\/emaa.de\/index.php?rest_route=%2Fwp%2Fv2%2Fmedia&parent=317"}],"curies":[{"name":"wp","href":"https:\/\/api.w.org\/{rel}","templated":true}]}}