{"id":333,"date":"2015-01-14T12:01:53","date_gmt":"2015-01-14T11:01:53","guid":{"rendered":"http:\/\/www.emaa.de\/?page_id=333"},"modified":"2015-01-14T12:01:53","modified_gmt":"2015-01-14T11:01:53","slug":"tschechische-republik","status":"publish","type":"page","link":"http:\/\/emaa.de\/?page_id=333","title":{"rendered":"Tschechische Republik"},"content":{"rendered":"<p><strong>Die Tschechische Republik hat zum 1. Januar 2004 ein neues Buchf\u00fchrungsgesetz erlassen. Im Gesetzestext hei\u00dft es dazu:<\/strong><\/p>\n<p><strong>Das Gesetz Nr. 563\/1991 SLG. \u00dcBER DIE BUCHF\u00dcHRUNG,<\/strong><\/p>\n<p>i.d.F. des Gesetzes Nr. 117\/1994 Slg., des Gesetzes Nr. 227\/1997 Slg., des Gesetzes Nr. 492\/2000 Slg. Des Gesetzes Nr. 353\/2001 Slg. Des Gesetzes Nr. 56\/2002, des Gesetzes Nr. 575\/2002 und des Gesetzes Nr. 437\/2003 \u00e4ndert sich wie folgt:<\/p>\n<p>Die F\u00f6deralversammlung der Tschechischen und Slowakischen F\u00f6derativen Republik hat das folgende Gesetz verabschiedet:<\/p>\n<p><strong>Ausz\u00fcge:<\/strong><\/p>\n<p>ERSTER TEIL ALLGEMEINE FESTLEGUNGEN<\/p>\n<p><strong>\u00a71<\/strong><\/p>\n<p>(1)\u00a0 Dieses Gesetz legt in Einklang mit dem Recht der Europ\u00e4ischen Gemeinschaften 1)\u00a0den Umfang und die Art der Rechnungslegung und ihre Beweiskraft fest:<\/p>\n<p>&nbsp;<\/p>\n<p>Dieses Gesetz bezieht sich im Wesentlichen auf nat\u00fcrliche und juristische Personen sowie auf organisatorische Einheiten, die ihren Sitz auf dem Territorium der Tschechischen Republik haben.<\/p>\n<p><strong>Im zweiten Teil wird der Umfang der Rechnungslegung geregelt:<\/strong><\/p>\n<table>\n<tbody>\n<tr>\n<td><\/td>\n<td>Buchungsbelege<\/td>\n<\/tr>\n<tr>\n<td><\/td>\n<td>Bucheintragungen<\/td>\n<\/tr>\n<tr>\n<td><\/td>\n<td>Gesch\u00e4ftsb\u00fccher<\/td>\n<\/tr>\n<tr>\n<td><\/td>\n<td>Kontenrichtplan und Kontenplan<\/td>\n<\/tr>\n<tr>\n<td><\/td>\n<td>Sonstige Festlegungen \u00fcber Gesch\u00e4ftsb\u00fccher<\/td>\n<\/tr>\n<tr>\n<td><\/td>\n<td>Er\u00f6ffnen und Schlie\u00dfen der Gesch\u00e4ftsb\u00fccher<\/td>\n<\/tr>\n<\/tbody>\n<\/table>\n<p><strong>Dritter Teil &#8211; Rechnungsabschlu\u00df:<\/strong><\/p>\n<table>\n<tbody>\n<tr>\n<td><\/td>\n<td>Bilanztag<\/td>\n<\/tr>\n<tr>\n<td><\/td>\n<td>Best\u00e4tigung des Rechnungsabschlusses<\/td>\n<\/tr>\n<tr>\n<td><\/td>\n<td>Jahresbericht<\/td>\n<\/tr>\n<tr>\n<td><\/td>\n<td>Art der Ver\u00f6ffentlichung<\/td>\n<\/tr>\n<\/tbody>\n<\/table>\n<p><strong>Vierter Teil \u2013 Bewertungsverfahren<\/strong><\/p>\n<p><strong>F\u00fcnfter Teil \u2013 Inventarisierung des Verm\u00f6gens und der Verbindlichkeiten<\/strong><\/p>\n<p><strong>Sechster Teil \u2013 Aufbewahrung von Buchungsvermerken<\/strong><\/p>\n<p><strong>Siebter Teil \u2013 Gemeinsame, vor\u00fcbergehende Bestimmungen und Schlussbestimmungen<\/strong><\/p>\n<p>Die Festlegungen dieses Gesetzes werden zum ersten Mal im Abrechnungszeitraum verwendet, der im Jahre 2004 beginnt, sofern weiter nichts anderes festgelegt wird.<\/p>\n","protected":false},"excerpt":{"rendered":"<p>Die Tschechische Republik hat zum 1. Januar 2004 ein neues Buchf\u00fchrungsgesetz erlassen. Im Gesetzestext hei\u00dft es dazu: Das Gesetz Nr. 563\/1991 SLG. \u00dcBER DIE BUCHF\u00dcHRUNG, i.d.F. des Gesetzes Nr. 117\/1994 Slg., des Gesetzes Nr. 227\/1997 Slg., des Gesetzes Nr. 492\/2000 Slg. Des Gesetzes Nr. 353\/2001 Slg. Des Gesetzes Nr. 56\/2002, des Gesetzes Nr. 575\/2002 und [&hellip;]<\/p>\n","protected":false},"author":1,"featured_media":0,"parent":234,"menu_order":0,"comment_status":"closed","ping_status":"closed","template":"","meta":{"footnotes":""},"class_list":["post-333","page","type-page","status-publish","hentry"],"_links":{"self":[{"href":"http:\/\/emaa.de\/index.php?rest_route=\/wp\/v2\/pages\/333","targetHints":{"allow":["GET"]}}],"collection":[{"href":"http:\/\/emaa.de\/index.php?rest_route=\/wp\/v2\/pages"}],"about":[{"href":"http:\/\/emaa.de\/index.php?rest_route=\/wp\/v2\/types\/page"}],"author":[{"embeddable":true,"href":"http:\/\/emaa.de\/index.php?rest_route=\/wp\/v2\/users\/1"}],"replies":[{"embeddable":true,"href":"http:\/\/emaa.de\/index.php?rest_route=%2Fwp%2Fv2%2Fcomments&post=333"}],"version-history":[{"count":1,"href":"http:\/\/emaa.de\/index.php?rest_route=\/wp\/v2\/pages\/333\/revisions"}],"predecessor-version":[{"id":334,"href":"http:\/\/emaa.de\/index.php?rest_route=\/wp\/v2\/pages\/333\/revisions\/334"}],"up":[{"embeddable":true,"href":"http:\/\/emaa.de\/index.php?rest_route=\/wp\/v2\/pages\/234"}],"wp:attachment":[{"href":"http:\/\/emaa.de\/index.php?rest_route=%2Fwp%2Fv2%2Fmedia&parent=333"}],"curies":[{"name":"wp","href":"https:\/\/api.w.org\/{rel}","templated":true}]}}