{"id":563,"date":"2015-02-01T18:42:10","date_gmt":"2015-02-01T17:42:10","guid":{"rendered":"http:\/\/www.emaa.de\/?page_id=563"},"modified":"2015-05-14T19:16:19","modified_gmt":"2015-05-14T18:16:19","slug":"fachinfo-2","status":"publish","type":"page","link":"http:\/\/emaa.de\/?page_id=563","title":{"rendered":"Fachinfo"},"content":{"rendered":"<ul>\n<li><a title=\"Berufsbild des Bilanzbuchhalters in Deutschland\" href=\"http:\/\/www.emaa.de\/?page_id=228\">Berufsbild des Bilanzbuchhalters in Deutschland<\/a><\/li>\n<li>Anerkennung Abschl\u00fcsse\n<ul>\n<li><a title=\"Anerkennung Abschl\u00fcsse\" href=\"http:\/\/www.emaa.de\/?page_id=238\">Rum\u00e4nische und bulgarische Fachkr\u00e4fte<\/a><\/li>\n<li><a title=\"Anerkennung Abschl\u00fcsse \u2013 England\" href=\"http:\/\/www.emaa.de\/?page_id=240\">England<\/a><\/li>\n<li><a title=\"Anerkennung Abschl\u00fcsse \u2013 Italien\" href=\"http:\/\/www.emaa.de\/?page_id=245\">Italien<\/a><\/li>\n<li><a title=\"Anerkennung Abschl\u00fcsse \u2013 \u00d6sterreich\" href=\"http:\/\/www.emaa.de\/?page_id=248\">\u00d6sterreich<\/a><\/li>\n<\/ul>\n<\/li>\n<li><a title=\"Berufsbild des Bilanzbuchhalters in Deutschland\" href=\"http:\/\/www.emaa.de\/?page_id=228\">Berufsbild<\/a>\n<ul>\n<li><a title=\"Berufsgrunds\u00e4tze f\u00fcr selbst\u00e4ndig t\u00e4tige Bilanzbuchhalter im BVBC e.V.\" href=\"http:\/\/www.emaa.de\/?page_id=236\">Berufsgrunds\u00e4tze f\u00fcr selbst\u00e4ndig t\u00e4tige Bilanzbuchhalter im BVBC e.V.<\/a><\/li>\n<\/ul>\n<\/li>\n<li><a title=\"Das CMA-Zertifikat\" href=\"http:\/\/www.emaa.de\/?page_id=260\">Das CMA-Zertifikat<\/a><\/li>\n<li><a title=\"Controller Geh\u00e4lter\" href=\"http:\/\/www.emaa.de\/?page_id=262\">Controller Geh\u00e4lter<\/a><\/li>\n<li><a title=\"BILANZBUCHHALTER-ZEUGNIS INTERNATIONAL AUFGEWERTET\" href=\"http:\/\/www.emaa.de\/?page_id=266\">Bilanzbuchhalter-Zeugnis\u00a0International\u00a0aufgewertet<\/a><\/li>\n<li><a title=\"DQR-Niveaus auf Zeugnissen\" href=\"http:\/\/www.emaa.de\/?page_id=271\">DQR-Niveaus auf Zeugnissen<\/a><\/li>\n<li><a title=\"Besondere Rechtsvorschriften f\u00fcr die IHK Weiterbildungspr\u00fcfung International\" href=\"http:\/\/www.emaa.de\/?page_id=274\">Besondere Rechtsvorschriften f\u00fcr die IHK Weiterbildungspr\u00fcfung International<\/a><\/li>\n<li><a title=\"\u00dcbersicht Berufsbezeichnungen\" href=\"http:\/\/www.emaa.de\/?page_id=277\">\u00dcbersicht Berufsbezeichnungen<\/a><\/li>\n<li><a title=\"Glossar f\u00fcr Fachbegriffe\" href=\"http:\/\/www.emaa.de\/?page_id=280\">Glossar f\u00fcr Fachbegriffe<\/a><\/li>\n<li><a title=\"IFRS\" href=\"http:\/\/www.emaa.de\/?page_id=384\">IFRS<\/a>\n<ul>\n<li><a title=\"IFRS\" href=\"http:\/\/www.emaa.de\/?page_id=283\">IFRS<\/a><\/li>\n<li><a title=\"\u00dcbersetzung\" href=\"http:\/\/www.emaa.de\/?page_id=286\">\u00dcbersetzung<\/a><\/li>\n<li><a title=\"\u00dcberblick neue Standards und Interpretationen\" href=\"http:\/\/www.emaa.de\/?page_id=288\">Standards und Interpretationen<\/a><\/li>\n<li><a title=\"KMU\" href=\"http:\/\/www.emaa.de\/?page_id=290\">KMU<\/a><\/li>\n<li><a title=\"Amendments\" href=\"http:\/\/www.emaa.de\/?page_id=293\">Amendments<\/a><\/li>\n<li><a title=\"Controlling\" href=\"http:\/\/www.emaa.de\/?page_id=295\">Controlling<\/a><\/li>\n<li><a title=\"Unbefriedigende Abgrenzung von Eigenkapital und Fremdkapital nach IFRS \u2013 IASB wird sich wieder mit Abgrenzung besch\u00e4ftigen\" href=\"http:\/\/www.emaa.de\/?page_id=297\">Sonstiges<\/a><\/li>\n<li><a title=\"Implementation of IAS\/IFRS in the Slovak Republic (doc. Ing. Jozef \u0160kult\u00e9ty, PhD.)\" href=\"http:\/\/www.emaa.de\/?page_id=299\">Slowakische Republik<\/a><\/li>\n<\/ul>\n<\/li>\n<li><a title=\"Europa\" href=\"http:\/\/www.emaa.de\/?page_id=309\">Europa<\/a><\/li>\n<li><a title=\"Gehaltsvergleich D  CH\" href=\"http:\/\/www.emaa.de\/?page_id=312\">Gehaltsvergleich D &lt;-&gt; CH<\/a><\/li>\n<li><a title=\"Pr\u00fcfungen\" href=\"http:\/\/www.emaa.de\/?page_id=314\">Pr\u00fcfungen<\/a>\n<ul>\n<li><a title=\"International\" href=\"http:\/\/www.emaa.de\/?page_id=317\">International<\/a><\/li>\n<\/ul>\n<\/li>\n<li><a title=\"Fakten zur Selbst\u00e4ndigkeit\" href=\"http:\/\/www.emaa.de\/?page_id=324\">Fakten zur Selbst\u00e4ndigkeit<\/a>\n<ul>\n<li><a title=\"F\u00f6rderung kleiner und mittlerer Betriebe\" href=\"http:\/\/www.emaa.de\/?page_id=326\">F\u00f6rderung kleiner und mittlerer Betriebe<\/a><\/li>\n<\/ul>\n<\/li>\n<li><a title=\"Kroatien\" href=\"http:\/\/www.emaa.de\/?page_id=330\">Steuern<\/a><\/li>\n<li><a title=\"Tschechische Republik\" href=\"http:\/\/www.emaa.de\/?page_id=333\">Tschechische Republik<\/a><\/li>\n<li><a title=\"TRAC-Projekt\" href=\"http:\/\/www.emaa.de\/?page_id=335\">TRAC-Projekt<\/a><\/li>\n<li><a title=\"INFORMATIONSMATERIAL-BESTELLUNG \u2013 Diplomarbeiten\" href=\"http:\/\/www.emaa.de\/?page_id=338\">Informationsmaterial-Bestellung\u00a0&#8211; Diplomarbeiten<\/a><\/li>\n<\/ul>\n","protected":false},"excerpt":{"rendered":"<p>Berufsbild des Bilanzbuchhalters in Deutschland Anerkennung Abschl\u00fcsse Rum\u00e4nische und bulgarische Fachkr\u00e4fte England Italien \u00d6sterreich Berufsbild Berufsgrunds\u00e4tze f\u00fcr selbst\u00e4ndig t\u00e4tige Bilanzbuchhalter im BVBC e.V. Das CMA-Zertifikat Controller Geh\u00e4lter Bilanzbuchhalter-Zeugnis\u00a0International\u00a0aufgewertet DQR-Niveaus auf Zeugnissen Besondere Rechtsvorschriften f\u00fcr die IHK Weiterbildungspr\u00fcfung International \u00dcbersicht Berufsbezeichnungen Glossar f\u00fcr Fachbegriffe IFRS IFRS \u00dcbersetzung Standards und Interpretationen KMU Amendments Controlling Sonstiges Slowakische Republik [&hellip;]<\/p>\n","protected":false},"author":1,"featured_media":0,"parent":0,"menu_order":0,"comment_status":"closed","ping_status":"closed","template":"","meta":{"footnotes":""},"class_list":["post-563","page","type-page","status-publish","hentry"],"_links":{"self":[{"href":"http:\/\/emaa.de\/index.php?rest_route=\/wp\/v2\/pages\/563","targetHints":{"allow":["GET"]}}],"collection":[{"href":"http:\/\/emaa.de\/index.php?rest_route=\/wp\/v2\/pages"}],"about":[{"href":"http:\/\/emaa.de\/index.php?rest_route=\/wp\/v2\/types\/page"}],"author":[{"embeddable":true,"href":"http:\/\/emaa.de\/index.php?rest_route=\/wp\/v2\/users\/1"}],"replies":[{"embeddable":true,"href":"http:\/\/emaa.de\/index.php?rest_route=%2Fwp%2Fv2%2Fcomments&post=563"}],"version-history":[{"count":4,"href":"http:\/\/emaa.de\/index.php?rest_route=\/wp\/v2\/pages\/563\/revisions"}],"predecessor-version":[{"id":3316,"href":"http:\/\/emaa.de\/index.php?rest_route=\/wp\/v2\/pages\/563\/revisions\/3316"}],"wp:attachment":[{"href":"http:\/\/emaa.de\/index.php?rest_route=%2Fwp%2Fv2%2Fmedia&parent=563"}],"curies":[{"name":"wp","href":"https:\/\/api.w.org\/{rel}","templated":true}]}}