{"id":119,"date":"2015-01-14T08:51:53","date_gmt":"2015-01-14T07:51:53","guid":{"rendered":"http:\/\/www.emaa.de\/?page_id=119"},"modified":"2015-02-04T00:21:02","modified_gmt":"2015-02-03T23:21:02","slug":"flyer-richtlinien-gebuehren-antragsformular","status":"publish","type":"page","link":"https:\/\/emaa.de\/?page_id=119","title":{"rendered":"Flyer, Richtlinien, Geb\u00fchren, Antragsformular"},"content":{"rendered":"<div id=\"whereami\">Hier finden Sie Informationen und Antragsformulare zum EMA<i><span title=\"EMA\u00ae Flyer, Richtlinien, Geb\u00fchren, Antragsformular\"><sup>\u00ae<\/sup> <\/span><\/i><span title=\"EMA\u00ae Flyer, Richtlinien, Geb\u00fchren, Antragsformular\">&#8211; European Management Accountant<\/span><i><span title=\"EMA\u00ae Flyer, Richtlinien, Geb\u00fchren, Antragsformular\">\u00a0<\/span><\/i><\/div>\n<p>Sie k\u00f6nnen sich einen Info-Flyer, die EMA-Richtlinien, die EMA-<i><\/i>Geb\u00fchrenordnung, das EMA-Qualifikationsprofil und ein Formular f\u00fcr den Erstantrag auf Anerkennung als EMA und den Antrag auf Aufnahme in der EMA-Liste herunterladen.<\/p>\n<table border=\"0\" cellspacing=\"0\" cellpadding=\"1\">\n<tbody>\n<tr>\n<td><\/td>\n<td align=\"center\"><img loading=\"lazy\" decoding=\"async\" class=\"alignnone wp-image-621 size-full\" src=\"http:\/\/emaa.de\/wp-878ef-content\/uploads\/2015\/01\/thumbs1.png\" alt=\"thumbs1\" width=\"40\" height=\"56\" \/><\/td>\n<td>\n<div class=\"filelinks\"><a href=\"http:\/\/www.emaa.de\/wp-878ef-content\/uploads\/2015\/01\/0_Flyer_EMA.pdf\">0_Flyer_EMA<\/a><\/div>\n<\/td>\n<td>\n<div class=\"filelinkssize\">\u00a0\u00a0\u00a01.4 M<\/div>\n<\/td>\n<\/tr>\n<tr>\n<td><\/td>\n<td align=\"center\"><img loading=\"lazy\" decoding=\"async\" class=\"alignnone wp-image-626 size-full\" src=\"http:\/\/emaa.de\/wp-878ef-content\/uploads\/2015\/01\/thumbs2.png\" alt=\"thumbs2\" width=\"40\" height=\"56\" \/><\/td>\n<td>\n<div class=\"filelinks\"><a href=\"http:\/\/www.emaa.de\/wp-878ef-content\/uploads\/2015\/01\/1_Richtlinien_der_EMAA_zum_EMA.pdf\">1_Richtlinien_der_EMAA_zum_EMA<\/a><\/div>\n<\/td>\n<td>\n<div class=\"filelinkssize\">\u00a0\u00a0\u00a0213 K<\/div>\n<\/td>\n<\/tr>\n<tr>\n<td><\/td>\n<td align=\"center\"><img loading=\"lazy\" decoding=\"async\" class=\"alignnone wp-image-624 size-full\" src=\"http:\/\/emaa.de\/wp-878ef-content\/uploads\/2015\/01\/thumbs4.png\" alt=\"thumbs4\" width=\"40\" height=\"56\" \/><\/td>\n<td>\n<div class=\"filelinks\"><a href=\"http:\/\/www.emaa.de\/wp-878ef-content\/uploads\/2015\/01\/2_Erstantrag_Verleihung_EMA.doc\">2_Erstantrag_Verleihung_EMA<\/a><\/div>\n<\/td>\n<td>\n<div class=\"filelinkssize\">\u00a0\u00a0\u00a0169 K<\/div>\n<\/td>\n<\/tr>\n<tr>\n<td><\/td>\n<td align=\"center\"><img loading=\"lazy\" decoding=\"async\" class=\"alignnone wp-image-624 size-full\" src=\"http:\/\/emaa.de\/wp-878ef-content\/uploads\/2015\/01\/thumbs4.png\" alt=\"thumbs4\" width=\"40\" height=\"56\" \/><\/td>\n<td>\n<div class=\"filelinks\"><a href=\"http:\/\/www.emaa.de\/wp-878ef-content\/uploads\/2015\/01\/3_Gebuehrenordnung_EMA.pdf\">3_Gebuehrenordnung_EMA<\/a><\/div>\n<\/td>\n<td>\n<div class=\"filelinkssize\">\u00a0\u00a0\u00a0149 K<\/div>\n<\/td>\n<\/tr>\n<tr>\n<td><\/td>\n<td align=\"center\"><img loading=\"lazy\" decoding=\"async\" class=\"alignnone wp-image-623 size-full\" src=\"http:\/\/emaa.de\/wp-878ef-content\/uploads\/2015\/01\/thumbs5.gif\" alt=\"thumbs5\" width=\"18\" height=\"16\" \/><\/td>\n<td>\n<div class=\"filelinks\"><a href=\"http:\/\/www.emaa.de\/wp-878ef-content\/uploads\/2015\/01\/4_Antrag_weitere_Anerkennung_EMA.doc\">4_Antrag_weitere_Anerkennung_EMA<\/a><\/div>\n<\/td>\n<td>\n<div class=\"filelinkssize\">\u00a0\u00a0\u00a0160 K<\/div>\n<\/td>\n<\/tr>\n<tr>\n<td><\/td>\n<td align=\"center\"><img loading=\"lazy\" decoding=\"async\" class=\"alignnone wp-image-622 size-full\" src=\"http:\/\/emaa.de\/wp-878ef-content\/uploads\/2015\/01\/thumbs6.png\" alt=\"thumbs6\" width=\"40\" height=\"56\" \/><\/td>\n<td>\n<div class=\"filelinks\"><a href=\"http:\/\/www.emaa.de\/wp-878ef-content\/uploads\/2015\/01\/5_Qualifikationsprofil_EMA.pdf\">5_Qualifikationsprofil_EMA<\/a><\/div>\n<\/td>\n<td>\n<div class=\"filelinkssize\">\u00a0\u00a0\u00a0767 K<\/div>\n<\/td>\n<\/tr>\n<\/tbody>\n<\/table>\n<p>&nbsp;<\/p>\n","protected":false},"excerpt":{"rendered":"<p>Hier finden Sie Informationen und Antragsformulare zum EMA\u00ae &#8211; European Management Accountant\u00a0 Sie k\u00f6nnen sich einen Info-Flyer, die EMA-Richtlinien, die EMA-Geb\u00fchrenordnung, das EMA-Qualifikationsprofil und ein Formular f\u00fcr den Erstantrag auf Anerkennung als EMA und den Antrag auf Aufnahme in der EMA-Liste herunterladen. 0_Flyer_EMA \u00a0\u00a0\u00a01.4 M 1_Richtlinien_der_EMAA_zum_EMA \u00a0\u00a0\u00a0213 K 2_Erstantrag_Verleihung_EMA \u00a0\u00a0\u00a0169 K 3_Gebuehrenordnung_EMA \u00a0\u00a0\u00a0149 K 4_Antrag_weitere_Anerkennung_EMA [&hellip;]<\/p>\n","protected":false},"author":1,"featured_media":0,"parent":109,"menu_order":2,"comment_status":"closed","ping_status":"closed","template":"","meta":{"footnotes":""},"class_list":["post-119","page","type-page","status-publish","hentry"],"_links":{"self":[{"href":"https:\/\/emaa.de\/index.php?rest_route=\/wp\/v2\/pages\/119","targetHints":{"allow":["GET"]}}],"collection":[{"href":"https:\/\/emaa.de\/index.php?rest_route=\/wp\/v2\/pages"}],"about":[{"href":"https:\/\/emaa.de\/index.php?rest_route=\/wp\/v2\/types\/page"}],"author":[{"embeddable":true,"href":"https:\/\/emaa.de\/index.php?rest_route=\/wp\/v2\/users\/1"}],"replies":[{"embeddable":true,"href":"https:\/\/emaa.de\/index.php?rest_route=%2Fwp%2Fv2%2Fcomments&post=119"}],"version-history":[{"count":5,"href":"https:\/\/emaa.de\/index.php?rest_route=\/wp\/v2\/pages\/119\/revisions"}],"predecessor-version":[{"id":694,"href":"https:\/\/emaa.de\/index.php?rest_route=\/wp\/v2\/pages\/119\/revisions\/694"}],"up":[{"embeddable":true,"href":"https:\/\/emaa.de\/index.php?rest_route=\/wp\/v2\/pages\/109"}],"wp:attachment":[{"href":"https:\/\/emaa.de\/index.php?rest_route=%2Fwp%2Fv2%2Fmedia&parent=119"}],"curies":[{"name":"wp","href":"https:\/\/api.w.org\/{rel}","templated":true}]}}