{"id":13,"date":"2015-01-13T18:38:05","date_gmt":"2015-01-13T17:38:05","guid":{"rendered":"http:\/\/www.emaa.de\/?page_id=13"},"modified":"2021-09-19T17:05:00","modified_gmt":"2021-09-19T16:05:00","slug":"impressum","status":"publish","type":"page","link":"https:\/\/emaa.de\/?page_id=13","title":{"rendered":"Impressum"},"content":{"rendered":"<p>Account no.: 7069017 IBAN: DE47 66350036 0007069017<br \/>\nAccount holder: EMAA e.V. BIC: BRUSDE66XXX<br \/>\nBank: Sparkasse Kraichgau<br \/>\nSort code: 663 500 36<\/p>\n<h1>Adresse<\/h1>\n<p>European Management Accountants Association e.V.<br \/>\nAuguststra\u00dfe 19 \u2013 29 in 53229 Bonn<br \/>\nTel: +49 (0)228 \/ 9 63 93 &#8211; 18<br \/>\nFax: +49 (0)228 \/ 9 63 93 &#8211; 14<br \/>\nE-Mail: <a href=\"mailto:kontakt@emaa.de\">kontakt@emaa.de<\/a><\/p>\n<h1>Vereinsregister<\/h1>\n<p>VR 6936, Amtsgericht Bonn<br \/>\nVertretungsberechtigt i.S. des Vereinsregisters:<br \/>\nUwe J\u00fcttner, Malsch, D<\/p>\n<h1>Verantwortlich i.S.v. \u00a7 6 Mediendienstestaatsvertrag (MDStV)<\/h1>\n<p>Udo Binias, Meerbusch, D<br \/>\nBeirat<br \/>\nM\u00f6nkesweg 8 in 40670 Meerbusch<br \/>\nTel: +49 (0)2159 \/ 961877<br \/>\nE-Mail: <a href=\"mailto:kontakt@emaa.de\">kontakt@emaa.de<\/a><\/p>\n<h1>Haftungsausschlu\u00df f\u00fcr Externe Links<\/h1>\n<p>Die EMAA e.V. versichert, dass zum Zeitpunkt der Linksetzung die verlinkten Seiten frei von illegalen Inhalten waren. Die EMAA e.V. hat keinerlei Einfluss auf die aktuelle und zuk\u00fcnftige Gestaltung und auf die Inhalte der verkn\u00fcpften Seiten. Die EMAA e.V. distanziert sich daher ausdr\u00fccklich von den Inhalten der verlinkten Seiten, sofern diese nach der Linksetzung ver\u00e4ndert wurden. F\u00fcr illegale, fehlerhafte oder unvollst\u00e4ndige Inhalte und insbesondere f\u00fcr Sch\u00e4den, die aus der Nutzung oder Nichtnutzung der \u00fcber die Verlinkung angebotenen Informationen entstehen, haftet alleine der Anbieter der Seite, auf die verwiesen wurde, nicht jedoch die EMAA e.V., die durch die Linksetzung lediglich auf die Ver\u00f6ffentlichung verweist. Dies gilt f\u00fcr alle innerhalb der Homepage der EMAA e.V. gesetzten Links.<\/p>\n","protected":false},"excerpt":{"rendered":"<p>Account no.: 7069017 IBAN: DE47 66350036 0007069017 Account holder: EMAA e.V. BIC: BRUSDE66XXX Bank: Sparkasse Kraichgau Sort code: 663 500 36 Adresse European Management Accountants Association e.V. Auguststra\u00dfe 19 \u2013 29 in 53229 Bonn Tel: +49 (0)228 \/ 9 63 93 &#8211; 18 Fax: +49 (0)228 \/ 9 63 93 &#8211; 14 E-Mail: kontakt@emaa.de Vereinsregister [&hellip;]<\/p>\n","protected":false},"author":1,"featured_media":0,"parent":0,"menu_order":0,"comment_status":"closed","ping_status":"open","template":"","meta":{"footnotes":""},"class_list":["post-13","page","type-page","status-publish","hentry"],"_links":{"self":[{"href":"https:\/\/emaa.de\/index.php?rest_route=\/wp\/v2\/pages\/13","targetHints":{"allow":["GET"]}}],"collection":[{"href":"https:\/\/emaa.de\/index.php?rest_route=\/wp\/v2\/pages"}],"about":[{"href":"https:\/\/emaa.de\/index.php?rest_route=\/wp\/v2\/types\/page"}],"author":[{"embeddable":true,"href":"https:\/\/emaa.de\/index.php?rest_route=\/wp\/v2\/users\/1"}],"replies":[{"embeddable":true,"href":"https:\/\/emaa.de\/index.php?rest_route=%2Fwp%2Fv2%2Fcomments&post=13"}],"version-history":[{"count":6,"href":"https:\/\/emaa.de\/index.php?rest_route=\/wp\/v2\/pages\/13\/revisions"}],"predecessor-version":[{"id":3257,"href":"https:\/\/emaa.de\/index.php?rest_route=\/wp\/v2\/pages\/13\/revisions\/3257"}],"wp:attachment":[{"href":"https:\/\/emaa.de\/index.php?rest_route=%2Fwp%2Fv2%2Fmedia&parent=13"}],"curies":[{"name":"wp","href":"https:\/\/api.w.org\/{rel}","templated":true}]}}