{"id":162,"date":"2015-01-14T09:32:55","date_gmt":"2015-01-14T08:32:55","guid":{"rendered":"http:\/\/www.emaa.de\/?page_id=162"},"modified":"2022-10-13T14:29:03","modified_gmt":"2022-10-13T13:29:03","slug":"emaa-foerdermitgliedschaften","status":"publish","type":"page","link":"https:\/\/emaa.de\/?page_id=162","title":{"rendered":"EMAA: F\u00f6rdermitgliedschaften"},"content":{"rendered":"<p>Die EMAA, die bisher ein &#8222;closed shop&#8220; Verband der Verb\u00e4nde war, hat sich\u00a0 f\u00fcr F\u00f6rdermitglieder ge\u00f6ffnet.<\/p>\n<p>F\u00fcr nur \u20ac 50,00 &#8211;\u00a0nach oben offen &#8211;\u00a0Jahresbeitrag kann jede nat\u00fcrliche und juristische Person oder letzteren \u00e4hnliche Institutionen, die den Vereinszweck unterst\u00fctzen, F\u00f6rdermitglied werden.<br \/>\nDie F\u00f6rdermitglieder beteiligen sich indirekt am Vereinsleben, sie unterst\u00fctzen den Verein ideell und finanziell bei seiner Zielverfolgung.<br \/>\nDie Teilnahme an s\u00e4mtlichen Veranstaltungen des Vereins und der Mitgliederversammlung\u00a0 steht den F\u00f6rdermitgliedern offen.<\/p>\n<p>Welche Vorteile bietet eine F\u00f6rdermitgliedschaft in der EMAA?<\/p>\n<ul>\n<li><strong>Netzwerk<\/strong><br \/>\nTrete in pers\u00f6nlichen Kontakt zu unseren F\u00f6rdermitgliedern in der EU. Nutze ein europ\u00e4isches Netzwerk, das sich im st\u00e4ndigen Ausbau befindet.<\/li>\n<li><strong>Nutzungsrechte am Logo<\/strong><br \/>\nDas EMAA-Logo kann w\u00e4hrend der Mitgliedschaft auf Briefpapier genutzt werden.<\/li>\n<li><strong>EMAA-Euro-Infos<\/strong><br \/>\nDu erh\u00e4ltst monatlich die EMAA-Euro-Infos zu aktuellen Themen.<\/li>\n<li><strong>Erfahrungsaustausch<\/strong><br \/>\nEinfache Kontaktaufnahme, kompetente Beratung und effektiver Informations- und Erfahrungsaustausch mit den Mitgliedsl\u00e4ndern.<\/li>\n<li><strong>Existenzgr\u00fcndung<\/strong><br \/>\nHilfestellung und Information zur Existenzgr\u00fcndung und gegenseitigen Anerkennung von Diplomen in den Mitgliedsl\u00e4ndern.<\/li>\n<li><strong>Weiterbildung<\/strong><br \/>\nTeilnahme an allen Seminaren und Nutzung der \u201aMehrwertleistungen\u2019 der Mitgliedsverb\u00e4nde zu Mitgliederkonditionen.<\/li>\n<li><strong>Wissenschaftliche Ausarbeitungen<\/strong><br \/>\nZugang zu wissenschaftlichen Ausarbeitungen und Projekten auf internationaler Basis und nationalen Fachzeitschriften.<\/li>\n<li><strong>Fachtagung<\/strong><br \/>\nTeilnahme an unserer j\u00e4hrlichen Fachtagung und der European Management Accountants Association e.V. (EMAA) Mitgliederversammlung in einem der Mitgliederl\u00e4nder.<\/li>\n<li><strong>Fachliche Interessensvertretung<\/strong><br \/>\nFachliche Interessensvertretung zur Schaffung einheitlicher Regelvorschriften, z.B. IFRS.<\/li>\n<li><strong>Werbungskosten<\/strong><br \/>\nDer Mitgliedsbeitrag ist in der Regel steuerlich als Werbungskosten absetzbar.<\/li>\n<\/ul>\n<p class=\"align-left\" align=\"justify\">Haben wir Ihr Interesse an einer F\u00f6rdermitgliedschaft geweckt? Eine Beitrittserkl\u00e4rung k\u00f6nnen sie\u00a0 \u00fcber unsere Gesch\u00e4ftsstelle per E-Mail anfordern! F\u00fcr Fragen stehen wir ihnen jederzeit gerne zur Verf\u00fcgung.<\/p>\n<p><a href=\"http:\/\/www.emaa.de\/wp-878ef-content\/uploads\/2015\/01\/BeitrittserklF_rdermitglieder.pdf\">Beitrittserkl\u00e4rung F\u00f6rdermitglieder<\/a><\/p>\n<p>Dar\u00fcber hinaus suchen wir zur Bearbeitung aller Aufgaben und Erreichung unserer Ziele\u00a0 (siehe &#8222;VERBAND&#8220;) Berufskollegen(innen). Wenn Sie bereit sind, ein wenig Zeit hierf\u00fcr einzusetzen, sprechen Sie uns bitte an.<\/p>\n<table border=\"0\">\n<tbody>\n<tr>\n<th align=\"left\" valign=\"top\">Postanschrift<\/th>\n<td align=\"left\" valign=\"top\">EMAA e.V.<br \/>\nAuguststra\u00dfe 19-29<br \/>\n53229 Bonn<\/td>\n<\/tr>\n<tr>\n<th align=\"left\" valign=\"top\">Telefon<\/th>\n<td align=\"left\" valign=\"top\">+49 (0)228 &#8211; 9 63 93 20<\/td>\n<\/tr>\n<tr>\n<th align=\"left\" valign=\"top\">Telefax<\/th>\n<td align=\"left\" valign=\"top\">+49 (0)228 &#8211; 9 63 93 14<\/td>\n<\/tr>\n<tr>\n<th align=\"left\" valign=\"top\">E-Mail<\/th>\n<td align=\"left\" valign=\"top\"><a href=\"mailto:kontakt@emaa.de\">kontakt@emaa.de<\/a><\/td>\n<\/tr>\n<\/tbody>\n<\/table>\n","protected":false},"excerpt":{"rendered":"<p>Die EMAA, die bisher ein &#8222;closed shop&#8220; Verband der Verb\u00e4nde war, hat sich\u00a0 f\u00fcr F\u00f6rdermitglieder ge\u00f6ffnet. F\u00fcr nur \u20ac 50,00 &#8211;\u00a0nach oben offen &#8211;\u00a0Jahresbeitrag kann jede nat\u00fcrliche und juristische Person oder letzteren \u00e4hnliche Institutionen, die den Vereinszweck unterst\u00fctzen, F\u00f6rdermitglied werden. Die F\u00f6rdermitglieder beteiligen sich indirekt am Vereinsleben, sie unterst\u00fctzen den Verein ideell und finanziell bei [&hellip;]<\/p>\n","protected":false},"author":1,"featured_media":0,"parent":0,"menu_order":0,"comment_status":"closed","ping_status":"closed","template":"","meta":{"footnotes":""},"class_list":["post-162","page","type-page","status-publish","hentry"],"_links":{"self":[{"href":"https:\/\/emaa.de\/index.php?rest_route=\/wp\/v2\/pages\/162","targetHints":{"allow":["GET"]}}],"collection":[{"href":"https:\/\/emaa.de\/index.php?rest_route=\/wp\/v2\/pages"}],"about":[{"href":"https:\/\/emaa.de\/index.php?rest_route=\/wp\/v2\/types\/page"}],"author":[{"embeddable":true,"href":"https:\/\/emaa.de\/index.php?rest_route=\/wp\/v2\/users\/1"}],"replies":[{"embeddable":true,"href":"https:\/\/emaa.de\/index.php?rest_route=%2Fwp%2Fv2%2Fcomments&post=162"}],"version-history":[{"count":9,"href":"https:\/\/emaa.de\/index.php?rest_route=\/wp\/v2\/pages\/162\/revisions"}],"predecessor-version":[{"id":3340,"href":"https:\/\/emaa.de\/index.php?rest_route=\/wp\/v2\/pages\/162\/revisions\/3340"}],"wp:attachment":[{"href":"https:\/\/emaa.de\/index.php?rest_route=%2Fwp%2Fv2%2Fmedia&parent=162"}],"curies":[{"name":"wp","href":"https:\/\/api.w.org\/{rel}","templated":true}]}}