{"id":184,"date":"2015-01-14T09:51:31","date_gmt":"2015-01-14T08:51:31","guid":{"rendered":"http:\/\/www.emaa.de\/?page_id=184"},"modified":"2016-02-20T14:37:03","modified_gmt":"2016-02-20T13:37:03","slug":"zukunft-der-ifrs-in-europa","status":"publish","type":"page","link":"https:\/\/emaa.de\/?page_id=184","title":{"rendered":"IFRS in Europa"},"content":{"rendered":"<p><strong>Der neue Leasingbilanzierungsstandard IFRS 16 Leases ist ver\u00f6ffentlicht!\u00a0 <\/strong><\/p>\n<p>Nun liegen die Dokumente vor! Nach mehreren Ank\u00fcndigungen ist der neue Standard zur Bilanzierung von Leasingverh\u00e4ltnissen am 13. Januar 2016 ver\u00f6ffentlicht worden. Die Inhalte sind l\u00e4ngst kein Geheimnis mehr. Im Mittelpunkt steht das sog. <em>Right<\/em><em>-of-Use-Model <\/em>beim Leasingnehmer. Was ist jetzt zu tun? Diese Frage kommt keineswegs zu fr\u00fch, betonen die beiden Leasingexperten Dr. <em>Peter Adolph <\/em>und <em>Tobias Rischar<\/em> in ihrem Kommentarbeitrag in Heft 2\/2016 der IRZ (S. 57\u201358); sie geben wichtige Tipps und Hinweise, wie die Unternehmen die Herausforderung meistern k\u00f6nnen. Denn auch wenn bis zur verpflichtenden Erstanwendung noch drei Jahre Zeit bleiben, ist z.B. alsbald zu entscheiden, ob der neue IFRS 16 <em>Leases<\/em> wahlweise zusammen mit IFRS 15 <em>Erl\u00f6se aus Vertr\u00e4gen mit Kunden <\/em>bereits zum 1.1.2018 angewendet werden soll.<\/p>\n<p>Zeitschrift f\u00fcr Internationale Rechnungslegung <a href=\"http:\/\/rsw.beck.de\/cms\/?toc=IRZ.root&amp;docid=312164\">IFRS 16 Leases<\/a><br \/>\nhttp:\/\/rsw.beck.de\/cms\/?toc=IRZ.root&#038;docid=312164<\/p>\n<p>&nbsp;<\/p>\n<p>&#8212;&#8212;&#8212;&#8212;&#8212;&#8212;&#8212;&#8212;&#8212;&#8212;&#8212;&#8212;&#8212;&#8212;&#8212;&#8212;&#8212;&#8212;&#8212;&#8211;<\/p>\n<p><strong>Info:<\/strong><br \/>\nDie International Financial Reporting Standards (IFRS) sind seit Verabschiedung der IAS-Verordnung im Jahr 2002 die ma\u00dfgeblichen Bilanzierungsvorschriften f\u00fcr kapitalmarktorientierte Konzerne in der Europ\u00e4ischen Union.<\/p>\n<p>Die Ver\u00f6ffentlichung von Finanzinformationen ist f\u00fcr diese Unternehmen ohne IFRS nicht mehr vorstellbar. Denn neben ihrer Funktion als \u201eEintrittskarte\u201c zu den internationalen Kapitalm\u00e4rkten tr\u00e4gt die Anwendung der IFRS zu einer verbesserten Aussagekraft und Vergleichbarkeit der Abschl\u00fcsse sowie der Angleichung von internem und externem Rechnungswesen bei.<\/p>\n<p>Die IFRS-Bilanzierung und das dazugeh\u00f6rige Genehmigungsverfahren haben dabei ganz konkrete Auswirkungen auf die Konkurrenzf\u00e4higkeit der europ\u00e4ischen Unternehmen. Damit die IFRS auch weiterhin ihren Beitrag zu gleichen Marktchancen gerade auch in Europa leisten k\u00f6nnten, sollte die technische Umsetzung nun forciert werden.<\/p>\n<p>\u201eWenn das Genehmigungsverfahren zu lange dauert oder ins Stocken ger\u00e4t, kann der Standard in Europa noch nicht angewendet werden, wohingegen Unternehmen au\u00dferhalb der EU hiernach bereits bilanzieren d\u00fcrfen. Da kann es schnell zu unerw\u00fcnschten Wettbewerbsnachteilen kommen\u201c.<\/p>\n<p><a href=\"http:\/\/emaa.de\/wp-878ef-content\/uploads\/2015\/01\/IFRS-Vocabulary.xlsx\">hier:\u00a0 <span style=\"text-decoration: underline;\">IFRS Vocabulary<\/span><\/a><\/p>\n<p>&nbsp;<\/p>\n","protected":false},"excerpt":{"rendered":"<p>Der neue Leasingbilanzierungsstandard IFRS 16 Leases ist ver\u00f6ffentlicht!\u00a0 Nun liegen die Dokumente vor! Nach mehreren Ank\u00fcndigungen ist der neue Standard zur Bilanzierung von Leasingverh\u00e4ltnissen am 13. Januar 2016 ver\u00f6ffentlicht worden. Die Inhalte sind l\u00e4ngst kein Geheimnis mehr. Im Mittelpunkt steht das sog. Right-of-Use-Model beim Leasingnehmer. Was ist jetzt zu tun? Diese Frage kommt keineswegs zu [&hellip;]<\/p>\n","protected":false},"author":1,"featured_media":0,"parent":0,"menu_order":0,"comment_status":"closed","ping_status":"closed","template":"","meta":{"footnotes":""},"class_list":["post-184","page","type-page","status-publish","hentry"],"_links":{"self":[{"href":"https:\/\/emaa.de\/index.php?rest_route=\/wp\/v2\/pages\/184","targetHints":{"allow":["GET"]}}],"collection":[{"href":"https:\/\/emaa.de\/index.php?rest_route=\/wp\/v2\/pages"}],"about":[{"href":"https:\/\/emaa.de\/index.php?rest_route=\/wp\/v2\/types\/page"}],"author":[{"embeddable":true,"href":"https:\/\/emaa.de\/index.php?rest_route=\/wp\/v2\/users\/1"}],"replies":[{"embeddable":true,"href":"https:\/\/emaa.de\/index.php?rest_route=%2Fwp%2Fv2%2Fcomments&post=184"}],"version-history":[{"count":9,"href":"https:\/\/emaa.de\/index.php?rest_route=\/wp\/v2\/pages\/184\/revisions"}],"predecessor-version":[{"id":2413,"href":"https:\/\/emaa.de\/index.php?rest_route=\/wp\/v2\/pages\/184\/revisions\/2413"}],"wp:attachment":[{"href":"https:\/\/emaa.de\/index.php?rest_route=%2Fwp%2Fv2%2Fmedia&parent=184"}],"curies":[{"name":"wp","href":"https:\/\/api.w.org\/{rel}","templated":true}]}}