{"id":2448,"date":"2016-03-06T11:24:26","date_gmt":"2016-03-06T10:24:26","guid":{"rendered":"http:\/\/emaa.de\/?page_id=2448"},"modified":"2016-03-09T17:16:22","modified_gmt":"2016-03-09T16:16:22","slug":"laenderinformationen","status":"publish","type":"page","link":"https:\/\/emaa.de\/?page_id=2448","title":{"rendered":"L\u00e4nderinformationen"},"content":{"rendered":"<ul>\n<li><a href=\"\/?cat=259\">Deutschland<\/a><\/li>\n<li><a href=\"\/?cat=272\">\u00d6sterreich<\/a><\/li>\n<li><a href=\"\/?cat=285\">Schweiz<\/a><\/li>\n<li><a href=\"\/?cat=282\">Vereinigtes K\u00f6nigreich<\/a><\/li>\n<li><a href=\"\/?cat=264\">Irland<\/a><\/li>\n<li><a href=\"\/?cat=256\">Belgien<\/a><\/li>\n<li><a href=\"\/?cat=280\">Tschechien<\/a><\/li>\n<li><a href=\"\/?cat=277\">Slowakei<\/a><\/li>\n<li><a href=\"\/?cat=266\">Kroatien<\/a><\/li>\n<li><a href=\"\/?cat=261\">Finnland<\/a><\/li>\n<li><a href=\"\/?cat=284\">Norwegen<\/a><\/li>\n<\/ul>\n<hr \/>\n<ul>\n<li><a href=\"\/?cat=257\">Bulgarien<\/a><\/li>\n<li><a href=\"\/?cat=258\">D\u00e4nemark<\/a><\/li>\n<li><a href=\"\/?cat=260\">Estland<\/a><\/li>\n<li><a href=\"\/?cat=262\">Frankreich<\/a><\/li>\n<li><a href=\"\/?cat=263\">Griechenland<\/a><\/li>\n<li><a href=\"\/?cat=265\">Italien<\/a><\/li>\n<li><a href=\"\/?cat=268\">Litauen<\/a><\/li>\n<li><a href=\"\/?cat=267\">Lettland<\/a><\/li>\n<li><a href=\"\/?cat=269\">Luxemburg<\/a><\/li>\n<li><a href=\"\/?cat=270\">Malta<\/a><\/li>\n<li><a href=\"\/?cat=271\">Niederlande<\/a><\/li>\n<li><a href=\"\/?cat=273\">Polen<\/a><\/li>\n<li><a href=\"\/?cat=274\">Portugal<\/a><\/li>\n<li><a href=\"\/?cat=275\">Rum\u00e4nien<\/a><\/li>\n<li><a href=\"\/?cat=276\">Schweden<\/a><\/li>\n<li><a href=\"\/?cat=278\">Slowenien<\/a><\/li>\n<li><a href=\"\/?cat=279\">Spanien<\/a><\/li>\n<li><a href=\"\/?cat=281\">Ungarn<\/a><\/li>\n<li><a href=\"\/?cat=283\">Zypern<\/a><\/li>\n<\/ul>\n","protected":false},"excerpt":{"rendered":"<p>Deutschland \u00d6sterreich Schweiz Vereinigtes K\u00f6nigreich Irland Belgien Tschechien Slowakei Kroatien Finnland Norwegen Bulgarien D\u00e4nemark Estland Frankreich Griechenland Italien Litauen Lettland Luxemburg Malta Niederlande Polen Portugal Rum\u00e4nien Schweden Slowenien Spanien Ungarn Zypern<\/p>\n","protected":false},"author":1,"featured_media":0,"parent":0,"menu_order":0,"comment_status":"closed","ping_status":"closed","template":"","meta":{"footnotes":""},"class_list":["post-2448","page","type-page","status-publish","hentry"],"_links":{"self":[{"href":"https:\/\/emaa.de\/index.php?rest_route=\/wp\/v2\/pages\/2448","targetHints":{"allow":["GET"]}}],"collection":[{"href":"https:\/\/emaa.de\/index.php?rest_route=\/wp\/v2\/pages"}],"about":[{"href":"https:\/\/emaa.de\/index.php?rest_route=\/wp\/v2\/types\/page"}],"author":[{"embeddable":true,"href":"https:\/\/emaa.de\/index.php?rest_route=\/wp\/v2\/users\/1"}],"replies":[{"embeddable":true,"href":"https:\/\/emaa.de\/index.php?rest_route=%2Fwp%2Fv2%2Fcomments&post=2448"}],"version-history":[{"count":10,"href":"https:\/\/emaa.de\/index.php?rest_route=\/wp\/v2\/pages\/2448\/revisions"}],"predecessor-version":[{"id":2463,"href":"https:\/\/emaa.de\/index.php?rest_route=\/wp\/v2\/pages\/2448\/revisions\/2463"}],"wp:attachment":[{"href":"https:\/\/emaa.de\/index.php?rest_route=%2Fwp%2Fv2%2Fmedia&parent=2448"}],"curies":[{"name":"wp","href":"https:\/\/api.w.org\/{rel}","templated":true}]}}