{"id":542,"date":"2015-01-15T15:45:50","date_gmt":"2015-01-15T14:45:50","guid":{"rendered":"http:\/\/www.emaa.de\/?page_id=542"},"modified":"2020-11-03T10:19:39","modified_gmt":"2020-11-03T09:19:39","slug":"xing-gruppe-der-emaa","status":"publish","type":"page","link":"https:\/\/emaa.de\/?page_id=542","title":{"rendered":"XING Gruppe der EMAA"},"content":{"rendered":"<p>Das System z\u00e4hlt zur sogenannten <a title=\"Soziale Software\" href=\"http:\/\/de.wikipedia.org\/wiki\/Soziale_Software\" target=\"_blank\" rel=\"noopener noreferrer\">sozialen Software<\/a> und ist eines von mehreren <a title=\"Soziales Netzwerk (Internet)\" href=\"http:\/\/de.wikipedia.org\/wiki\/Soziales_Netzwerk_(Internet)\" target=\"_blank\" rel=\"noopener noreferrer\">webbasierten sozialen Netzwerken<\/a>. Kernfunktion ist das Sichtbarmachen des Kontaktnetzes; beispielsweise kann ein Benutzer abfragen, \u00fcber \u201ewie viele Ecken\u201c \u2013 also \u00fcber welche anderen Mitglieder \u2013 er einen anderen kennt, dabei wird das sogenannte <a title=\"Kleine-Welt-Ph\u00e4nomen\" href=\"http:\/\/de.wikipedia.org\/wiki\/Kleine-Welt-Ph%C3%A4nomen\" target=\"_blank\" rel=\"noopener noreferrer\">Kleine-Welt-Ph\u00e4nomen<\/a> sichtbar. Daneben bietet das System zahlreiche <a title=\"Online-Community\" href=\"http:\/\/de.wikipedia.org\/wiki\/Online-Community\" target=\"_blank\" rel=\"noopener noreferrer\">Community<\/a>-Funktionen wie Kontaktseite, Suche nach Interessengebieten, <a title=\"Webforum\" href=\"http:\/\/de.wikipedia.org\/wiki\/Webforum\" target=\"_blank\" rel=\"noopener noreferrer\">Foren<\/a>, Unternehmenswebseiten und 26.000 Fachgruppen. Hier pr\u00e4sentiert sich auch die Gruppe:<\/p>\n<p><b>Freunde der EMAA European Management Accounting Association.<\/b><\/p>\n<p><b>Uwe J\u00fcttner, Pr\u00e4sident der EMAA<\/b>, hat im XING eine neue Gruppe &#8222;Freunde der EMAA &#8211; European Management Accountant Association&#8220; angelegt.<\/p>\n<p>Bereits \u00fcber 122 Freunde aus dem In- und Ausland sind der Gruppe beigetreten. Zeigen auch Sie Ihr Interesse an der EMAA und treten der Gruppe bei.<\/p>\n<p>Wer kann alles Mitglied in der neuen Gruppe werden? Voraussetzung ist, dass Sie sich\u00a0im XING anmelden. Zur Ausnutzung aller Vorteile kann die &#8222;einfache, kostenfreie Mitgliedschaft&#8220; bei Bedarf in eine kostenpflichtige Premium-Mitgliedschaft umgewandelt werden.<\/p>\n<p>Zur EMAA Zielgruppe geh\u00f6ren alle im Rechnungswesen und Controlling t\u00e4tigen Personen, insbesondere Bilanzbuchhalter und Controller. Die EMAA ist die Dachorganisation der Bilanzbuchhalter und Controller in Europa. Wir setzen uns f\u00fcr die Mitgliederentwicklung in den jeweiligen L\u00e4ndern sowie die Harmonisierung der nationalen Zertifikate ein. Wir f\u00f6rdern den Erfahrungsaustausch zwischen den L\u00e4ndern.<\/p>\n<p>Verst\u00e4rken auch Sie die Gruppe durch Ihre Erfahrung und Ihren Rat.<\/p>\n<p>Die Vorteile von XING sind:<\/p>\n<ul>\n<li>Ihre\u00a0Visitenkarte im Internet<\/li>\n<li>Finden von Vertriebskan\u00e4len, Mitarbeitern, Jobs und Ideen<\/li>\n<li>in \u00fcber 30.000 Gruppen werden Interessen und kostenlose Ratschl\u00e4ge ausgetauscht<\/li>\n<\/ul>\n<p><a href=\"https:\/\/www.xing.com\/net\/pri8f5095x\/emaa\/\" target=\"_blank\" rel=\"noopener noreferrer\">https:\/\/www.xing.com\/net\/pri8f5095x\/emaa\/<\/a><\/p>\n","protected":false},"excerpt":{"rendered":"<p>Das System z\u00e4hlt zur sogenannten sozialen Software und ist eines von mehreren webbasierten sozialen Netzwerken. Kernfunktion ist das Sichtbarmachen des Kontaktnetzes; beispielsweise kann ein Benutzer abfragen, \u00fcber \u201ewie viele Ecken\u201c \u2013 also \u00fcber welche anderen Mitglieder \u2013 er einen anderen kennt, dabei wird das sogenannte Kleine-Welt-Ph\u00e4nomen sichtbar. Daneben bietet das System zahlreiche Community-Funktionen wie Kontaktseite, [&hellip;]<\/p>\n","protected":false},"author":1,"featured_media":0,"parent":0,"menu_order":0,"comment_status":"closed","ping_status":"closed","template":"","meta":{"footnotes":""},"class_list":["post-542","page","type-page","status-publish","hentry"],"_links":{"self":[{"href":"https:\/\/emaa.de\/index.php?rest_route=\/wp\/v2\/pages\/542","targetHints":{"allow":["GET"]}}],"collection":[{"href":"https:\/\/emaa.de\/index.php?rest_route=\/wp\/v2\/pages"}],"about":[{"href":"https:\/\/emaa.de\/index.php?rest_route=\/wp\/v2\/types\/page"}],"author":[{"embeddable":true,"href":"https:\/\/emaa.de\/index.php?rest_route=\/wp\/v2\/users\/1"}],"replies":[{"embeddable":true,"href":"https:\/\/emaa.de\/index.php?rest_route=%2Fwp%2Fv2%2Fcomments&post=542"}],"version-history":[{"count":3,"href":"https:\/\/emaa.de\/index.php?rest_route=\/wp\/v2\/pages\/542\/revisions"}],"predecessor-version":[{"id":3155,"href":"https:\/\/emaa.de\/index.php?rest_route=\/wp\/v2\/pages\/542\/revisions\/3155"}],"wp:attachment":[{"href":"https:\/\/emaa.de\/index.php?rest_route=%2Fwp%2Fv2%2Fmedia&parent=542"}],"curies":[{"name":"wp","href":"https:\/\/api.w.org\/{rel}","templated":true}]}}