{"id":595,"date":"2015-02-03T17:59:16","date_gmt":"2015-02-03T16:59:16","guid":{"rendered":"http:\/\/www.emaa.de\/?page_id=595"},"modified":"2015-02-04T12:36:29","modified_gmt":"2015-02-04T11:36:29","slug":"international","status":"publish","type":"page","link":"https:\/\/emaa.de\/?page_id=595","title":{"rendered":"International"},"content":{"rendered":"<ul>\n<li><a title=\"Nationale Mitgliedsverb\u00e4nde\" href=\"\/?page_id=596\">Frequently Asked Questions<\/a><\/li>\n<li><a title=\"Nationale Mitgliedsverb\u00e4nde\" href=\"\/?page_id=596\">Nationale Mitgliedsverb\u00e4nde<\/a>\n<ul>\n<li><a title=\"Deutschland \u2013 BVBC\" href=\"\/?page_id=66\">Deutschland &#8211; BVBC<\/a>\n<ul>\n<li><a title=\"BVBC Pr\u00e4sidium\" href=\"\/?page_id=69\">BVBC-Pr\u00e4sidium<\/a><\/li>\n<li><a title=\"BVBC International Officer\" href=\"\/?page_id=71\">International Officer<\/a><\/li>\n<\/ul>\n<\/li>\n<li><a title=\"\u00d6sterreich \u2013 B\u00d6B\" href=\"\/?page_id=77\">\u00d6sterreich &#8211; B\u00d6B<\/a>\n<ul>\n<li><a title=\"Informationen\" href=\"\/?page_id=82\">Informationen<\/a><\/li>\n<li><a title=\"BCV\" href=\"\/?page_id=85\">BCV<\/a><\/li>\n<li><a title=\"COB\" href=\"\/?page_id=87\">COB<\/a><\/li>\n<li><a title=\"Bilanzbuchhaltergesetz\" href=\"\/?page_id=93\">Bilanzbuchhaltergesetz<\/a><\/li>\n<li><a title=\"Zertifizierung\" href=\"\/?page_id=96\">Zertifizierung<\/a><\/li>\n<li><a title=\"Parit\u00e4tische Kommission, Wien\" href=\"\/?page_id=1089\">Parit\u00e4tische Kommission, Wien<\/a><\/li>\n<\/ul>\n<\/li>\n<li>Gro\u00dfbritanien\n<ul>\n<li><a title=\"The Institute of Certified Bookkeepers\" href=\"\/?page_id=605\">The Institute of Certified Bookkeepers<\/a><\/li>\n<\/ul>\n<\/li>\n<li>Ungarn\n<ul>\n<li><a title=\"MKOE\" href=\"\/?page_id=609\">MKOE<\/a><\/li>\n<\/ul>\n<\/li>\n<\/ul>\n<\/li>\n<li>EU L\u00c4NDER\n<ul>\n<li><a title=\"Belgien\" href=\"\/?page_id=630\">Belgien<\/a><\/li>\n<li><a title=\"Frankreich\" href=\"\/?page_id=637\">Frankreich<\/a><\/li>\n<li><a title=\"Niederlande\" href=\"\/?page_id=642\">Niederlande<\/a><\/li>\n<li><a title=\"Tschechische Republik SU\" href=\"\/?page_id=645\">Tschechische Republik SU<\/a>\n<ul>\n<li><a title=\"Das Bachelor-Diplom\" href=\"\/?page_id=647\">Das Bachelor-Diplom<\/a><\/li>\n<\/ul>\n<\/li>\n<\/ul>\n<\/li>\n<li>EUROPA\n<ul>\n<li><a title=\"Schweiz\" href=\"\/?page_id=650\">Schweiz<\/a>\n<ul>\n<li><a title=\"The Swiss Certified Specialist\" href=\"\/?page_id=654\">The Swiss Certified Specialist<\/a><\/li>\n<li><a title=\"Berufsgrunds\u00e4tze\" href=\"\/?page_id=657\">Berufsgrunds\u00e4tze<\/a><\/li>\n<\/ul>\n<\/li>\n<\/ul>\n<\/li>\n<li><a title=\"Japan\" href=\"\/?page_id=640\">Japan<\/a><\/li>\n<\/ul>\n<p>&nbsp;<\/p>\n","protected":false},"excerpt":{"rendered":"<p>Frequently Asked Questions Nationale Mitgliedsverb\u00e4nde Deutschland &#8211; BVBC BVBC-Pr\u00e4sidium International Officer \u00d6sterreich &#8211; B\u00d6B Informationen BCV COB Bilanzbuchhaltergesetz Zertifizierung Parit\u00e4tische Kommission, Wien Gro\u00dfbritanien The Institute of Certified Bookkeepers Ungarn MKOE EU L\u00c4NDER Belgien Frankreich Niederlande Tschechische Republik SU Das Bachelor-Diplom EUROPA Schweiz The Swiss Certified Specialist Berufsgrunds\u00e4tze Japan &nbsp;<\/p>\n","protected":false},"author":1,"featured_media":0,"parent":0,"menu_order":0,"comment_status":"closed","ping_status":"closed","template":"","meta":{"footnotes":""},"class_list":["post-595","page","type-page","status-publish","hentry"],"_links":{"self":[{"href":"https:\/\/emaa.de\/index.php?rest_route=\/wp\/v2\/pages\/595","targetHints":{"allow":["GET"]}}],"collection":[{"href":"https:\/\/emaa.de\/index.php?rest_route=\/wp\/v2\/pages"}],"about":[{"href":"https:\/\/emaa.de\/index.php?rest_route=\/wp\/v2\/types\/page"}],"author":[{"embeddable":true,"href":"https:\/\/emaa.de\/index.php?rest_route=\/wp\/v2\/users\/1"}],"replies":[{"embeddable":true,"href":"https:\/\/emaa.de\/index.php?rest_route=%2Fwp%2Fv2%2Fcomments&post=595"}],"version-history":[{"count":16,"href":"https:\/\/emaa.de\/index.php?rest_route=\/wp\/v2\/pages\/595\/revisions"}],"predecessor-version":[{"id":1096,"href":"https:\/\/emaa.de\/index.php?rest_route=\/wp\/v2\/pages\/595\/revisions\/1096"}],"wp:attachment":[{"href":"https:\/\/emaa.de\/index.php?rest_route=%2Fwp%2Fv2%2Fmedia&parent=595"}],"curies":[{"name":"wp","href":"https:\/\/api.w.org\/{rel}","templated":true}]}}