{"id":596,"date":"2015-02-03T17:59:45","date_gmt":"2015-02-03T16:59:45","guid":{"rendered":"http:\/\/www.emaa.de\/?page_id=596"},"modified":"2015-02-04T00:42:52","modified_gmt":"2015-02-03T23:42:52","slug":"nationale-mitgliedsverbaende","status":"publish","type":"page","link":"https:\/\/emaa.de\/?page_id=596","title":{"rendered":"Nationale Mitgliedsverb\u00e4nde"},"content":{"rendered":"<ul>\n<li>BVBC\u00a0 &#8211; Bundesverband der Bilanzbuchhalter und Controller e.V.<\/li>\n<li>B\u00d6B\u00a0\u00a0\u00a0 &#8211; Bundesverband der \u00f6sterreichischen Bilanzbuchhalter<\/li>\n<li>ICB\u00a0\u00a0\u00a0\u00a0 &#8211; Institute of Certified Bookkeepers<\/li>\n<li>MKOE &#8211; Magyar K\u00f6nyvel\u0151k Orsz\u00e1gos Egyes\u00fclete<\/li>\n<\/ul>\n<h2><b>BVBC &#8211; <\/b><b>Bundesverband der Bilanzbuchhalter und Controller e.V.<\/b><\/h2>\n<h3>Gesch\u00e4ftsstelle:<\/h3>\n<p>Am Propsthof 15-17<br \/>\nD- 53121 Bonn<br \/>\nTel.: + 49 (0) 228 &#8211; 9 63 93-0<br \/>\nFax: + 49 (0) 228 &#8211; 9 63 93-14<br \/>\ne-mail:\u00a0 <a href=\"mailto:kontakt@bvbc.de\" target=\"_blank\">kontakt@bvbc.de<\/a><br \/>\nweb:\u00a0\u00a0\u00a0\u00a0 <a href=\"http:\/\/www.bvbc.de\/\" target=\"_blank\">http:\/\/www.bvbc.de<\/a><\/p>\n<h3>Pr\u00e4sidentin<\/h3>\n<p>Christel Fries<br \/>\nF\u00fcrstenweg 7<br \/>\n56410 Montabaur<br \/>\n<span lang=\"IT\">Tel.: + 49 (0) 26 02 &#8211; 15 55 18<br \/>\n<\/span><span lang=\"IT\">Fax: + 49 (0) 26 02 &#8211; 9 99 31 76<br \/>\n<\/span><span lang=\"IT\">e-mail:\u00a0<a href=\"mailto:fries@bvbc.de\">fries@bvbc.de<\/a><\/span><\/p>\n<p>&nbsp;<\/p>\n<h2><b>B\u00d6B &#8211; Bundesverband der \u00f6sterreichischen Bilanzbuchhalter\u00a0<\/b><\/h2>\n<h3>Gesch\u00e4ftsstelle:<\/h3>\n<p><span lang=\"DE-AT\">A-1100 Wien, Twin Tower,<\/span><\/p>\n<p><span lang=\"DE-AT\">Wienerbergstra\u00dfe 11 \/ 12a<\/span><\/p>\n<p><span lang=\"DE-AT\">Telefon:\u00a0 <\/span>+43\u2013664-917 34 38<\/p>\n<p><span lang=\"DE-AT\">Fax:\u00a0\u00a0\u00a0\u00a0\u00a0 <\/span>+43-(0)1 99460-5000<\/p>\n<p><span lang=\"DE-AT\">E-Mail:\u00a0<a href=\"mailto:office@boeb.at\" target=\"_blank\">office@boeb.at<\/a><\/span><\/p>\n<p><a href=\"http:\/\/www.boeb.at\/\" target=\"_blank\">http:\/\/www.boeb.at\/<\/a><\/p>\n<h3>Pr\u00e4sident:<\/h3>\n<p><b>Mag. G\u00fcnter Hendrich<br \/>\n<\/b>Pr\u00e4sident<br \/>\n<b>B\u00d6B <\/b>Bundesverband der<br \/>\n\u00f6sterreichischen Bilanzbuchhalter<\/p>\n<p>Email: \u00a0\u00a0 <a href=\"mailto:guenter.hendrich@boeb.at\" target=\"_blank\">guenter.hendrich@boeb.at<\/a><br \/>\nMobil: \u00a0 0664 \/ 61 83 832<br \/>\nZVR-Zahl: \u00a0239200181<br \/>\n<a title=\"blocked::http:\/\/www.boeb.at\/\" href=\"http:\/\/www.boeb.at\/\" target=\"_blank\">www.boeb.at<\/a><\/p>\n<h2><b>ICB\u00a0&#8211; The Institute of Certified Bookkeepers<\/b><\/h2>\n<h3><span lang=\"EN-GB\">Chief Executive<\/span><\/h3>\n<p><span lang=\"EN-GB\">Garry Carter<br \/>\n<\/span><span lang=\"EN-GB\">HQ: Victoria House,<br \/>\n64 Paul Street,<br \/>\nLondon, EC2A 4NG<br \/>\nT: + 44 (0) 845 060 2345<br \/>\ne-mail:\u00a0<a href=\"mailto:info@bookkeepers.org.uk\" target=\"_blank\">info@bookkeepers.org.uk<\/a><\/span><\/p>\n<p>&nbsp;<\/p>\n<h2><b>MKOE &#8211; Magyar K\u00f6nyvel\u0151k Orsz\u00e1gos Egyes\u00fclete<br \/>\n<\/b><\/h2>\n<h3>Pr\u00e4sident<\/h3>\n<p>Lengyel Tibor<br \/>\nTel:\u00a0 + 36 -30 9319477 <a>eln\u00f6k<\/a><\/p>\n<p>Tel:\u00a0 + 36\u00a0-1 336-70-00<br \/>\nFax: + 36\u00a0-1 336-70-99<\/p>\n<p>e-mail: <a href=\"mailto:info@mkoe.hu\" target=\"_blank\">info@mkoe.hu<\/a><br \/>\nvagy:\u00a0<a href=\"mailto:info.mkoe@gmail.com\" target=\"_blank\">info.mkoe@gmail.com<\/a><\/p>\n<p>web: <a href=\"http:\/\/www.mkoe.hu\/\" target=\"_blank\">www.mkoe.hu<\/a><\/p>\n<p>Lev\u00e9lc\u00edm:<br \/>\n1134 Budapest<br \/>\nLehel \u00fat 11.<\/p>\n<p>&nbsp;<\/p>\n","protected":false},"excerpt":{"rendered":"<p>BVBC\u00a0 &#8211; Bundesverband der Bilanzbuchhalter und Controller e.V. B\u00d6B\u00a0\u00a0\u00a0 &#8211; Bundesverband der \u00f6sterreichischen Bilanzbuchhalter ICB\u00a0\u00a0\u00a0\u00a0 &#8211; Institute of Certified Bookkeepers MKOE &#8211; Magyar K\u00f6nyvel\u0151k Orsz\u00e1gos Egyes\u00fclete BVBC &#8211; Bundesverband der Bilanzbuchhalter und Controller e.V. Gesch\u00e4ftsstelle: Am Propsthof 15-17 D- 53121 Bonn Tel.: + 49 (0) 228 &#8211; 9 63 93-0 Fax: + 49 (0) 228 [&hellip;]<\/p>\n","protected":false},"author":1,"featured_media":0,"parent":595,"menu_order":0,"comment_status":"closed","ping_status":"closed","template":"","meta":{"footnotes":""},"class_list":["post-596","page","type-page","status-publish","hentry"],"_links":{"self":[{"href":"https:\/\/emaa.de\/index.php?rest_route=\/wp\/v2\/pages\/596","targetHints":{"allow":["GET"]}}],"collection":[{"href":"https:\/\/emaa.de\/index.php?rest_route=\/wp\/v2\/pages"}],"about":[{"href":"https:\/\/emaa.de\/index.php?rest_route=\/wp\/v2\/types\/page"}],"author":[{"embeddable":true,"href":"https:\/\/emaa.de\/index.php?rest_route=\/wp\/v2\/users\/1"}],"replies":[{"embeddable":true,"href":"https:\/\/emaa.de\/index.php?rest_route=%2Fwp%2Fv2%2Fcomments&post=596"}],"version-history":[{"count":3,"href":"https:\/\/emaa.de\/index.php?rest_route=\/wp\/v2\/pages\/596\/revisions"}],"predecessor-version":[{"id":701,"href":"https:\/\/emaa.de\/index.php?rest_route=\/wp\/v2\/pages\/596\/revisions\/701"}],"up":[{"embeddable":true,"href":"https:\/\/emaa.de\/index.php?rest_route=\/wp\/v2\/pages\/595"}],"wp:attachment":[{"href":"https:\/\/emaa.de\/index.php?rest_route=%2Fwp%2Fv2%2Fmedia&parent=596"}],"curies":[{"name":"wp","href":"https:\/\/api.w.org\/{rel}","templated":true}]}}