{"id":6,"date":"2015-01-13T19:10:13","date_gmt":"2015-01-13T17:10:13","guid":{"rendered":"http:\/\/www.emaa.de\/?page_id=6"},"modified":"2021-10-11T13:34:49","modified_gmt":"2021-10-11T12:34:49","slug":"european-management-accountants-association-e-v","status":"publish","type":"page","link":"https:\/\/emaa.de\/","title":{"rendered":"European Management Accountants Association e.V."},"content":{"rendered":"<h1>Willkommen bei der\u00a0EMAA<\/h1>\n<p>Die EMAA (European Management Accountants Association e.V.) mit Sitz in Bonn ist eine Dachorganisation f\u00fcr nationale Controller- und Bilanzbuchhalterverb\u00e4nde aus den europ\u00e4ischen L\u00e4ndern. 176 000 nationale Mitglieder und deren wirtschaftliche Kompetenz haben mit der EMAA ein Sprachrohr gegen\u00fcber dem europ\u00e4ischen Rat, der Kommission der europ\u00e4ischen Gemeinschaft, dem Europ\u00e4ischen Parlament und bei europ\u00e4ischen Wirtschaftsverb\u00e4nden.<\/p>\n<p>Die EMAA hat die Aufgabe, die wirtschaftlichen und berufspolitischen Interessen der diplomierten Buchhalter, Bilanzbuchhalter und\/oder Controller zu f\u00f6rdern, und die Zusammenarbeit dieser Berufsgruppen in Europa zu verst\u00e4rken. Ferner sollen durch die Zusammenarbeit \u00fcber die Grenzen hinweg, die T\u00e4tigkeitsbereiche der Bilanzbuchhalter und Controller ausgedehnt und gef\u00f6rdert werden. Au\u00dferdem wird sich die EMAA f\u00fcr eine Harmonisierung der nationalen Ausbildungs- und Pr\u00fcfungsvorschriften bez\u00fcglich des Erwerbs der betreffenden Zeugnisse und\/oder Diplome einsetzen.<\/p>\n<p>European Management Accountants Association e.V. (EMAA)<br \/>\nAuguststra\u00dfe 19 \u2013 29 in 53229 Bonn<br \/>\nTel.: +49 (0) 228-96 39 30<br \/>\nE-Mail: kontakt@emaa.de<\/p>\n<h1>Mitgliedsverb\u00e4nde<\/h1>\n<table style=\"height: 163px;\" border=\"0\" width=\"584\">\n<tbody>\n<tr valign=\"top\">\n<td valign=\"top\">\n<p><div id=\"attachment_530\" style=\"width: 110px\" class=\"wp-caption alignnone\"><a href=\"http:\/\/bvbc.de\/\"><img loading=\"lazy\" decoding=\"async\" aria-describedby=\"caption-attachment-530\" class=\"wp-image-530\" src=\"http:\/\/www.emaa.de\/wp-878ef-content\/uploads\/2015\/01\/3235f93ff6-e1421265508963.jpg\" alt=\"BVBC Deutschland,\" width=\"100\" height=\"26\" \/><\/a><p id=\"caption-attachment-530\" class=\"wp-caption-text\">BVBC Deutschland,<\/p><\/div><\/td>\n<td valign=\"top\">\n<p><div id=\"attachment_538\" style=\"width: 110px\" class=\"wp-caption alignnone\"><a href=\"http:\/\/boeb.at\/\"><img loading=\"lazy\" decoding=\"async\" aria-describedby=\"caption-attachment-538\" class=\"wp-image-538 size-full\" src=\"http:\/\/www.emaa.de\/wp-878ef-content\/uploads\/2015\/01\/Boeb_Logo_1600.jpg\" alt=\"B\u00d6B \u00d6sterreich,\" width=\"100\" height=\"39\" srcset=\"https:\/\/emaa.de\/wp-878ef-content\/uploads\/2015\/01\/Boeb_Logo_1600.jpg 1600w, https:\/\/emaa.de\/wp-878ef-content\/uploads\/2015\/01\/Boeb_Logo_1600-300x118.jpg 300w, https:\/\/emaa.de\/wp-878ef-content\/uploads\/2015\/01\/Boeb_Logo_1600-1024x401.jpg 1024w, https:\/\/emaa.de\/wp-878ef-content\/uploads\/2015\/01\/Boeb_Logo_1600-595x224.jpg 595w, https:\/\/emaa.de\/wp-878ef-content\/uploads\/2015\/01\/Boeb_Logo_1600-250x98.jpg 250w\" sizes=\"auto, (max-width: 100px) 100vw, 100px\" \/><\/a><p id=\"caption-attachment-538\" class=\"wp-caption-text\">B\u00d6B \u00d6sterreich,<\/p><\/div><\/td>\n<td valign=\"top\"><\/td>\n<td valign=\"top\">\n<p><div id=\"attachment_527\" style=\"width: 89px\" class=\"wp-caption alignnone\"><a href=\"http:\/\/mkoe.hu\/index.php\"><img loading=\"lazy\" decoding=\"async\" aria-describedby=\"caption-attachment-527\" class=\"wp-image-527 size-full\" src=\"http:\/\/www.emaa.de\/wp-878ef-content\/uploads\/2015\/01\/2a3c05446e.gif\" alt=\"MKOE Ungarn\" width=\"79\" height=\"54\" \/><\/a><p id=\"caption-attachment-527\" class=\"wp-caption-text\">MKOE Ungarn<\/p><\/div><\/td>\n<\/tr>\n<\/tbody>\n<\/table>\n<h2>F\u00f6rdermitglieder:<\/h2>\n<h1><a href=\"http:\/\/emaa.de\/wp-878ef-content\/uploads\/2015\/01\/Bibu_Logo_rgb-Salzburg-2015-.jpg\"><img loading=\"lazy\" decoding=\"async\" class=\" wp-image-2177\" src=\"http:\/\/emaa.de\/wp-878ef-content\/uploads\/2015\/01\/Bibu_Logo_rgb-Salzburg-2015--300x190.jpg\" alt=\"Bibu Salzburg\" width=\"94\" height=\"65\" \/><\/a>\u00a0\u00a0 <a href=\"http:\/\/emaa.de\/wp-878ef-content\/uploads\/2015\/01\/BICOS-TIROL.gif\"><img loading=\"lazy\" decoding=\"async\" class=\"alignnone wp-image-2184\" src=\"http:\/\/emaa.de\/wp-878ef-content\/uploads\/2015\/01\/BICOS-TIROL.gif\" alt=\"BICOS TIROL\" width=\"116\" height=\"75\" \/><\/a><\/h1>\n<h1><\/h1>\n","protected":false},"excerpt":{"rendered":"<p>Willkommen bei der\u00a0EMAA Die EMAA (European Management Accountants Association e.V.) mit Sitz in Bonn ist eine Dachorganisation f\u00fcr nationale Controller- und Bilanzbuchhalterverb\u00e4nde aus den europ\u00e4ischen L\u00e4ndern. 176 000 nationale Mitglieder und deren wirtschaftliche Kompetenz haben mit der EMAA ein Sprachrohr gegen\u00fcber dem europ\u00e4ischen Rat, der Kommission der europ\u00e4ischen Gemeinschaft, dem Europ\u00e4ischen Parlament und bei europ\u00e4ischen [&hellip;]<\/p>\n","protected":false},"author":1,"featured_media":0,"parent":0,"menu_order":0,"comment_status":"closed","ping_status":"closed","template":"","meta":{"footnotes":""},"class_list":["post-6","page","type-page","status-publish","hentry"],"_links":{"self":[{"href":"https:\/\/emaa.de\/index.php?rest_route=\/wp\/v2\/pages\/6","targetHints":{"allow":["GET"]}}],"collection":[{"href":"https:\/\/emaa.de\/index.php?rest_route=\/wp\/v2\/pages"}],"about":[{"href":"https:\/\/emaa.de\/index.php?rest_route=\/wp\/v2\/types\/page"}],"author":[{"embeddable":true,"href":"https:\/\/emaa.de\/index.php?rest_route=\/wp\/v2\/users\/1"}],"replies":[{"embeddable":true,"href":"https:\/\/emaa.de\/index.php?rest_route=%2Fwp%2Fv2%2Fcomments&post=6"}],"version-history":[{"count":20,"href":"https:\/\/emaa.de\/index.php?rest_route=\/wp\/v2\/pages\/6\/revisions"}],"predecessor-version":[{"id":3265,"href":"https:\/\/emaa.de\/index.php?rest_route=\/wp\/v2\/pages\/6\/revisions\/3265"}],"wp:attachment":[{"href":"https:\/\/emaa.de\/index.php?rest_route=%2Fwp%2Fv2%2Fmedia&parent=6"}],"curies":[{"name":"wp","href":"https:\/\/api.w.org\/{rel}","templated":true}]}}