{"id":642,"date":"2015-02-03T23:02:11","date_gmt":"2015-02-03T22:02:11","guid":{"rendered":"http:\/\/emaa.de\/?page_id=642"},"modified":"2015-02-03T23:02:11","modified_gmt":"2015-02-03T22:02:11","slug":"niederlande","status":"publish","type":"page","link":"https:\/\/emaa.de\/?page_id=642","title":{"rendered":"Niederlande"},"content":{"rendered":"<p>Die Hauptaufgabe der Deutsch-Niederl\u00e4ndischen Handelskammer (DNHK) besteht in der F\u00f6rderung und Unterst\u00fctzung der deutsch-niederl\u00e4ndischen Gesch\u00e4ftsbeziehungen. Genau dies tun wir nun bereits seit mehr als 100 Jahren.<\/p>\n<p>Ob Marktanalysen, Adressrecherchen, Rechtsausk\u00fcnfte oder Personalvermittlung: Als Beratungsinstanz bietet die DNHK einen umfassenden Service f\u00fcr Unternehmen, die im jeweiligen Nachbarland t\u00e4tig sein wollen oder dort Gesch\u00e4ftskontakte suchen. Die vielen Veranstaltungen und Publikationen der Handelskammer bieten dar\u00fcber hinaus ein gern genutztes Kommunikationsforum f\u00fcr alle\u00a0Unternehmen.<\/p>\n<p><span style=\"color: #000000; font-family: Arial, Helvetica, sans-serif; font-style: normal; line-height: normal; background-color: #e9eff7;\">\u00a0<\/span><\/p>\n","protected":false},"excerpt":{"rendered":"<p>Die Hauptaufgabe der Deutsch-Niederl\u00e4ndischen Handelskammer (DNHK) besteht in der F\u00f6rderung und Unterst\u00fctzung der deutsch-niederl\u00e4ndischen Gesch\u00e4ftsbeziehungen. Genau dies tun wir nun bereits seit mehr als 100 Jahren. Ob Marktanalysen, Adressrecherchen, Rechtsausk\u00fcnfte oder Personalvermittlung: Als Beratungsinstanz bietet die DNHK einen umfassenden Service f\u00fcr Unternehmen, die im jeweiligen Nachbarland t\u00e4tig sein wollen oder dort Gesch\u00e4ftskontakte suchen. Die vielen [&hellip;]<\/p>\n","protected":false},"author":1,"featured_media":0,"parent":595,"menu_order":0,"comment_status":"closed","ping_status":"closed","template":"","meta":{"footnotes":""},"class_list":["post-642","page","type-page","status-publish","hentry"],"_links":{"self":[{"href":"https:\/\/emaa.de\/index.php?rest_route=\/wp\/v2\/pages\/642","targetHints":{"allow":["GET"]}}],"collection":[{"href":"https:\/\/emaa.de\/index.php?rest_route=\/wp\/v2\/pages"}],"about":[{"href":"https:\/\/emaa.de\/index.php?rest_route=\/wp\/v2\/types\/page"}],"author":[{"embeddable":true,"href":"https:\/\/emaa.de\/index.php?rest_route=\/wp\/v2\/users\/1"}],"replies":[{"embeddable":true,"href":"https:\/\/emaa.de\/index.php?rest_route=%2Fwp%2Fv2%2Fcomments&post=642"}],"version-history":[{"count":1,"href":"https:\/\/emaa.de\/index.php?rest_route=\/wp\/v2\/pages\/642\/revisions"}],"predecessor-version":[{"id":643,"href":"https:\/\/emaa.de\/index.php?rest_route=\/wp\/v2\/pages\/642\/revisions\/643"}],"up":[{"embeddable":true,"href":"https:\/\/emaa.de\/index.php?rest_route=\/wp\/v2\/pages\/595"}],"wp:attachment":[{"href":"https:\/\/emaa.de\/index.php?rest_route=%2Fwp%2Fv2%2Fmedia&parent=642"}],"curies":[{"name":"wp","href":"https:\/\/api.w.org\/{rel}","templated":true}]}}