{"id":645,"date":"2015-02-03T23:03:14","date_gmt":"2015-02-03T22:03:14","guid":{"rendered":"http:\/\/emaa.de\/?page_id=645"},"modified":"2016-12-15T14:23:19","modified_gmt":"2016-12-15T13:23:19","slug":"tschechische-republik-su","status":"publish","type":"page","link":"https:\/\/emaa.de\/?page_id=645","title":{"rendered":"Tschechische Republik SU"},"content":{"rendered":"<h2>SVAZ \u00daCETN\u00cdCH\u00a0 (Buchhalterverband, Union of Accountants)<\/h2>\n<p>&nbsp;<\/p>\n<ul type=\"disc\">\n<li class=\" \">Offizieller Name der Organization: <strong>Svaz \u00facetn\u00edch<\/strong><\/li>\n<li class=\" \">Adresse: Jugosl\u00e1vsk\u00e1 567\/16, CZ-120 00 Praha 2<\/li>\n<li class=\" \">Telefon: Tel.: +42 221 505 400<\/li>\n<li class=\" \">Fax: +42 221 505 413<\/li>\n<li class=\" \">e-mail:\u00a0<a href=\"mailto:hv@svaz-ucetnich.cz\">hv@svaz-ucetnich.cz<\/a><\/li>\n<li class=\" \">web:\u00a0 <a href=\"http:\/\/www.svaz-ucetnich.cz\/\" target=\"_blank\">http:\/\/www.svaz-ucetnich.cz<\/a><\/li>\n<\/ul>\n<table border=\"0\" cellspacing=\"0\" cellpadding=\"1\">\n<tbody>\n<tr>\n<td valign=\"top\" bgcolor=\"silver\">\n<div id=\"text\">\n<h2><span style=\"color: #333333;\">Der Buchhalterverband<\/span><\/h2>\n<p><span style=\"color: #333333;\">Der Buchhalterverband ist eine freiwillige und unabh\u00e4ngige Interessengemeinschaft mit landesweiter Zust\u00e4ndigkeit, die gem\u00e4\u00df dem Gesetz Nr. 83\/1990 Sb. \u00fcber B\u00fcrgervereinigung in der Fassung sp\u00e4terer Vorschriften errichtet wurde und unter diesem Namen seit 1990 Buchhalter, Wirtschaftspr\u00fcfer, Steuerberater sowie andere Interessenten vereinigt, die mit den in der Satzung des Verbandes sowie anderen Dokumenten definierten Programmgrunds\u00e4tzen einverstanden ist. In seiner T\u00e4tigkeit baut er auf der Arbeit des Tschechischen Buchhalter- und Statistikerverbandes auf, der im Jahr 1969 in Pilsen gegr\u00fcndet wurde.<\/span><\/p>\n<p><span style=\"color: #333333;\">Die Mitglieder des Buchhalterverbandes vereinigen sich aufgrund des territorialen Prinzips oder in der im April 1999 gegr\u00fcndeten Kammer zertifizierter Buchhalter.<\/span><\/p>\n<p><span style=\"color: #333333;\">Die bedeutendste Aufgabe des Verbandes besteht zur Zeit darin, zur Entwicklung und Aufwertung des Buchhalterberufs bei uns beizutragen und ein mit den EU-L\u00e4ndern vergleichbares Niveau zu erreichen. Dieses Ziel wird insbesondere durch die Umsetzung des Zertifizierungssystems erf\u00fcllt, das in Zusammenarbeit mit ausl\u00e4ndischen Experten und insbesondere der britischen <a style=\"color: #333333;\" href=\"http:\/\/www.accaglobal.com\/home\/\" target=\"_blank\">Association of Chartered Certified Accountans<\/a> &#8211; ACCA aufgebaut wurde. Das System wurde Ende des Jahres 1997 eingef\u00fchrt.<\/span><\/p>\n<p><span style=\"color: #333333;\">Au\u00dfer dem Zertifizierungsprojekt f\u00fchrt der Verband (mit Hilfe des Institutes des Buchhalterverbandes in Prag und einzelnen Grundorganisationen in den Regionen) eine umfangreiche und systematische Bildungs- und Beratungst\u00e4tigkeit durch.<\/span><\/p>\n<p><span style=\"color: #333333;\">Eine gro\u00dfe Bedeutung kommt der methodischen T\u00e4tigkeit zu, die auf die L\u00f6sung konkreter Einzelprobleme in der Praxis sowie die systematische Arbeit f\u00fcr gesetzgebende Zwecke im Bereich der Rechnungslegung und von zusammenh\u00e4ngenden Gesetzen und Buchhaltungsmethoden ausgerichtet ist. Im Januar 1999 wurde der Nationale Rechnungslegungsrat gegr\u00fcndet, der insbesondere das Vorgehen der Gr\u00fcnder zu koordinieren und zu vereinheitlichen hat, zu denen der Buchhalterverband, die Kammer der Wirtschaftspr\u00fcfer der \u010cR, die Kammer der Steuerberater der \u010cR und die Wirtschaftsuniversit\u00e4t Prag in diesem Bereich geh\u00f6ren.<\/span><\/p>\n<p><span style=\"color: #333333;\">Die Ausstellung SFAMEX (Software f\u00fcr Rechnungswesen und Management &amp; Dienstleistungen f\u00fcr Unternehmer) findet zweimal im Jahr statt und ist sehr bekannt. Der Buchhalterverband gibt au\u00dferdem die Zeitschriften &#8222;\u00da\u010detnictv\u00ed&#8220; und &#8222;Metodick\u00e9 aktuality&#8220; sowie eine Vielzahl von Fachpublikationen heraus und beteiligt sich als Autor an der Software &#8222;\u00da\u010detn\u00ed poradce&#8220; (Berater im Rechnungswesen).<\/span><\/p>\n<p><span style=\"color: #333333;\">Der Buchhalterverband ist seit 1998 Mitglied der renommierten <a style=\"color: #333333;\" href=\"http:\/\/www.ifac.org\/\" target=\"_blank\">International Federation of Accountans<\/a> &#8211; IFAC mit Sitz in New York, die nationale Buchhalter- und Wirtschaftspr\u00fcferverb\u00e4nde aus der ganzen Welt vereinigt, sowie der European Management Accountans Association &#8211; EMMA mit Sitz in Bonn, in der jeweilige Verb\u00e4nde aus der BRD, der Schweiz und \u00d6sterreich vertreten sind. Die problemlose Aufnahme zum Mitglied der beiden Vereinigungen stellt einen Nachweis des Prestiges dar, dessen sich der Buchhalterverband im Ausland erfreut, ist jedoch gleichzeitig eine bedeutende Verpflichtung f\u00fcr die Zukunft im Hinblick auf den Aufbau einer anerkannten Berufsgemeinschaft.<\/span><\/p>\n<\/div>\n<\/td>\n<td valign=\"top\" bgcolor=\"silver\"><\/td>\n<\/tr>\n<tr>\n<td valign=\"top\" bgcolor=\"silver\"><\/td>\n<td valign=\"top\"><\/td>\n<\/tr>\n<tr>\n<td valign=\"top\" bgcolor=\"silver\"><\/td>\n<td valign=\"top\"><\/td>\n<\/tr>\n<tr>\n<td valign=\"top\" bgcolor=\"silver\"><\/td>\n<td valign=\"top\"><\/td>\n<\/tr>\n<tr>\n<td valign=\"top\" bgcolor=\"silver\"><\/td>\n<td valign=\"top\"><\/td>\n<\/tr>\n<tr>\n<td valign=\"top\" bgcolor=\"silver\"><\/td>\n<td valign=\"top\"><\/td>\n<\/tr>\n<tr>\n<td valign=\"top\" bgcolor=\"silver\"><\/td>\n<td valign=\"top\"><\/td>\n<\/tr>\n<tr>\n<td valign=\"top\" bgcolor=\"silver\"><\/td>\n<td valign=\"top\"><\/td>\n<\/tr>\n<tr>\n<td valign=\"top\" bgcolor=\"silver\"><\/td>\n<td valign=\"top\"><\/td>\n<\/tr>\n<tr>\n<td valign=\"top\" bgcolor=\"silver\"><\/td>\n<td valign=\"top\"><\/td>\n<\/tr>\n<tr>\n<td valign=\"top\" bgcolor=\"silver\"><\/td>\n<td valign=\"top\"><\/td>\n<\/tr>\n<tr>\n<td valign=\"top\" bgcolor=\"silver\"><\/td>\n<td valign=\"top\"><\/td>\n<\/tr>\n<tr>\n<td valign=\"top\" bgcolor=\"silver\"><\/td>\n<td valign=\"top\"><\/td>\n<\/tr>\n<tr>\n<td valign=\"top\" bgcolor=\"silver\"><\/td>\n<td valign=\"top\"><\/td>\n<\/tr>\n<tr>\n<td valign=\"top\" bgcolor=\"silver\"><\/td>\n<td valign=\"top\"><\/td>\n<\/tr>\n<tr>\n<td valign=\"top\" bgcolor=\"silver\"><\/td>\n<td valign=\"top\"><\/td>\n<\/tr>\n<tr>\n<td valign=\"top\" bgcolor=\"silver\"><\/td>\n<td valign=\"top\"><\/td>\n<\/tr>\n<tr>\n<td valign=\"top\" bgcolor=\"silver\"><\/td>\n<td valign=\"top\"><\/td>\n<\/tr>\n<tr>\n<td valign=\"top\" bgcolor=\"silver\"><\/td>\n<td valign=\"top\"><\/td>\n<\/tr>\n<tr>\n<td valign=\"top\" bgcolor=\"silver\"><\/td>\n<td valign=\"top\"><\/td>\n<\/tr>\n<tr>\n<td valign=\"top\" bgcolor=\"silver\"><\/td>\n<td valign=\"top\"><\/td>\n<\/tr>\n<\/tbody>\n<\/table>\n<p>&nbsp;<\/p>\n","protected":false},"excerpt":{"rendered":"<p>SVAZ \u00daCETN\u00cdCH\u00a0 (Buchhalterverband, Union of Accountants) &nbsp; Offizieller Name der Organization: Svaz \u00facetn\u00edch Adresse: Jugosl\u00e1vsk\u00e1 567\/16, CZ-120 00 Praha 2 Telefon: Tel.: +42 221 505 400 Fax: +42 221 505 413 e-mail:\u00a0hv@svaz-ucetnich.cz web:\u00a0 http:\/\/www.svaz-ucetnich.cz Der Buchhalterverband Der Buchhalterverband ist eine freiwillige und unabh\u00e4ngige Interessengemeinschaft mit landesweiter Zust\u00e4ndigkeit, die gem\u00e4\u00df dem Gesetz Nr. 83\/1990 Sb. \u00fcber [&hellip;]<\/p>\n","protected":false},"author":1,"featured_media":0,"parent":595,"menu_order":0,"comment_status":"closed","ping_status":"closed","template":"","meta":{"footnotes":""},"class_list":["post-645","page","type-page","status-publish","hentry"],"_links":{"self":[{"href":"https:\/\/emaa.de\/index.php?rest_route=\/wp\/v2\/pages\/645","targetHints":{"allow":["GET"]}}],"collection":[{"href":"https:\/\/emaa.de\/index.php?rest_route=\/wp\/v2\/pages"}],"about":[{"href":"https:\/\/emaa.de\/index.php?rest_route=\/wp\/v2\/types\/page"}],"author":[{"embeddable":true,"href":"https:\/\/emaa.de\/index.php?rest_route=\/wp\/v2\/users\/1"}],"replies":[{"embeddable":true,"href":"https:\/\/emaa.de\/index.php?rest_route=%2Fwp%2Fv2%2Fcomments&post=645"}],"version-history":[{"count":5,"href":"https:\/\/emaa.de\/index.php?rest_route=\/wp\/v2\/pages\/645\/revisions"}],"predecessor-version":[{"id":2603,"href":"https:\/\/emaa.de\/index.php?rest_route=\/wp\/v2\/pages\/645\/revisions\/2603"}],"up":[{"embeddable":true,"href":"https:\/\/emaa.de\/index.php?rest_route=\/wp\/v2\/pages\/595"}],"wp:attachment":[{"href":"https:\/\/emaa.de\/index.php?rest_route=%2Fwp%2Fv2%2Fmedia&parent=645"}],"curies":[{"name":"wp","href":"https:\/\/api.w.org\/{rel}","templated":true}]}}