{"id":660,"date":"2015-02-03T23:16:42","date_gmt":"2015-02-03T22:16:42","guid":{"rendered":"http:\/\/emaa.de\/?page_id=660"},"modified":"2015-02-03T23:16:42","modified_gmt":"2015-02-03T22:16:42","slug":"kurzportrait","status":"publish","type":"page","link":"https:\/\/emaa.de\/?page_id=660","title":{"rendered":"Kurzportrait"},"content":{"rendered":"<h2>Ein Kurzportrait des Verbandes<\/h2>\n<p>Die\u00a0Ausdehnung des Europ\u00e4ischen Binnenmarktes sowie die Neuausrichtung aller L\u00e4nder in Europa ver\u00e4ndern das Berufs- und Dienstleistungsumfeld der Certified Accountants, diplomierten Buchhalter, Bilanzbuchhalter und Controller. Da sich die wirtschaftlichen und berufspolitischen Interessen dieser Berufsgruppen durch Kr\u00e4fteb\u00fcndelung innerhalb eines europ\u00e4ischen Dachverbandes wesentlich besser koordinieren lassen, wurde 1994 die <b>European Management Accountants Association (EMAA), <\/b>mit Sitz in Bonn, gegr\u00fcndet.<\/p>\n<p>Die EMAA hat die Aufgabe, die wirtschaftlichen und berufspolitischen Interessen der diplomierten Buchhalter, Bilanzbuchhalter und\/oder Controller zu f\u00f6rdern, und die Zusammenarbeit dieser Berufsgruppen in Europa zu verst\u00e4rken. Ferner sollen durch die Zusammenarbeit \u00fcber die Grenzen hinweg, die T\u00e4tigkeitsbereiche der Bilanzbuchhalter und Controller ausgedehnt und gef\u00f6rdert werden.<\/p>\n<p>Das Pr\u00e4sidium des Verbandes arbeitet ehrenamtlich wird von den\u00a0 nachfolgenden nationalen Verb\u00e4nden durch Vizepr\u00e4sidenten unterst\u00fctzt:<\/p>\n<ul>\n<li><b>BVBC, Deutschland: \u00a0 Christel Fries,\u00a0<a href=\"http:\/\/www.bvbc.de\/\" target=\"_blank\">www.bvbc.de<\/a><\/b><\/li>\n<li><b>B\u00d6B, \u00d6sterreich:\u00a0\u00a0\u00a0\u00a0\u00a0\u00a0 Gerhard Peirhofer, <a href=\"http:\/\/www.boeb.at\/\" target=\"_blank\">www.boeb.at<\/a><\/b><\/li>\n<li><b>ICB, Gro\u00dfbritannien:\u00a0 Garry Carter,\u00a0\u00a0\u00a0\u00a0\u00a0 <a href=\"http:\/\/www.bookkeepers.org.uk\/\" target=\"_blank\">www.bookkeepers.org.uk\/<\/a><\/b><\/li>\n<li><b>MKOE, Ungarn:\u00a0\u00a0\u00a0\u00a0\u00a0\u00a0\u00a0\u00a0 Tibor Lengyel,<\/b>\u00a0\u00a0\u00a0<b><a href=\"http:\/\/www.mkoe.hu\/\" target=\"_blank\">www.mkoe.hu<\/a><\/b><\/li>\n<\/ul>\n<p>Die Mitglieder der jeweiligen nationalen Verb\u00e4nde haben die M\u00f6glichkeit, sich bei fachlichen Fragen eines der Partnerl\u00e4nder betreffend an den dort ans\u00e4ssigen Verband zu wenden, und so eine erste Auskunft bzw. die Vermittlung einer zust\u00e4ndigen Kontaktstelle zu erhalten.<\/p>\n<p>F\u00fcr die Zukunft sind weitere Kontaktaufnahmen mit anderen nationalen Verb\u00e4nden geplant, um f\u00fcr den europ\u00e4ischen Dachverband zu werben.<\/p>\n<p>Die EMAA hat sich zur Aufgabe gestellt, nach dem Grundsatz der Freiwilligkeit und unter Ausschluss parteipolitischer Gesichtspunkte die Interessen der diplomierten Buchhalter, Bilanzbuchhalter und\/oder Controller zu f\u00f6rdern, und deren Zusammenarbeit in Europa zu verst\u00e4rken.<\/p>\n<p>Dieser Zweck wird durch Veranstaltungen und Ver\u00f6ffentlichungen erreicht, die entweder vom Verband selbst auf europ\u00e4ischer Ebene oder von den Mitgliedsverb\u00e4nden auf nationaler oder internationaler Ebene durchgef\u00fchrt werden und an der jedes Mitglied eines jeden Mitgliedsverbandes teilnehmen bzw. an deren Ergebnissen nutzbringend teilhaben kann.<\/p>\n<p>Dies beinhaltet z.B. auch die gegenseitige Anerkennung der entsprechenden, nationalen Instanzen der Wirtschaft und\/oder Verwaltungsbeh\u00f6rden im eigenen Land. Unser Dachverband hat sich zum Ziel gesetzt, ein Raster f\u00fcr ein europ\u00e4isches Berufsbild f\u00fcr Bilanzbuchhalter und Controller zu erarbeiten. Au\u00dferdem wird sich die EMAA f\u00fcr eine Harmonisierung der nationalen Ausbildungs- und Pr\u00fcfungsvorschriften bez\u00fcglich des Erwerbs der betreffenden Zeugnisse und\/oder Diplome einsetzen.<\/p>\n<p>Eine weitere Interessenvertretung der Mitglieder wird der Verband durch Mitgliedschaft in anderen europ\u00e4ischen Organisationen anstreben, um das dort bereits vorhandene Know How zu nutzen.<\/p>\n","protected":false},"excerpt":{"rendered":"<p>Ein Kurzportrait des Verbandes Die\u00a0Ausdehnung des Europ\u00e4ischen Binnenmarktes sowie die Neuausrichtung aller L\u00e4nder in Europa ver\u00e4ndern das Berufs- und Dienstleistungsumfeld der Certified Accountants, diplomierten Buchhalter, Bilanzbuchhalter und Controller. Da sich die wirtschaftlichen und berufspolitischen Interessen dieser Berufsgruppen durch Kr\u00e4fteb\u00fcndelung innerhalb eines europ\u00e4ischen Dachverbandes wesentlich besser koordinieren lassen, wurde 1994 die European Management Accountants Association (EMAA), [&hellip;]<\/p>\n","protected":false},"author":1,"featured_media":0,"parent":661,"menu_order":0,"comment_status":"closed","ping_status":"closed","template":"","meta":{"footnotes":""},"class_list":["post-660","page","type-page","status-publish","hentry"],"_links":{"self":[{"href":"https:\/\/emaa.de\/index.php?rest_route=\/wp\/v2\/pages\/660","targetHints":{"allow":["GET"]}}],"collection":[{"href":"https:\/\/emaa.de\/index.php?rest_route=\/wp\/v2\/pages"}],"about":[{"href":"https:\/\/emaa.de\/index.php?rest_route=\/wp\/v2\/types\/page"}],"author":[{"embeddable":true,"href":"https:\/\/emaa.de\/index.php?rest_route=\/wp\/v2\/users\/1"}],"replies":[{"embeddable":true,"href":"https:\/\/emaa.de\/index.php?rest_route=%2Fwp%2Fv2%2Fcomments&post=660"}],"version-history":[{"count":2,"href":"https:\/\/emaa.de\/index.php?rest_route=\/wp\/v2\/pages\/660\/revisions"}],"predecessor-version":[{"id":664,"href":"https:\/\/emaa.de\/index.php?rest_route=\/wp\/v2\/pages\/660\/revisions\/664"}],"up":[{"embeddable":true,"href":"https:\/\/emaa.de\/index.php?rest_route=\/wp\/v2\/pages\/661"}],"wp:attachment":[{"href":"https:\/\/emaa.de\/index.php?rest_route=%2Fwp%2Fv2%2Fmedia&parent=660"}],"curies":[{"name":"wp","href":"https:\/\/api.w.org\/{rel}","templated":true}]}}