{"id":674,"date":"2015-02-03T23:23:28","date_gmt":"2015-02-03T22:23:28","guid":{"rendered":"http:\/\/emaa.de\/?page_id=674"},"modified":"2018-09-10T12:23:02","modified_gmt":"2018-09-10T11:23:02","slug":"verband-im-ueberblick","status":"publish","type":"page","link":"https:\/\/emaa.de\/?page_id=674","title":{"rendered":"Verband im \u00dcberblick"},"content":{"rendered":"<h2>Tabellarischer \u00dcberblick<\/h2>\n<table class=\"colored\" cellspacing=\"1\">\n<tbody>\n<tr>\n<th>Pr\u00e4sident<\/th>\n<td>Uwe J\u00fcttner, EMA, Malsch, D<\/td>\n<\/tr>\n<tr>\n<th>Vizepr\u00e4sidenten<\/th>\n<td>&nbsp;<\/p>\n<p>Gerhard Peirhofer, AT\u00a0\u00a0\u00a0 Christel Fries, D\u00a0\u00a0\u00a0\u00a0 Tibor Lengyel,<span lang=\"EN-GB\">\u00a0HU<\/span><\/td>\n<\/tr>\n<tr>\n<th>Gr\u00fcndungsdatum<\/th>\n<td>12.\u00a0November 1994 in Wien<\/td>\n<\/tr>\n<tr>\n<th>Mitgliederzahl<\/th>\n<td>Drei Verb\u00e4nde (BVBC, B\u00d6B und MKOE)\u00a0und weitere enge Zusammenarbeit mit der VEB, Schweiz und der Svaz Ucetnich, Tschechien<\/td>\n<\/tr>\n<tr>\n<th>Verbandsmitglieder<\/th>\n<td>176.000 gepr\u00fcfte Buchhalter\/Bilanzbuchhalter(innen) und Controller(innen)<\/td>\n<\/tr>\n<tr>\n<th>Wissenschaftlicher Berater<\/th>\n<td valign=\"top\" width=\"75%\">Wirtschaftsprofessoren aus der europ\u00e4ischen Wissenschaft<\/td>\n<\/tr>\n<tr>\n<th>F\u00f6rderer<\/th>\n<td><a href=\"\/?cat=7\">\u00dcbersicht<\/a><\/td>\n<\/tr>\n<\/tbody>\n<\/table>\n<p>&nbsp;<\/p>\n","protected":false},"excerpt":{"rendered":"<p>Tabellarischer \u00dcberblick Pr\u00e4sident Uwe J\u00fcttner, EMA, Malsch, D Vizepr\u00e4sidenten &nbsp; Gerhard Peirhofer, AT\u00a0\u00a0\u00a0 Christel Fries, D\u00a0\u00a0\u00a0\u00a0 Tibor Lengyel,\u00a0HU Gr\u00fcndungsdatum 12.\u00a0November 1994 in Wien Mitgliederzahl Drei Verb\u00e4nde (BVBC, B\u00d6B und MKOE)\u00a0und weitere enge Zusammenarbeit mit der VEB, Schweiz und der Svaz Ucetnich, Tschechien Verbandsmitglieder 176.000 gepr\u00fcfte Buchhalter\/Bilanzbuchhalter(innen) und Controller(innen) Wissenschaftlicher Berater Wirtschaftsprofessoren aus der europ\u00e4ischen Wissenschaft [&hellip;]<\/p>\n","protected":false},"author":1,"featured_media":0,"parent":661,"menu_order":0,"comment_status":"closed","ping_status":"closed","template":"","meta":{"footnotes":""},"class_list":["post-674","page","type-page","status-publish","hentry"],"_links":{"self":[{"href":"https:\/\/emaa.de\/index.php?rest_route=\/wp\/v2\/pages\/674","targetHints":{"allow":["GET"]}}],"collection":[{"href":"https:\/\/emaa.de\/index.php?rest_route=\/wp\/v2\/pages"}],"about":[{"href":"https:\/\/emaa.de\/index.php?rest_route=\/wp\/v2\/types\/page"}],"author":[{"embeddable":true,"href":"https:\/\/emaa.de\/index.php?rest_route=\/wp\/v2\/users\/1"}],"replies":[{"embeddable":true,"href":"https:\/\/emaa.de\/index.php?rest_route=%2Fwp%2Fv2%2Fcomments&post=674"}],"version-history":[{"count":5,"href":"https:\/\/emaa.de\/index.php?rest_route=\/wp\/v2\/pages\/674\/revisions"}],"predecessor-version":[{"id":2914,"href":"https:\/\/emaa.de\/index.php?rest_route=\/wp\/v2\/pages\/674\/revisions\/2914"}],"up":[{"embeddable":true,"href":"https:\/\/emaa.de\/index.php?rest_route=\/wp\/v2\/pages\/661"}],"wp:attachment":[{"href":"https:\/\/emaa.de\/index.php?rest_route=%2Fwp%2Fv2%2Fmedia&parent=674"}],"curies":[{"name":"wp","href":"https:\/\/api.w.org\/{rel}","templated":true}]}}