{"id":69,"date":"2015-01-13T22:54:05","date_gmt":"2015-01-13T21:54:05","guid":{"rendered":"http:\/\/www.emaa.de\/?page_id=69"},"modified":"2015-03-16T01:06:35","modified_gmt":"2015-03-16T00:06:35","slug":"bvbc","status":"publish","type":"page","link":"https:\/\/emaa.de\/?page_id=69","title":{"rendered":"BVBC Pr\u00e4sidium"},"content":{"rendered":"<p><strong>Der BVBC hat eine neue Pr\u00e4sidentin. Christel Fries aus Montabaur wurde bei der Mitgliederversammlung des Verbands am 17. Mai 2014 in Bad Soden von rund 90 Prozent der Anwesenden gew\u00e4hlt.<\/strong><\/p>\n<p>Drei weitere Personen wurden ebenfalls mit gro\u00dfen Mehrheiten im bisherigen Pr\u00e4sidium best\u00e4tigt: Axel Uhrmacher aus Burgen (Mosel) und Rainer F\u00f6llmer aus Bremen als Vizepr\u00e4sidenten sowie Angelika Hilgers aus Remscheid als Schatzmeisterin.<\/p>\n<p>Neu in der F\u00fchrungsriege des BVBC sind Uta-Martina J\u00fcssen aus Troisdorf und Heiko Gomer aus Eppingen. Auch sie wurden mit hoher Zustimmung der Mitglieder gew\u00e4hlt und fungieren als Beisitzer im Pr\u00e4sidium.<\/p>\n<p>Das neue Spitzengremium f\u00fchrt den BVBC bis zur Mitgliederversammlung 2015. Dann stehen die offiziellen Neuwahlen f\u00fcr die n\u00e4chste Amtsperiode von 2015 bis 2018 auf der Tagesordnung. Eindeutige Mehrheiten gab es in Bad Soden unter anderem auch f\u00fcr den Jahresabschluss 2013 und Haushaltsplan 2014. Wir w\u00fcnschen dem neuen Pr\u00e4sidium viel Erfolg und freuen uns auf die Zusammenarbeit.<\/p>\n<p>Dem neuen Pr\u00e4sidium geh\u00f6ren an:<\/p>\n<table border=\"0\" cellspacing=\"0\" cellpadding=\"0\">\n<tbody>\n<tr>\n<td valign=\"top\" width=\"400\"><b>Pr\u00e4sidentin<\/b><\/td>\n<td valign=\"top\" width=\"400\"><b>Christel Fries<\/b><\/td>\n<\/tr>\n<tr>\n<td valign=\"top\" width=\"400\"><b>Vizepr\u00e4sident<\/b><\/td>\n<td valign=\"top\" width=\"400\"><b>Rainer F\u00f6llmer<\/b><\/td>\n<\/tr>\n<tr>\n<td valign=\"top\" width=\"400\"><\/td>\n<td valign=\"top\" width=\"400\"><\/td>\n<\/tr>\n<tr>\n<td valign=\"top\" width=\"400\"><b>Schatzmeisterin<\/b><\/td>\n<td valign=\"top\" width=\"400\"><b>Angelika Hilgers<\/b><\/td>\n<\/tr>\n<tr>\n<td valign=\"top\" width=\"400\"><b>Beisitzer<\/b><\/td>\n<td valign=\"top\" width=\"400\"><b>Heiko Gomer<\/b><\/td>\n<\/tr>\n<tr>\n<td valign=\"top\" width=\"400\"><b>Beisitzerin<\/b><\/td>\n<td valign=\"top\" width=\"400\"><b>Uta-Martina J\u00fcssen<\/b><\/td>\n<\/tr>\n<\/tbody>\n<\/table>\n<p>&nbsp;<\/p>\n","protected":false},"excerpt":{"rendered":"<p>Der BVBC hat eine neue Pr\u00e4sidentin. Christel Fries aus Montabaur wurde bei der Mitgliederversammlung des Verbands am 17. Mai 2014 in Bad Soden von rund 90 Prozent der Anwesenden gew\u00e4hlt. Drei weitere Personen wurden ebenfalls mit gro\u00dfen Mehrheiten im bisherigen Pr\u00e4sidium best\u00e4tigt: Axel Uhrmacher aus Burgen (Mosel) und Rainer F\u00f6llmer aus Bremen als Vizepr\u00e4sidenten sowie [&hellip;]<\/p>\n","protected":false},"author":1,"featured_media":0,"parent":66,"menu_order":0,"comment_status":"closed","ping_status":"closed","template":"","meta":{"footnotes":""},"class_list":["post-69","page","type-page","status-publish","hentry"],"_links":{"self":[{"href":"https:\/\/emaa.de\/index.php?rest_route=\/wp\/v2\/pages\/69","targetHints":{"allow":["GET"]}}],"collection":[{"href":"https:\/\/emaa.de\/index.php?rest_route=\/wp\/v2\/pages"}],"about":[{"href":"https:\/\/emaa.de\/index.php?rest_route=\/wp\/v2\/types\/page"}],"author":[{"embeddable":true,"href":"https:\/\/emaa.de\/index.php?rest_route=\/wp\/v2\/users\/1"}],"replies":[{"embeddable":true,"href":"https:\/\/emaa.de\/index.php?rest_route=%2Fwp%2Fv2%2Fcomments&post=69"}],"version-history":[{"count":4,"href":"https:\/\/emaa.de\/index.php?rest_route=\/wp\/v2\/pages\/69\/revisions"}],"predecessor-version":[{"id":2004,"href":"https:\/\/emaa.de\/index.php?rest_route=\/wp\/v2\/pages\/69\/revisions\/2004"}],"up":[{"embeddable":true,"href":"https:\/\/emaa.de\/index.php?rest_route=\/wp\/v2\/pages\/66"}],"wp:attachment":[{"href":"https:\/\/emaa.de\/index.php?rest_route=%2Fwp%2Fv2%2Fmedia&parent=69"}],"curies":[{"name":"wp","href":"https:\/\/api.w.org\/{rel}","templated":true}]}}