{"id":71,"date":"2015-01-13T22:54:42","date_gmt":"2015-01-13T21:54:42","guid":{"rendered":"http:\/\/www.emaa.de\/?page_id=71"},"modified":"2015-04-02T12:29:45","modified_gmt":"2015-04-02T11:29:45","slug":"bvbc-international-officer","status":"publish","type":"page","link":"https:\/\/emaa.de\/?page_id=71","title":{"rendered":"BVBC International Officer"},"content":{"rendered":"<p><em>BVBC International Officer: N.N.<\/em><\/p>\n<h2>Der International Officer (IO) in der EMAA<\/h2>\n<h3>Aufgaben die erweiterbar sind:<\/h3>\n<h4>Hauptaufgaben:<\/h4>\n<p>Schnittstelle zum nationalen Bundes- (Dach-) Verband und der EMAA<\/p>\n<p>Schnittstelle zwischen nationalen Bundes- (Dach-) Verband zur Recherche nationaler W\u00fcnsche\/Vorschl\u00e4gen\/Ideen welche Europa betreffen und der EMAA zur Pr\u00fcfung\/Umsetzung vorgeschlagen werden<\/p>\n<p>Repr\u00e4sentation des eigenen nationalen Verbandes in der EMAA<\/p>\n<p>Anbahnung, Aufbau und Betreuung von Kooperationspartnern<\/p>\n<p>Akquisition von nationalen F\u00f6rdermitgliedern und Kontaktpflege<\/p>\n<p>Unterst\u00fctzung bei Satzungs\u00e4nderungen<\/p>\n<p>Pr\u00e4senz vor Ort im eigenen Land, w\u00e4hrend z. B. Europaseminaren, Tagungen und weiteren Anl\u00e4ssen<\/p>\n<h4>Nebenaufgaben:<\/h4>\n<p>berufsbezogene internationale Vorg\u00e4nge im Land zentral inhaltlich zu recherchieren und Antworten zu den gestellten Anfragen<br \/>\nvorbereiten<\/p>\n<p>Unterst\u00fctzung des EMAA-Pr\u00e4sidiums zur Kontaktaufnahme mit<br \/>\nangrenzenden Nachbarl\u00e4ndern, mit der Zielsetzung, ein neues EMAA-Mitglied zu akquirieren<\/p>\n<p>Unterst\u00fctzung des EMAA-Pr\u00e4sidiums zur Erstellung einer<br \/>\nl\u00e4nder\u00fcbergreifenden Gehaltsanalyse<\/p>\n<p>&nbsp;<\/p>\n","protected":false},"excerpt":{"rendered":"<p>BVBC International Officer: N.N. Der International Officer (IO) in der EMAA Aufgaben die erweiterbar sind: Hauptaufgaben: Schnittstelle zum nationalen Bundes- (Dach-) Verband und der EMAA Schnittstelle zwischen nationalen Bundes- (Dach-) Verband zur Recherche nationaler W\u00fcnsche\/Vorschl\u00e4gen\/Ideen welche Europa betreffen und der EMAA zur Pr\u00fcfung\/Umsetzung vorgeschlagen werden Repr\u00e4sentation des eigenen nationalen Verbandes in der EMAA Anbahnung, Aufbau [&hellip;]<\/p>\n","protected":false},"author":1,"featured_media":0,"parent":66,"menu_order":0,"comment_status":"closed","ping_status":"closed","template":"","meta":{"footnotes":""},"class_list":["post-71","page","type-page","status-publish","hentry"],"_links":{"self":[{"href":"https:\/\/emaa.de\/index.php?rest_route=\/wp\/v2\/pages\/71","targetHints":{"allow":["GET"]}}],"collection":[{"href":"https:\/\/emaa.de\/index.php?rest_route=\/wp\/v2\/pages"}],"about":[{"href":"https:\/\/emaa.de\/index.php?rest_route=\/wp\/v2\/types\/page"}],"author":[{"embeddable":true,"href":"https:\/\/emaa.de\/index.php?rest_route=\/wp\/v2\/users\/1"}],"replies":[{"embeddable":true,"href":"https:\/\/emaa.de\/index.php?rest_route=%2Fwp%2Fv2%2Fcomments&post=71"}],"version-history":[{"count":3,"href":"https:\/\/emaa.de\/index.php?rest_route=\/wp\/v2\/pages\/71\/revisions"}],"predecessor-version":[{"id":2008,"href":"https:\/\/emaa.de\/index.php?rest_route=\/wp\/v2\/pages\/71\/revisions\/2008"}],"up":[{"embeddable":true,"href":"https:\/\/emaa.de\/index.php?rest_route=\/wp\/v2\/pages\/66"}],"wp:attachment":[{"href":"https:\/\/emaa.de\/index.php?rest_route=%2Fwp%2Fv2%2Fmedia&parent=71"}],"curies":[{"name":"wp","href":"https:\/\/api.w.org\/{rel}","templated":true}]}}