{"id":96,"date":"2015-01-13T23:26:41","date_gmt":"2015-01-13T22:26:41","guid":{"rendered":"http:\/\/www.emaa.de\/?page_id=96"},"modified":"2015-02-04T00:48:06","modified_gmt":"2015-02-03T23:48:06","slug":"zertifizierung","status":"publish","type":"page","link":"https:\/\/emaa.de\/?page_id=96","title":{"rendered":"Zertifizierung"},"content":{"rendered":"<h2>Zertifizierung der Bilanzbuchhalter-Zeugnisse<\/h2>\n<p><a href=\"http:\/\/emaa.de\/wp-878ef-content\/uploads\/2015\/01\/Wien4c_rgb.jpeg\"><img loading=\"lazy\" decoding=\"async\" class=\"alignnone size-full wp-image-617\" src=\"http:\/\/emaa.de\/wp-878ef-content\/uploads\/2015\/01\/Wien4c_rgb.jpeg\" alt=\"Wien4c_rgb\" width=\"80\" height=\"99\" \/><\/a><\/p>\n<p><strong>PRESSEMITTEILUNG<\/strong><\/p>\n<h3><strong>Ein Schritt ins neue Europa<\/strong><\/h3>\n<p><strong>EMAA schlie\u00dft Zertifizierungsvereinbarung f\u00fcr Bilanzbuchhalter mit WIFI \u00d6sterreich (WIFI = Wirtschaftsf\u00f6rderungsinstitut) ab<\/strong><\/p>\n<p>Die European Management Accountants Association (EMAA) Vereinigung der europ\u00e4ischen Bilanzbuchhalter hat eine Zertifizierungsvereinbarung mit dem WIFI \u00d6sterreich abgeschlossen. Ab sofort gelten die in \u00d6sterreich erworbenen Zeugnisse und Diplome f\u00fcr European Management Accountants<strong>\u00ae\u00a0<\/strong>\u00a0(Bilanzbuchhalter) auch in Deutschland, der Schweiz und in Tschechien.<\/p>\n<p>\u201eDas ist ein wichtiger Schritt in eine allgemeine Anerkennung von erworbenen Diplomen in mehreren L\u00e4ndern&#8220; meint EMAA Pr\u00e4sident Udo Binias. Unternehmen befinden sich im globalen Wettbewerb und sind mobiler geworden, ebenso wie Arbeitnehmer. Deshalb ist es wichtig, dass erworbene F\u00e4higkeiten und Abschl\u00fcsse auch international anerkannt werden. &#8222;Eine langj\u00e4hrige Zielsetzung der EMAA ist damit Realit\u00e4t geworden\u201c, freut sich Udo Binias. In dieselbe Kerbe schl\u00e4gt auch Dr. Michael Landertshammer, Leiter des WIFI \u00d6sterreich. Die WIFIs (<a href=\"http:\/\/www.wifi.at\/\" target=\"_blank\">www.wifi.at<\/a>) sind die Ausbildungsst\u00e4tten der WK\u00d6 (Wirtschaftskammer \u00d6sterreich) vor allem f\u00fcr Personen, die schon im Beruf stehen.<\/p>\n<p>Das \u00dcbereinkommen mit den WIFIs sieht vor, dass Zeugnisse und Abschl\u00fcsse, die \u00f6sterreichische Bilanzbuchhalter in den WIFIs erworben haben, ab sofort auch in den L\u00e4ndern Tschechien, Deutschland und der Schweiz gelten. &#8222;Bilanzbuchhalter k\u00f6nnen ohne Erwerb von Zusatzqualifikationen oder Pr\u00fcfungen in diesen L\u00e4ndern t\u00e4tig sein. Damit unterst\u00fctzen wir auch \u00f6sterreichische Arbeitnehmer und Unternehmen, die im Ausland t\u00e4tig werden wollen oder Niederlassungen haben\u201c, betont Dietfried Dinhobel, International Officer der EMAA f\u00fcr \u00d6sterreich.<\/p>\n<p>Die EMAA, mit Sitz in Bonn, Deutschland, ist seit \u00fcber zehn Jahren bereits im Ausland und global aktiv und ist heute ein renommierter Ansprechpartner in der Unterst\u00fctzung f\u00fcr berufliche Weiterbildung, Diplomanerkennung und internationalen Erfahrungsaustausch.<\/p>\n<p>Die Vereinbarung mit den WIFIs ist ein erster Schritt. &#8222;Wir versuchen\u201c, so Udo Binias, &#8222;\u00e4hnliche Kooperationen auch mit anderen nationalen und internationalen Institutionen und Interessenvertretungen zu finalisieren.\u201c<\/p>\n<p>Die EMAA ist in den L\u00e4ndern \u00d6sterreich, Deutschland, Schweiz und Tschechien mit rund 22.000 Mitgliedern im europ\u00e4ischen Markt vertreten.<br \/>\n&#8212;&#8212;&#8212;&#8212;&#8212;&#8212;&#8212;&#8212;&#8212;&#8212;<\/p>\n<h2><strong>WAS IST DAS WIFI BILANZBUCHHALTERZEUGNIS IM <\/strong><strong>EU RAUM\u00a0WERT?<\/strong><\/h2>\n<p>Nach, langen, z\u00e4hen Verhandlungen mit dem WIFI \u00d6sterreich (Dr. Michael Landertshammer, Mag. Hannes Knett, Frau Karin Soukal) konnte ich alle Beteiligten davon \u00fcberzeugen, dass das sehr gute WIFI &#8211; Bilanzbuchhalterzeugnis au\u00dferhalb \u00d6sterreichs aufgewertet werden muss. Die EMAA (European Management Accountants Association) ist daf\u00fcr der richtige Partner. Die EMAA ist der Dachverband der Bilanzbuchhalterverb\u00e4nde von Deutschland, der Schweiz, Tschechien und \u00d6sterreich.<\/p>\n<p>Am 20. Dezember 2004 wurde in der WK\u00d6 in Wien der Partnerschaftsvertrag unterzeichnet. Die EMAA anerkennt damit das Zeugnis international und die WIFIs d\u00fcrfen daf\u00fcr den Namen EMA (European Management Accountant) gemeinsam mit dem EMAA LOGO im Zusammenhang mit der Bewerbung der Bilanzbuchhalterlehrg\u00e4nge und, das ist wesentlich, auf den Bilanzbuchhalterzeugnissen verwenden.<\/p>\n<p>Ein wichtiger Punkt in den Verhandlungen war auch die Pr\u00e4sentation der Ausbildung und des Zeugnisses im nicht deutschsprachigen Ausland. Es war nicht m\u00f6glich, ein Zeugnis in Englisch oder eine Pr\u00fcfungsordnung in Englisch vorzulegen. Das ist vorbei. <strong>Es gibt die Pr\u00fcfungsordnung und auch das Zeugnis in Englisch. <\/strong>Die Pr\u00e4ambel zur Partnerschaftsvereinbarung sagt unter anderem: <strong>Die Partner w\u00fcnschen gemeinsam die Anerkennung der WIFI Bilanzbuchhalter-Zeugnisse in Europa kurzfristig herbeizuf\u00fchren.<\/strong><\/p>\n<p>Dies soll zun\u00e4chst einmal die Anerkennung im deutschsprachigen Raum, d.h. in der Schweiz und in Deutschland sein, sp\u00e4ter auch in den anderen EU L\u00e4ndern. Die Partner\u00a0 werden sich in allen diesen Arbeiten gegenseitig unterst\u00fctzen und schnellstm\u00f6glich behilflich sein.\u00a0 Die Zeugnisse (mit Ausbildungsinhalten) der WIFI Bilanzbuchhalterpr\u00fcfung und die Pr\u00fcfungsordnung zur WIFI Bilanzbuchhalterausbildung sind zus\u00e4tzlich in englischer Sprache verf\u00fcgbar.<\/p>\n<p>Um in diese Zusammenarbeit, wegweisende Akzente zur europ\u00e4ischen Anerkennung von Bilanzbuchhalter Diplomen zu setzen, sollen auch der Bundesverband der \u00f6sterreichischen Bilanzbuchhalter (B\u00d6B) und seine angeschlossenen Landesverb\u00e4nde (Klubs) eingebunden werden.<\/p>\n<h2><strong>Was bringt Ihnen, als gepr\u00fcfte Bilanzbuchhalter, diese Partnerschaftsvereinbarung f\u00fcr Vorteile?<\/strong><\/h2>\n<p>Wenn Sie nur in \u00d6sterreich arbeiten, bei einer \u00f6sterreichischen Firma, nicht sehr viel. Wenn Sie jedoch Ihre Bewerbung bei einer ausl\u00e4ndischen Firma\/Konzern in \u00d6sterreich abgeben oder \u00fcberhaupt zuk\u00fcnftig im Ausland arbeiten m\u00f6chten, sehr viel. Wenn die Firma nicht deutschsprachig ist, mussten Sie Ihre Bewerbung sowieso in Englisch abgeben. Und der Rest? Bisher konnten Sie nur ihr deutschsprachiges Zeugnis vorlegen mit Informationen \u00fcber ihre Pr\u00fcfungsgegenst\u00e4nde. Jetzt haben Sie auch die M\u00f6glichkeit, Ihr Zeugnis und die dazugeh\u00f6rige Pr\u00fcfungsordnung in Englisch vorzulegen.<\/p>\n<h2><strong>Wie kommen Sie zu einem Zeugnis in Englisch?<\/strong><\/h2>\n<p>Nehmen Sie telefonisch Kontakt mit dem WIFI auf, wo Sie Ihre Pr\u00fcfung gemacht haben. Am besten faxen Sie dann Ihr Zeugnis. Sie sollten Ihr Zeugnis dann in Englisch erhalten. Seien aber noch etwas geduldig. F\u00fcr die WIFIs ist das so neu, sie haben die Informationen vom WIFI \u00d6sterreich wie sie das englischsprachige Zeugnis gestalten sollen, m\u00fcssen das aber selbst \u201ebasteln\u201c, denn jedes Landes-WIFI kreiert ihr Zeugnis. Kosten, au\u00dfer Ihrer Zeit,\u00a0 entstehen keine. Bedenken Sie aber bitte, dass die gegenw\u00e4rtige \u00dcbersetzung der Pr\u00fcfungsgegenst\u00e4nde sich auf die Pr\u00fcfungsordnung vom Februar 2004 bezieht. Ich habe die Pr\u00fcfung 1972 gemacht, da gab es z.B. noch keine Mehrwertsteuer und die EDV steckte in den Kinderschuhen. Wenn Ihre Pr\u00fcfung l\u00e4nger zur\u00fcckliegt, muss die R\u00fcckseite des Zeugnisses gem\u00e4\u00df der damaligen Pr\u00fcfungsordnung \u00fcbersetzt werden. Die Kosten f\u00fcr diese \u00dcbersetzung werden nicht vom WIFI getragen.<\/p>\n<h2><strong>Wie kommen Sie zu einer englischen Fassung der Pr\u00fcfungsordnung?<\/strong><\/h2>\n<p>Schreiben Sie mir eine E-Mail, ich schicke sie Ihnen gerne zu. <a>dietfried.dinhobel@chello.at<\/a><\/p>\n<h2><strong>Welchen Vorteil haben die \u00f6sterreichischen Bilanzbuchhalterklubs?<\/strong><\/h2>\n<p>Nat\u00fcrlich hat die EMAA auch versucht durch diese Partnerschaftsvereinbarung die Beziehungen Klub \u2013 WIFI zu verbessern. In den meisten Bundesl\u00e4ndern klappt sie ja ganz gut. Jetzt ist aber festgeschrieben, dass die Klubs die M\u00f6glichkeit haben bei den j\u00e4hrlich stattfindenden Pr\u00fcfungen und Zeugnis\u00fcbergaben und \u00e4hnlichen Veranstaltungen einen Vortrag \u00fcber ihren Klub zu halten und dadurch Mitglieder zu werben. Weiters ist es m\u00f6glich, Bildungsveranstaltungen gemeinsam mit den WIFIs durchzuf\u00fchren.<\/p>\n<p>In \u00d6sterreich und Deutschland wurden auch Presseaussendungen gemacht. Ausz\u00fcge davon:<\/p>\n<p>WK\u00d6 (Wirtschaftskammer \u00d6sterreich)<\/p>\n<p><strong>Das WIFI \u00d6sterreich hat eine Zertifizierungs\u00advereinbarung mit der EMAA, der Vereinigung der europ\u00e4ischen Bilanzbuchhalter abgeschlossen. Ab sofort gelten die in \u00d6sterreich erworbenen Zeugnisse und Diplome f\u00fcr Bilanzbuchhalter auch in Deutschland, der Schweiz und in Tschechien.<\/strong><\/p>\n<p>\u201eDas ist ein wichtiger Schritt in eine allgemeine Anerkennung von erworbenen Diplomen in mehreren L\u00e4ndern. Unternehmen befinden sich im globalen Wettbewerb und sind mobiler geworden, ebenso wie Arbeitnehmer. Deshalb ist es wichtig, dass erworbene F\u00e4higkeiten und Abschl\u00fcsse auch international anerkannt werden. Eine langj\u00e4hrige Forderung des WIFI ist damit Realit\u00e4t geworden\u201c, freut sich Dr. Michael Landertshammer, Leiter des WIFI \u00d6sterreich.<\/p>\n<p>Das \u00dcbereinkommen mit der EMAA (European Management Accountants Association) sieht vor, dass Zeugnisse und Abschl\u00fcsse, die \u00f6sterreichische Bilanzbuchhalter in den WIFIs erworben haben, ab sofort auch in den L\u00e4ndern Tschechien, Deutschland und der Schweiz gelten. \u201eBilanzbuchhalter k\u00f6nnen ohne Erwerb von Zusatzqualifikationen oder Pr\u00fcfungen in diesen L\u00e4ndern t\u00e4tig sein. Damit unterst\u00fctzen wir auch \u00f6sterreichische Unternehmen, die im Ausland Niederlassungen haben oder Gesch\u00e4ftsstellen betreiben\u201c, betont Karin Soukal, WIFI-Produktmanagerin f\u00fcr Betriebswirtschaft.<\/p>\n<p>Die Pressemitteilung wurde in folgenden Zeitungen abgedruckt: Krone, Kurier, Standard, Presse.<\/p>\n<p>EMAA, f\u00fcr die deutsche Presse, schreibt \u00e4hnlich wie die WK\u00d6.<\/p>\n<p><strong>\u201eEine langj\u00e4hrige Zielsetzung der EMAA ist damit Realit\u00e4t geworden\u201c, freut sich Udo Binias, Pr\u00e4sident der EMAA.<\/strong><\/p>\n<p><strong>Die EMAA, mit Sitz in Bonn, Deutschland, ist seit \u00fcber zehn Jahren bereits im Ausland und global aktiv und ist heute ein renommierter Ansprechpartner in der Unterst\u00fctzung f\u00fcr berufliche Weiterbildung, Diplomanerkennung und internationalen Erfahrungsaustausch.<\/strong><\/p>\n<p><strong>Die Vereinbarung mit den WIFIs ist ein erster Schritt. \u201eWir versuchen\u201c, so Udo Binias, \u201e\u00e4hnliche Kooperationen auch mit anderen nationalen und internationalen Institutionen und Interessenvertretungen zu finalisieren.\u201c<\/strong><\/p>\n<p><strong>Die EMAA ist mit\u00a0drei Mitgliedsl\u00e4ndern und rund 22.000 Mitgliedern im europ\u00e4ischen Markt vertreten.<\/strong><\/p>\n<p>Abschlie\u00dfend m\u00f6chte ich betonen, dass die Zusammenarbeit mit dem WIFI \u00d6sterreich der WK\u00d6 ganz hervorragend geklappt hat und auf einer amicalen Basis durchgef\u00fchrt wurde. Es ist trotzdem noch viel zu tun, aber der erste Schritt ist gesetzt.<\/p>\n<p>Dietfried K. Dinhobel, Dez. 2005<\/p>\n<p>International Officer der EMAA<\/p>\n<p><a href=\"mailto:dietfried.dinhobel@chello.at\">dietfried.dinhobel@chello.at<\/a><\/p>\n<p><a href=\"\/\" target=\"_blank\">www.emaa.de<\/a> <a href=\"http:\/\/www.wibico.at\/\" target=\"_blank\">www.wibico.at<\/a> <a href=\"http:\/\/www.boeb.at\/\" target=\"_blank\">www.boeb.at<\/a><\/p>\n","protected":false},"excerpt":{"rendered":"<p>Zertifizierung der Bilanzbuchhalter-Zeugnisse PRESSEMITTEILUNG Ein Schritt ins neue Europa EMAA schlie\u00dft Zertifizierungsvereinbarung f\u00fcr Bilanzbuchhalter mit WIFI \u00d6sterreich (WIFI = Wirtschaftsf\u00f6rderungsinstitut) ab Die European Management Accountants Association (EMAA) Vereinigung der europ\u00e4ischen Bilanzbuchhalter hat eine Zertifizierungsvereinbarung mit dem WIFI \u00d6sterreich abgeschlossen. Ab sofort gelten die in \u00d6sterreich erworbenen Zeugnisse und Diplome f\u00fcr European Management Accountants\u00ae\u00a0\u00a0(Bilanzbuchhalter) auch in [&hellip;]<\/p>\n","protected":false},"author":1,"featured_media":0,"parent":77,"menu_order":0,"comment_status":"closed","ping_status":"closed","template":"","meta":{"footnotes":""},"class_list":["post-96","page","type-page","status-publish","hentry"],"_links":{"self":[{"href":"https:\/\/emaa.de\/index.php?rest_route=\/wp\/v2\/pages\/96","targetHints":{"allow":["GET"]}}],"collection":[{"href":"https:\/\/emaa.de\/index.php?rest_route=\/wp\/v2\/pages"}],"about":[{"href":"https:\/\/emaa.de\/index.php?rest_route=\/wp\/v2\/types\/page"}],"author":[{"embeddable":true,"href":"https:\/\/emaa.de\/index.php?rest_route=\/wp\/v2\/users\/1"}],"replies":[{"embeddable":true,"href":"https:\/\/emaa.de\/index.php?rest_route=%2Fwp%2Fv2%2Fcomments&post=96"}],"version-history":[{"count":4,"href":"https:\/\/emaa.de\/index.php?rest_route=\/wp\/v2\/pages\/96\/revisions"}],"predecessor-version":[{"id":705,"href":"https:\/\/emaa.de\/index.php?rest_route=\/wp\/v2\/pages\/96\/revisions\/705"}],"up":[{"embeddable":true,"href":"https:\/\/emaa.de\/index.php?rest_route=\/wp\/v2\/pages\/77"}],"wp:attachment":[{"href":"https:\/\/emaa.de\/index.php?rest_route=%2Fwp%2Fv2%2Fmedia&parent=96"}],"curies":[{"name":"wp","href":"https:\/\/api.w.org\/{rel}","templated":true}]}}